{"id":5369,"date":"2026-02-12T18:20:39","date_gmt":"2026-02-12T11:20:39","guid":{"rendered":"https:\/\/goodfood.com.vn\/?post_type=product&#038;p=5369"},"modified":"2026-02-12T18:20:39","modified_gmt":"2026-02-12T11:20:39","slug":"sauce-venezia-huong-caramel-vi-man-2l","status":"publish","type":"product","link":"https:\/\/goodfood.com.vn\/en\/product\/sauce-venezia-huong-caramel-vi-man-2l\/","title":{"rendered":"Sauce Venezia H\u01b0\u01a1ng Caramel V\u1ecb M\u1eb7n 2L"},"content":{"rendered":"<h4>1. Th\u00e0nh ph\u1ea7n:<\/h4>\n<p>\u0110\u01b0\u1eddng, n\u01b0\u1edbc, s\u1eefa \u0111\u1eb7c c\u00f3 \u0111\u01b0\u1eddng, ch\u1ea5t l\u00e0m d\u00e0y (INS 1422, INS 415), mu\u1ed1i (1,5 %), ph\u1ea9m m\u00e0u t\u1ef1 nhi\u00ean (INS 150a, INS 171), h\u01b0\u01a1ng li\u1ec7u s\u00f4c\u00f4la tr\u1eafng t\u1ef1 nhi\u00ean, ch\u1ea5t b\u1ea3o qu\u1ea3n (INS 202), ch\u1ea5t \u0111i\u1ec1u ch\u1ec9nh \u0111\u1ed9 acid (INS 330).<\/p>\n<h4>2. Th\u1eddi h\u1ea1n s\u1eed d\u1ee5ng s\u1ea3n ph\u1ea9m:<\/h4>\n<p>18 th\u00e1ng k\u1ec3 t\u1eeb ng\u00e0y s\u1ea3n xu\u1ea5t.<\/p>\n<h4>3. Quy c\u00e1ch \u0111\u00f3ng g\u00f3i v\u00e0 ch\u1ea5t li\u1ec7u bao b\u00ec:<\/h4>\n<p><strong>Ch\u1ea5t li\u1ec7u bao b\u00ec:<\/strong> s\u1ea3n ph\u1ea9m \u0111\u00f3ng tr\u1ef1c ti\u1ebfp trong bao b\u00ec nh\u1ef1a HDPE<\/p>\n<p>Ch\u1ea5t li\u1ec7u bao b\u00ec b\u1ea3o \u0111\u1ea3m an to\u00e0n th\u1ef1c ph\u1ea9m theo qui \u0111\u1ecbnh B\u1ed9 Y T\u1ebf<\/p>\n<p><strong>Th\u1ec3 t\u00edch th\u1ef1c:<\/strong> 2 l\u00edt<\/p>","protected":false},"excerpt":{"rendered":"<p>1. Th\u00e0nh ph\u1ea7n: \u0110\u01b0\u1eddng, n\u01b0\u1edbc, s\u1eefa \u0111\u1eb7c c\u00f3 \u0111\u01b0\u1eddng, ch\u1ea5t l\u00e0m d\u00e0y (INS 1422, INS 415), mu\u1ed1i (1,5 %), ph\u1ea9m m\u00e0u t\u1ef1 nhi\u00ean (INS 150a, INS 171), h\u01b0\u01a1ng li\u1ec7u s\u00f4c\u00f4la tr\u1eafng t\u1ef1 nhi\u00ean, ch\u1ea5t b\u1ea3o qu\u1ea3n (INS 202), ch\u1ea5t \u0111i\u1ec1u ch\u1ec9nh \u0111\u1ed9 acid (INS 330). 2. Th\u1eddi h\u1ea1n s\u1eed d\u1ee5ng s\u1ea3n ph\u1ea9m: 18 th\u00e1ng k\u1ec3 [&hellip;]<\/p>\n","protected":false},"featured_media":5370,"comment_status":"open","ping_status":"closed","template":"","meta":{"_acf_changed":false},"product_brand":[176],"product_cat":[178],"product_tag":[],"class_list":{"0":"post-5369","1":"product","2":"type-product","3":"status-publish","4":"has-post-thumbnail","6":"product_brand-venezia","7":"product_cat-sauce","9":"first","10":"instock","11":"shipping-taxable","12":"product-type-simple"},"acf":[],"_links":{"self":[{"href":"https:\/\/goodfood.com.vn\/en\/wp-json\/wp\/v2\/product\/5369","targetHints":{"allow":["GET"]}}],"collection":[{"href":"https:\/\/goodfood.com.vn\/en\/wp-json\/wp\/v2\/product"}],"about":[{"href":"https:\/\/goodfood.com.vn\/en\/wp-json\/wp\/v2\/types\/product"}],"replies":[{"embeddable":true,"href":"https:\/\/goodfood.com.vn\/en\/wp-json\/wp\/v2\/comments?post=5369"}],"version-history":[{"count":1,"href":"https:\/\/goodfood.com.vn\/en\/wp-json\/wp\/v2\/product\/5369\/revisions"}],"predecessor-version":[{"id":5371,"href":"https:\/\/goodfood.com.vn\/en\/wp-json\/wp\/v2\/product\/5369\/revisions\/5371"}],"wp:featuredmedia":[{"embeddable":true,"href":"https:\/\/goodfood.com.vn\/en\/wp-json\/wp\/v2\/media\/5370"}],"wp:attachment":[{"href":"https:\/\/goodfood.com.vn\/en\/wp-json\/wp\/v2\/media?parent=5369"}],"wp:term":[{"taxonomy":"product_brand","embeddable":true,"href":"https:\/\/goodfood.com.vn\/en\/wp-json\/wp\/v2\/product_brand?post=5369"},{"taxonomy":"product_cat","embeddable":true,"href":"https:\/\/goodfood.com.vn\/en\/wp-json\/wp\/v2\/product_cat?post=5369"},{"taxonomy":"product_tag","embeddable":true,"href":"https:\/\/goodfood.com.vn\/en\/wp-json\/wp\/v2\/product_tag?post=5369"}],"curies":[{"name":"wp","href":"https:\/\/api.w.org\/{rel}","templated":true}]}}