{"id":5088,"date":"2025-12-25T18:51:31","date_gmt":"2025-12-25T11:51:31","guid":{"rendered":"https:\/\/goodfood.com.vn\/?post_type=product&#038;p=5088"},"modified":"2025-12-26T09:07:54","modified_gmt":"2025-12-26T02:07:54","slug":"bo-lat-pilot-australia-unsalted-butter-25-kg","status":"publish","type":"product","link":"https:\/\/goodfood.com.vn\/en\/product\/bo-lat-pilot-australia-unsalted-butter-25-kg\/","title":{"rendered":"B\u01a1 l\u1ea1t Pilot Australia Unsalted Butter"},"content":{"rendered":"<h4>1. Th\u00e0nh ph\u1ea7n:<\/h4>\n<p>Ch\u1ea5t b\u00e9o (m\u1ee1 \u0111\u1ed9ng v\u1eadt 80%) v\u00e0 d\u1ea7u (th\u1ef1c v\u1eadt) d\u00f9ng l\u00e0m th\u1ef1c ph\u1ea9m, n\u01b0\u1edbc, ch\u1ea5t b\u00e9o s\u1eefa, s\u1eefa kh\u00f4, ch\u1ea5t nh\u0169 h\u00f3a (E471 (INS 471), lecithin (INS 322(i)) \u0111\u1eadu n\u00e0nh), ch\u1ea5t b\u1ea3o qu\u1ea3n (E202) (INS 202), ch\u1ea5t ch\u1ed1ng oxy h\u00f3a (E320) (INS 320), h\u01b0\u01a1ng li\u1ec7u t\u1ed5ng h\u1ee3p, acid th\u1ef1c ph\u1ea9m (ch\u1ea5t \u0111i\u1ec1u ch\u1ec9nh \u0111\u1ed9 acid (E330) (INS 330)), ph\u1ea9m m\u00e0u t\u1ed5ng h\u1ee3p (E160a) (INS 160a(i)).<\/p>\n<h4>2. Th\u1eddi h\u1ea1n s\u1eed d\u1ee5ng s\u1ea3n ph\u1ea9m:<\/h4>\n<p>12 th\u00e1ng k\u1ec3 t\u1eeb ng\u00e0y s\u1ea3n xu\u1ea5t.<\/p>\n<h4>3. Quy c\u00e1ch \u0111\u00f3ng g\u00f3i v\u00e0 ch\u1ea5t li\u1ec7u bao b\u00ec:<\/h4>\n<p><strong>Ch\u1ea5t li\u1ec7u bao b\u00ec:<\/strong> s\u1ea3n ph\u1ea9m \u0111\u01b0\u1ee3c \u0111\u00f3ng tr\u1ef1c ti\u1ebfp trong bao b\u00ec nh\u1ef1a PA<\/p>\n<p>Ch\u1ea5t li\u1ec7u bao b\u00ec b\u1ea3o \u0111\u1ea3m an to\u00e0n th\u1ef1c ph\u1ea9m theo qui \u0111\u1ecbnh B\u1ed9 Y T\u1ebf<\/p>\n<p><strong>Quy c\u00e1ch \u0111\u00f3ng g\u00f3i:<\/strong><\/p>\n<p><strong>Kh\u1ed1i l\u01b0\u1ee3ng t\u1ecbnh:<\/strong> 1kg ho\u1eb7c kh\u1ed1i l\u01b0\u1ee3ng t\u1ecbnh kh\u00e1c theo y\u00eau c\u1ea7u c\u1ee7a kh\u00e1ch h\u00e0ng v\u00e0 \u0111\u01b0\u1ee3c th\u1ec3 hi\u1ec7n r\u00f5 tr\u00ean bao b\u00ec s\u1ea3n ph\u1ea9m.<\/p>","protected":false},"excerpt":{"rendered":"<p>1. Th\u00e0nh ph\u1ea7n: Ch\u1ea5t b\u00e9o (m\u1ee1 \u0111\u1ed9ng v\u1eadt 80%) v\u00e0 d\u1ea7u (th\u1ef1c v\u1eadt) d\u00f9ng l\u00e0m th\u1ef1c ph\u1ea9m, n\u01b0\u1edbc, ch\u1ea5t b\u00e9o s\u1eefa, s\u1eefa kh\u00f4, ch\u1ea5t nh\u0169 h\u00f3a (E471 (INS 471), lecithin (INS 322(i)) \u0111\u1eadu n\u00e0nh), ch\u1ea5t b\u1ea3o qu\u1ea3n (E202) (INS 202), ch\u1ea5t ch\u1ed1ng oxy h\u00f3a (E320) (INS 320), h\u01b0\u01a1ng li\u1ec7u t\u1ed5ng h\u1ee3p, acid th\u1ef1c ph\u1ea9m (ch\u1ea5t [&hellip;]<\/p>\n","protected":false},"featured_media":5102,"comment_status":"open","ping_status":"closed","template":"","meta":{"_acf_changed":false},"product_brand":[175],"product_cat":[168],"product_tag":[],"class_list":{"0":"post-5088","1":"product","2":"type-product","3":"status-publish","4":"has-post-thumbnail","6":"product_brand-pilot","7":"product_cat-bo-thay-the","9":"first","10":"instock","11":"shipping-taxable","12":"product-type-variable"},"acf":[],"_links":{"self":[{"href":"https:\/\/goodfood.com.vn\/en\/wp-json\/wp\/v2\/product\/5088","targetHints":{"allow":["GET"]}}],"collection":[{"href":"https:\/\/goodfood.com.vn\/en\/wp-json\/wp\/v2\/product"}],"about":[{"href":"https:\/\/goodfood.com.vn\/en\/wp-json\/wp\/v2\/types\/product"}],"replies":[{"embeddable":true,"href":"https:\/\/goodfood.com.vn\/en\/wp-json\/wp\/v2\/comments?post=5088"}],"version-history":[{"count":4,"href":"https:\/\/goodfood.com.vn\/en\/wp-json\/wp\/v2\/product\/5088\/revisions"}],"predecessor-version":[{"id":5105,"href":"https:\/\/goodfood.com.vn\/en\/wp-json\/wp\/v2\/product\/5088\/revisions\/5105"}],"wp:featuredmedia":[{"embeddable":true,"href":"https:\/\/goodfood.com.vn\/en\/wp-json\/wp\/v2\/media\/5102"}],"wp:attachment":[{"href":"https:\/\/goodfood.com.vn\/en\/wp-json\/wp\/v2\/media?parent=5088"}],"wp:term":[{"taxonomy":"product_brand","embeddable":true,"href":"https:\/\/goodfood.com.vn\/en\/wp-json\/wp\/v2\/product_brand?post=5088"},{"taxonomy":"product_cat","embeddable":true,"href":"https:\/\/goodfood.com.vn\/en\/wp-json\/wp\/v2\/product_cat?post=5088"},{"taxonomy":"product_tag","embeddable":true,"href":"https:\/\/goodfood.com.vn\/en\/wp-json\/wp\/v2\/product_tag?post=5088"}],"curies":[{"name":"wp","href":"https:\/\/api.w.org\/{rel}","templated":true}]}}