{"id":4278,"date":"2025-11-05T17:38:37","date_gmt":"2025-11-05T10:38:37","guid":{"rendered":"https:\/\/goodfood.com.vn\/?post_type=product&#038;p=4278"},"modified":"2025-11-05T17:53:57","modified_gmt":"2025-11-05T10:53:57","slug":"hon-hop-chat-beo-vi-lat-ambassador-80-chat-beo-200g","status":"publish","type":"product","link":"https:\/\/goodfood.com.vn\/en\/product\/hon-hop-chat-beo-vi-lat-ambassador-80-chat-beo-200g\/","title":{"rendered":"B\u01a1 th\u1ef1c v\u1eadt l\u1ea1t Ambassador 80% Ch\u1ea5t b\u00e9o 200g"},"content":{"rendered":"<h4>1. Th\u00e0nh ph\u1ea7n:<\/h4>\n<p>Ch\u1ea5t b\u00e9o th\u1ef1c v\u1eadt hydro h\u00f3a (c\u00f9i d\u1eeba kh\u00f4) (71,1%), n\u01b0\u1edbc, b\u01a1 (10,6%) (s\u1eefa), lactoza (s\u1eefa), men lactic (s\u1eefa), ch\u1ea5t nh\u0169 h\u00f3a: E471 (INS 471), h\u01b0\u01a1ng li\u1ec7u t\u1ef1 nhi\u00ean, ph\u1ea9m m\u00e0u t\u1ed5ng h\u1ee3p: beta-caroten (INS 160a(i)), vitamin A (retinyl acetat).<\/p>\n<h4>2. Th\u1eddi h\u1ea1n s\u1eed d\u1ee5ng s\u1ea3n ph\u1ea9m:<\/h4>\n<p>300 ng\u00e0y k\u1ec3 t\u1eeb ng\u00e0y s\u1ea3n xu\u1ea5t.<\/p>\n<h4>3. Quy c\u00e1ch \u0111\u00f3ng g\u00f3i v\u00e0 ch\u1ea5t li\u1ec7u bao b\u00ec:<\/h4>\n<p><strong>Ch\u1ea5t li\u1ec7u bao b\u00ec:<\/strong> s\u1ea3n ph\u1ea9m \u0111\u01b0\u1ee3c \u0111\u00f3ng tr\u1ef1c ti\u1ebfp trong bao b\u00ec nh\u00f4m tr\u00e1ng nh\u1ef1a PE<\/p>\n<p>Ch\u1ea5t li\u1ec7u bao b\u00ec b\u1ea3o \u0111\u1ea3m an to\u00e0n th\u1ef1c ph\u1ea9m theo qui \u0111\u1ecbnh B\u1ed9 Y T\u1ebf<\/p>\n<p><strong>Quy c\u00e1ch \u0111\u00f3ng g\u00f3i:<\/strong><\/p>\n<p><strong>Kh\u1ed1i l\u01b0\u1ee3ng t\u1ecbnh:<\/strong> 200g<\/p>","protected":false},"excerpt":{"rendered":"<p>1. Th\u00e0nh ph\u1ea7n: Ch\u1ea5t b\u00e9o th\u1ef1c v\u1eadt hydro h\u00f3a (c\u00f9i d\u1eeba kh\u00f4) (71,1%), n\u01b0\u1edbc, b\u01a1 (10,6%) (s\u1eefa), lactoza (s\u1eefa), men lactic (s\u1eefa), ch\u1ea5t nh\u0169 h\u00f3a: E471 (INS 471), h\u01b0\u01a1ng li\u1ec7u t\u1ef1 nhi\u00ean, ph\u1ea9m m\u00e0u t\u1ed5ng h\u1ee3p: beta-caroten (INS 160a(i)), vitamin A (retinyl acetat). 2. Th\u1eddi h\u1ea1n s\u1eed d\u1ee5ng s\u1ea3n ph\u1ea9m: 300 ng\u00e0y k\u1ec3 t\u1eeb ng\u00e0y [&hellip;]<\/p>\n","protected":false},"featured_media":4280,"comment_status":"open","ping_status":"closed","template":"","meta":{"_acf_changed":false},"product_brand":[174],"product_cat":[15],"product_tag":[],"class_list":{"0":"post-4278","1":"product","2":"type-product","3":"status-publish","4":"has-post-thumbnail","6":"product_brand-ambassador","7":"product_cat-uncategorized","9":"first","10":"instock","11":"shipping-taxable","12":"product-type-simple"},"acf":[],"_links":{"self":[{"href":"https:\/\/goodfood.com.vn\/en\/wp-json\/wp\/v2\/product\/4278","targetHints":{"allow":["GET"]}}],"collection":[{"href":"https:\/\/goodfood.com.vn\/en\/wp-json\/wp\/v2\/product"}],"about":[{"href":"https:\/\/goodfood.com.vn\/en\/wp-json\/wp\/v2\/types\/product"}],"replies":[{"embeddable":true,"href":"https:\/\/goodfood.com.vn\/en\/wp-json\/wp\/v2\/comments?post=4278"}],"version-history":[{"count":4,"href":"https:\/\/goodfood.com.vn\/en\/wp-json\/wp\/v2\/product\/4278\/revisions"}],"predecessor-version":[{"id":4287,"href":"https:\/\/goodfood.com.vn\/en\/wp-json\/wp\/v2\/product\/4278\/revisions\/4287"}],"wp:featuredmedia":[{"embeddable":true,"href":"https:\/\/goodfood.com.vn\/en\/wp-json\/wp\/v2\/media\/4280"}],"wp:attachment":[{"href":"https:\/\/goodfood.com.vn\/en\/wp-json\/wp\/v2\/media?parent=4278"}],"wp:term":[{"taxonomy":"product_brand","embeddable":true,"href":"https:\/\/goodfood.com.vn\/en\/wp-json\/wp\/v2\/product_brand?post=4278"},{"taxonomy":"product_cat","embeddable":true,"href":"https:\/\/goodfood.com.vn\/en\/wp-json\/wp\/v2\/product_cat?post=4278"},{"taxonomy":"product_tag","embeddable":true,"href":"https:\/\/goodfood.com.vn\/en\/wp-json\/wp\/v2\/product_tag?post=4278"}],"curies":[{"name":"wp","href":"https:\/\/api.w.org\/{rel}","templated":true}]}}