{"id":4166,"date":"2025-11-03T16:16:04","date_gmt":"2025-11-03T09:16:04","guid":{"rendered":"https:\/\/goodfood.com.vn\/?post_type=product&#038;p=4166"},"modified":"2025-11-03T16:42:34","modified_gmt":"2025-11-03T09:42:34","slug":"nuoc-ep-trai-cay-hon-hop-qua-mong-co-dac-sunquick-mixed-berries-drink-concentrate-700ml","status":"publish","type":"product","link":"https:\/\/goodfood.com.vn\/en\/product\/nuoc-ep-trai-cay-hon-hop-qua-mong-co-dac-sunquick-mixed-berries-drink-concentrate-700ml\/","title":{"rendered":"N\u01b0\u1edbc \u00e9p tr\u00e1i c\u00e2y h\u1ed7n h\u1ee3p qu\u1ea3 m\u1ecdng c\u00f4 \u0111\u1eb7c Sunquick Mixed Berries Drink Concentrate 700ml"},"content":{"rendered":"<h4>1. Th\u00e0nh ph\u1ea7n:<\/h4>\n<p>\u0110\u01b0\u1eddng, n\u01b0\u1edbc \u00e9p c\u00f4 \u0111\u1eb7c (50 %) t\u1eeb qu\u1ea3 nho; qu\u1ea3 c\u01a1m ch\u00e1y; qu\u1ea3 anh \u0111\u00e0o; qu\u1ea3 ph\u00fac b\u1ed3n t\u1eed v\u00e0 qu\u1ea3 d\u00e2u, ch\u1ea5t \u0111i\u1ec1u ch\u1ec9nh \u0111\u1ed9 acid (acid citric (INS 330), kali citrat (INS 332(ii))), h\u01b0\u01a1ng t\u1ef1 nhi\u00ean (berry t\u1ed5ng h\u1ee3p), ch\u1ea5t ch\u1ed1ng oxy h\u00f3a (acid ascorbic (INS 300)), ch\u1ea5t b\u1ea3o qu\u1ea3n (natri benzoat (INS 211)).<\/p>\n<h4>2. Th\u1eddi h\u1ea1n s\u1eed d\u1ee5ng s\u1ea3n ph\u1ea9m:<\/h4>\n<p>12 th\u00e1ng k\u1ec3 t\u1eeb ng\u00e0y s\u1ea3n xu\u1ea5t.<\/p>\n<h4>3. Quy c\u00e1ch \u0111\u00f3ng g\u00f3i v\u00e0 ch\u1ea5t li\u1ec7u bao b\u00ec:<\/h4>\n<p><strong>Ch\u1ea5t li\u1ec7u bao b\u00ec:<\/strong> s\u1ea3n ph\u1ea9m \u0111\u01b0\u1ee3c \u0111\u00f3ng tr\u1ef1c ti\u1ebfp trong chai th\u1ee7y tinh, n\u1eafp nh\u1ef1a PP<\/p>\n<p>Ch\u1ea5t li\u1ec7u bao b\u00ec b\u1ea3o \u0111\u1ea3m an to\u00e0n th\u1ef1c ph\u1ea9m theo qui \u0111\u1ecbnh B\u1ed9 Y T\u1ebf<\/p>\n<p><strong>Quy c\u00e1ch \u0111\u00f3ng g\u00f3i:<\/strong><\/p>\n<p><strong>Th\u1ec3 t\u00edch th\u1ef1c:<\/strong> 700ml<\/p>","protected":false},"excerpt":{"rendered":"<p>1. Th\u00e0nh ph\u1ea7n: \u0110\u01b0\u1eddng, n\u01b0\u1edbc \u00e9p c\u00f4 \u0111\u1eb7c (50 %) t\u1eeb qu\u1ea3 nho; qu\u1ea3 c\u01a1m ch\u00e1y; qu\u1ea3 anh \u0111\u00e0o; qu\u1ea3 ph\u00fac b\u1ed3n t\u1eed v\u00e0 qu\u1ea3 d\u00e2u, ch\u1ea5t \u0111i\u1ec1u ch\u1ec9nh \u0111\u1ed9 acid (acid citric (INS 330), kali citrat (INS 332(ii))), h\u01b0\u01a1ng t\u1ef1 nhi\u00ean (berry t\u1ed5ng h\u1ee3p), ch\u1ea5t ch\u1ed1ng oxy h\u00f3a (acid ascorbic (INS 300)), ch\u1ea5t b\u1ea3o [&hellip;]<\/p>\n","protected":false},"featured_media":4169,"comment_status":"open","ping_status":"closed","template":"","meta":{"_acf_changed":false},"product_brand":[172],"product_cat":[173],"product_tag":[],"class_list":{"0":"post-4166","1":"product","2":"type-product","3":"status-publish","4":"has-post-thumbnail","6":"product_brand-sunquick","7":"product_cat-nuoc-ep-co-dac","9":"first","10":"instock","11":"shipping-taxable","12":"product-type-simple"},"acf":[],"_links":{"self":[{"href":"https:\/\/goodfood.com.vn\/en\/wp-json\/wp\/v2\/product\/4166","targetHints":{"allow":["GET"]}}],"collection":[{"href":"https:\/\/goodfood.com.vn\/en\/wp-json\/wp\/v2\/product"}],"about":[{"href":"https:\/\/goodfood.com.vn\/en\/wp-json\/wp\/v2\/types\/product"}],"replies":[{"embeddable":true,"href":"https:\/\/goodfood.com.vn\/en\/wp-json\/wp\/v2\/comments?post=4166"}],"version-history":[{"count":2,"href":"https:\/\/goodfood.com.vn\/en\/wp-json\/wp\/v2\/product\/4166\/revisions"}],"predecessor-version":[{"id":4170,"href":"https:\/\/goodfood.com.vn\/en\/wp-json\/wp\/v2\/product\/4166\/revisions\/4170"}],"wp:featuredmedia":[{"embeddable":true,"href":"https:\/\/goodfood.com.vn\/en\/wp-json\/wp\/v2\/media\/4169"}],"wp:attachment":[{"href":"https:\/\/goodfood.com.vn\/en\/wp-json\/wp\/v2\/media?parent=4166"}],"wp:term":[{"taxonomy":"product_brand","embeddable":true,"href":"https:\/\/goodfood.com.vn\/en\/wp-json\/wp\/v2\/product_brand?post=4166"},{"taxonomy":"product_cat","embeddable":true,"href":"https:\/\/goodfood.com.vn\/en\/wp-json\/wp\/v2\/product_cat?post=4166"},{"taxonomy":"product_tag","embeddable":true,"href":"https:\/\/goodfood.com.vn\/en\/wp-json\/wp\/v2\/product_tag?post=4166"}],"curies":[{"name":"wp","href":"https:\/\/api.w.org\/{rel}","templated":true}]}}