{"id":4153,"date":"2025-11-03T15:48:22","date_gmt":"2025-11-03T08:48:22","guid":{"rendered":"https:\/\/goodfood.com.vn\/?post_type=product&#038;p=4153"},"modified":"2025-11-03T15:49:33","modified_gmt":"2025-11-03T08:49:33","slug":"nuoc-chanh-co-dac-sunquick-lemon-drink-concentrate700ml","status":"publish","type":"product","link":"https:\/\/goodfood.com.vn\/en\/product\/nuoc-chanh-co-dac-sunquick-lemon-drink-concentrate700ml\/","title":{"rendered":"N\u01b0\u1edbc chanh c\u00f4 \u0111\u1eb7c Sunquick Lemon Drink Concentrate 700ml"},"content":{"rendered":"<h4>1. Th\u00e0nh ph\u1ea7n:<\/h4>\n<p>N\u01b0\u1edbc \u00e9p tr\u00e1i c\u00e2y t\u1eeb c\u00f4 \u0111\u1eb7c (50 %) (chanh (25 %) v\u00e0 t\u00e1o), \u0111\u01b0\u1eddng, n\u01b0\u1edbc, ch\u1ea5t \u0111i\u1ec1u ch\u1ec9nh \u0111\u1ed9 acid (acid citric (INS 330), trikali citrat (INS 332(ii))), ch\u1ea5t \u1ed5n \u0111\u1ecbnh (g\u00f4m gua (INS 412), g\u1ed3m gellan (INS 418)), h\u01b0\u01a1ng li\u1ec7u t\u1ef1 nhi\u00ean, vitamin C (acid L-ascorbic 0,1 %), ch\u1ea5t b\u1ea3o qu\u1ea3n (natri benzoat (INS 211), natri metabisulfit (INS 223), kali sorbat (INS 202)), ch\u1ea5t t\u1ea1o ng\u1ecdt t\u1ed5ng h\u1ee3p (sucralose (triclorogalacto sucrose) (INS 955), acesulfam kali (INS 950)), ph\u1ea9m m\u00e0u (ph\u1ea9m m\u00e0u t\u1ed5ng h\u1ee3p: beta-caroten t\u1ed5ng h\u1ee3p (INS160a(i)), ph\u1ea9m m\u00e0u t\u1ef1 nhi\u00ean: ph\u1ee9c \u0111\u1ed3ng clorophyllin (mu\u1ed1i natri, kali c\u1ee7a n\u00f3) (INS 141(ii))).<\/p>\n<h4>2. Th\u1eddi h\u1ea1n s\u1eed d\u1ee5ng s\u1ea3n ph\u1ea9m:<\/h4>\n<p>12 th\u00e1ng k\u1ec3 t\u1eeb ng\u00e0y s\u1ea3n xu\u1ea5t.<\/p>\n<h4>3. Quy c\u00e1ch \u0111\u00f3ng g\u00f3i v\u00e0 ch\u1ea5t li\u1ec7u bao b\u00ec:<\/h4>\n<p><strong>Ch\u1ea5t li\u1ec7u bao b\u00ec:<\/strong> s\u1ea3n ph\u1ea9m \u0111\u01b0\u1ee3c \u0111\u00f3ng tr\u1ef1c ti\u1ebfp trong chai th\u1ee7y tinh, n\u1eafp nh\u1ef1a PP<\/p>\n<p>Ch\u1ea5t li\u1ec7u bao b\u00ec b\u1ea3o \u0111\u1ea3m an to\u00e0n th\u1ef1c ph\u1ea9m theo qui \u0111\u1ecbnh B\u1ed9 Y T\u1ebf<\/p>\n<p><strong>Quy c\u00e1ch \u0111\u00f3ng g\u00f3i:<\/strong><\/p>\n<p><strong>Th\u1ec3 t\u00edch th\u1ef1c:<\/strong> 700ml<\/p>","protected":false},"excerpt":{"rendered":"<p>1. Th\u00e0nh ph\u1ea7n: N\u01b0\u1edbc \u00e9p tr\u00e1i c\u00e2y t\u1eeb c\u00f4 \u0111\u1eb7c (50 %) (chanh (25 %) v\u00e0 t\u00e1o), \u0111\u01b0\u1eddng, n\u01b0\u1edbc, ch\u1ea5t \u0111i\u1ec1u ch\u1ec9nh \u0111\u1ed9 acid (acid citric (INS 330), trikali citrat (INS 332(ii))), ch\u1ea5t \u1ed5n \u0111\u1ecbnh (g\u00f4m gua (INS 412), g\u1ed3m gellan (INS 418)), h\u01b0\u01a1ng li\u1ec7u t\u1ef1 nhi\u00ean, vitamin C (acid L-ascorbic 0,1 %), ch\u1ea5t b\u1ea3o [&hellip;]<\/p>\n","protected":false},"featured_media":4154,"comment_status":"open","ping_status":"closed","template":"","meta":{"_acf_changed":false},"product_brand":[172],"product_cat":[173],"product_tag":[],"class_list":{"0":"post-4153","1":"product","2":"type-product","3":"status-publish","4":"has-post-thumbnail","6":"product_brand-sunquick","7":"product_cat-nuoc-ep-co-dac","9":"first","10":"instock","11":"shipping-taxable","12":"product-type-simple"},"acf":[],"yoast_head":"<!-- This site is optimized with the Yoast SEO Premium plugin v27.3 (Yoast SEO v27.3) - https:\/\/yoast.com\/product\/yoast-seo-premium-wordpress\/ -->\n<title>N\u01b0\u1edbc chanh c\u00f4 \u0111\u1eb7c Sunquick Lemon Drink Concentrate 700ml - GoodFood Vietnam<\/title>\n<meta name=\"robots\" content=\"index, follow, max-snippet:-1, max-image-preview:large, max-video-preview:-1\" \/>\n<link rel=\"canonical\" href=\"https:\/\/goodfood.com.vn\/en\/product\/nuoc-chanh-co-dac-sunquick-lemon-drink-concentrate700ml\/\" \/>\n<meta property=\"og:locale\" content=\"en_US\" \/>\n<meta property=\"og:type\" content=\"article\" \/>\n<meta property=\"og:title\" content=\"N\u01b0\u1edbc chanh c\u00f4 \u0111\u1eb7c Sunquick Lemon Drink Concentrate 700ml\" \/>\n<meta property=\"og:description\" content=\"1. Th\u00e0nh ph\u1ea7n: N\u01b0\u1edbc \u00e9p tr\u00e1i c\u00e2y t\u1eeb c\u00f4 \u0111\u1eb7c (50 %) (chanh (25 %) v\u00e0 t\u00e1o), \u0111\u01b0\u1eddng, n\u01b0\u1edbc, ch\u1ea5t \u0111i\u1ec1u ch\u1ec9nh \u0111\u1ed9 acid (acid citric (INS 330), trikali citrat (INS 332(ii))), ch\u1ea5t \u1ed5n \u0111\u1ecbnh (g\u00f4m gua (INS 412), g\u1ed3m gellan (INS 418)), h\u01b0\u01a1ng li\u1ec7u t\u1ef1 nhi\u00ean, vitamin C (acid L-ascorbic 0,1 %), ch\u1ea5t b\u1ea3o [&hellip;]\" \/>\n<meta property=\"og:url\" content=\"https:\/\/goodfood.com.vn\/en\/product\/nuoc-chanh-co-dac-sunquick-lemon-drink-concentrate700ml\/\" \/>\n<meta property=\"og:site_name\" content=\"GoodFood Vietnam\" \/>\n<meta property=\"article:publisher\" content=\"https:\/\/www.facebook.com\/GoodFoodVN194\" \/>\n<meta property=\"article:modified_time\" content=\"2025-11-03T08:49:33+00:00\" \/>\n<meta property=\"og:image\" content=\"https:\/\/goodfood.com.vn\/wp-content\/uploads\/SULEMO700_Sunquick_Lemon_Squash_Juice_700ml.webp\" \/>\n\t<meta property=\"og:image:width\" content=\"1500\" \/>\n\t<meta property=\"og:image:height\" content=\"1500\" \/>\n\t<meta property=\"og:image:type\" content=\"image\/webp\" \/>\n<meta name=\"twitter:card\" content=\"summary_large_image\" \/>\n<meta name=\"twitter:label1\" content=\"Est. reading time\" \/>\n\t<meta name=\"twitter:data1\" content=\"2 minutes\" \/>\n<script type=\"application\/ld+json\" class=\"yoast-schema-graph\">{\"@context\":\"https:\\\/\\\/schema.org\",\"@graph\":[{\"@type\":\"WebPage\",\"@id\":\"https:\\\/\\\/goodfood.com.vn\\\/product\\\/nuoc-chanh-co-dac-sunquick-lemon-drink-concentrate700ml\\\/\",\"url\":\"https:\\\/\\\/goodfood.com.vn\\\/product\\\/nuoc-chanh-co-dac-sunquick-lemon-drink-concentrate700ml\\\/\",\"name\":\"N\u01b0\u1edbc chanh c\u00f4 \u0111\u1eb7c Sunquick Lemon Drink Concentrate 700ml - GoodFood Vietnam\",\"isPartOf\":{\"@id\":\"https:\\\/\\\/goodfood.com.vn\\\/#website\"},\"primaryImageOfPage\":{\"@id\":\"https:\\\/\\\/goodfood.com.vn\\\/product\\\/nuoc-chanh-co-dac-sunquick-lemon-drink-concentrate700ml\\\/#primaryimage\"},\"image\":{\"@id\":\"https:\\\/\\\/goodfood.com.vn\\\/product\\\/nuoc-chanh-co-dac-sunquick-lemon-drink-concentrate700ml\\\/#primaryimage\"},\"thumbnailUrl\":\"https:\\\/\\\/goodfood.com.vn\\\/wp-content\\\/uploads\\\/SULEMO700_Sunquick_Lemon_Squash_Juice_700ml.webp\",\"datePublished\":\"2025-11-03T08:48:22+00:00\",\"dateModified\":\"2025-11-03T08:49:33+00:00\",\"breadcrumb\":{\"@id\":\"https:\\\/\\\/goodfood.com.vn\\\/product\\\/nuoc-chanh-co-dac-sunquick-lemon-drink-concentrate700ml\\\/#breadcrumb\"},\"inLanguage\":\"en-US\",\"potentialAction\":[{\"@type\":\"ReadAction\",\"target\":[\"https:\\\/\\\/goodfood.com.vn\\\/product\\\/nuoc-chanh-co-dac-sunquick-lemon-drink-concentrate700ml\\\/\"]}]},{\"@type\":\"ImageObject\",\"inLanguage\":\"en-US\",\"@id\":\"https:\\\/\\\/goodfood.com.vn\\\/product\\\/nuoc-chanh-co-dac-sunquick-lemon-drink-concentrate700ml\\\/#primaryimage\",\"url\":\"https:\\\/\\\/goodfood.com.vn\\\/wp-content\\\/uploads\\\/SULEMO700_Sunquick_Lemon_Squash_Juice_700ml.webp\",\"contentUrl\":\"https:\\\/\\\/goodfood.com.vn\\\/wp-content\\\/uploads\\\/SULEMO700_Sunquick_Lemon_Squash_Juice_700ml.webp\",\"width\":1500,\"height\":1500},{\"@type\":\"BreadcrumbList\",\"@id\":\"https:\\\/\\\/goodfood.com.vn\\\/product\\\/nuoc-chanh-co-dac-sunquick-lemon-drink-concentrate700ml\\\/#breadcrumb\",\"itemListElement\":[{\"@type\":\"ListItem\",\"position\":1,\"name\":\"Trang ch\u1ee7\",\"item\":\"https:\\\/\\\/goodfood.com.vn\\\/\"},{\"@type\":\"ListItem\",\"position\":2,\"name\":\"Shop\",\"item\":\"https:\\\/\\\/goodfood.com.vn\\\/shop\\\/\"},{\"@type\":\"ListItem\",\"position\":3,\"name\":\"N\u01b0\u1edbc chanh c\u00f4 \u0111\u1eb7c Sunquick Lemon Drink Concentrate 700ml\"}]},{\"@type\":\"WebSite\",\"@id\":\"https:\\\/\\\/goodfood.com.vn\\\/#website\",\"url\":\"https:\\\/\\\/goodfood.com.vn\\\/\",\"name\":\"GoodFood Vietnam\",\"description\":\"From Around The World\",\"publisher\":{\"@id\":\"https:\\\/\\\/goodfood.com.vn\\\/#organization\"},\"alternateName\":\"C\u00f4ng ty TNHH Th\u1ef1c Ph\u1ea9m T\u1ed1t L\u00e0nh\",\"potentialAction\":[{\"@type\":\"SearchAction\",\"target\":{\"@type\":\"EntryPoint\",\"urlTemplate\":\"https:\\\/\\\/goodfood.com.vn\\\/?s={search_term_string}\"},\"query-input\":{\"@type\":\"PropertyValueSpecification\",\"valueRequired\":true,\"valueName\":\"search_term_string\"}}],\"inLanguage\":\"en-US\"},{\"@type\":\"Organization\",\"@id\":\"https:\\\/\\\/goodfood.com.vn\\\/#organization\",\"name\":\"GoodFood Vietnam\",\"alternateName\":\"C\u00f4ng ty TNHH Th\u1ef1c Ph\u1ea9m T\u1ed1t L\u00e0nh\",\"url\":\"https:\\\/\\\/goodfood.com.vn\\\/\",\"logo\":{\"@type\":\"ImageObject\",\"inLanguage\":\"en-US\",\"@id\":\"https:\\\/\\\/goodfood.com.vn\\\/#\\\/schema\\\/logo\\\/image\\\/\",\"url\":\"https:\\\/\\\/goodfood.com.vn\\\/wp-content\\\/uploads\\\/goodfood-logo-no-tagline-favicon-512x512-1.svg\",\"contentUrl\":\"https:\\\/\\\/goodfood.com.vn\\\/wp-content\\\/uploads\\\/goodfood-logo-no-tagline-favicon-512x512-1.svg\",\"width\":512,\"height\":512,\"caption\":\"GoodFood Vietnam\"},\"image\":{\"@id\":\"https:\\\/\\\/goodfood.com.vn\\\/#\\\/schema\\\/logo\\\/image\\\/\"},\"sameAs\":[\"https:\\\/\\\/www.facebook.com\\\/GoodFoodVN194\",\"https:\\\/\\\/vn.linkedin.com\\\/company\\\/goodfoodvietnam\",\"https:\\\/\\\/www.tiktok.com\\\/@goodfood_aroundtheworld\"],\"description\":\"GoodFood l\u00e0 nh\u00e0 nh\u1eadp kh\u1ea9u v\u00e0 ph\u00e2n ph\u1ed1i th\u1ef1c ph\u1ea9m cao c\u1ea5p, nguy\u00ean li\u1ec7u pha ch\u1ebf, nguy\u00ean li\u1ec7u l\u00e0m b\u00e1nh cho nh\u00e0 h\u00e0ng kh\u00e1ch s\u1ea1n, h\u1ec7 th\u1ed1ng F&B h\u00e0ng \u0111\u1ea7u Vi\u1ec7t Nam\",\"email\":\"info@goodfood.com.vn\",\"telephone\":\"0916172642\",\"legalName\":\"C\u00d4NG TY TNHH TH\u1ef0C PH\u1ea8M T\u1ed0T L\u00c0NH\",\"foundingDate\":\"2003-09-26\",\"vatID\":\"0303085267\",\"taxID\":\"0303085267\",\"numberOfEmployees\":{\"@type\":\"QuantitativeValue\",\"minValue\":\"501\",\"maxValue\":\"1000\"},\"publishingPrinciples\":\"https:\\\/\\\/goodfood.com.vn\\\/dieu-khoan-su-dung\\\/\",\"ownershipFundingInfo\":\"https:\\\/\\\/goodfood.com.vn\\\/dieu-khoan-su-dung\\\/\",\"ethicsPolicy\":\"https:\\\/\\\/goodfood.com.vn\\\/dieu-khoan-su-dung\\\/\"}]}<\/script>\n<!-- \/ Yoast SEO Premium plugin. -->","yoast_head_json":{"title":"N\u01b0\u1edbc chanh c\u00f4 \u0111\u1eb7c Sunquick Lemon Drink Concentrate 700ml - GoodFood Vietnam","robots":{"index":"index","follow":"follow","max-snippet":"max-snippet:-1","max-image-preview":"max-image-preview:large","max-video-preview":"max-video-preview:-1"},"canonical":"https:\/\/goodfood.com.vn\/en\/product\/nuoc-chanh-co-dac-sunquick-lemon-drink-concentrate700ml\/","og_locale":"en_US","og_type":"article","og_title":"N\u01b0\u1edbc chanh c\u00f4 \u0111\u1eb7c Sunquick Lemon Drink Concentrate 700ml","og_description":"1. Th\u00e0nh ph\u1ea7n: N\u01b0\u1edbc \u00e9p tr\u00e1i c\u00e2y t\u1eeb c\u00f4 \u0111\u1eb7c (50 %) (chanh (25 %) v\u00e0 t\u00e1o), \u0111\u01b0\u1eddng, n\u01b0\u1edbc, ch\u1ea5t \u0111i\u1ec1u ch\u1ec9nh \u0111\u1ed9 acid (acid citric (INS 330), trikali citrat (INS 332(ii))), ch\u1ea5t \u1ed5n \u0111\u1ecbnh (g\u00f4m gua (INS 412), g\u1ed3m gellan (INS 418)), h\u01b0\u01a1ng li\u1ec7u t\u1ef1 nhi\u00ean, vitamin C (acid L-ascorbic 0,1 %), ch\u1ea5t b\u1ea3o [&hellip;]","og_url":"https:\/\/goodfood.com.vn\/en\/product\/nuoc-chanh-co-dac-sunquick-lemon-drink-concentrate700ml\/","og_site_name":"GoodFood Vietnam","article_publisher":"https:\/\/www.facebook.com\/GoodFoodVN194","article_modified_time":"2025-11-03T08:49:33+00:00","og_image":[{"width":1500,"height":1500,"url":"https:\/\/goodfood.com.vn\/wp-content\/uploads\/SULEMO700_Sunquick_Lemon_Squash_Juice_700ml.webp","type":"image\/webp"}],"twitter_card":"summary_large_image","twitter_misc":{"Est. reading time":"2 minutes"},"schema":{"@context":"https:\/\/schema.org","@graph":[{"@type":"WebPage","@id":"https:\/\/goodfood.com.vn\/product\/nuoc-chanh-co-dac-sunquick-lemon-drink-concentrate700ml\/","url":"https:\/\/goodfood.com.vn\/product\/nuoc-chanh-co-dac-sunquick-lemon-drink-concentrate700ml\/","name":"N\u01b0\u1edbc chanh c\u00f4 \u0111\u1eb7c Sunquick Lemon Drink Concentrate 700ml - GoodFood Vietnam","isPartOf":{"@id":"https:\/\/goodfood.com.vn\/#website"},"primaryImageOfPage":{"@id":"https:\/\/goodfood.com.vn\/product\/nuoc-chanh-co-dac-sunquick-lemon-drink-concentrate700ml\/#primaryimage"},"image":{"@id":"https:\/\/goodfood.com.vn\/product\/nuoc-chanh-co-dac-sunquick-lemon-drink-concentrate700ml\/#primaryimage"},"thumbnailUrl":"https:\/\/goodfood.com.vn\/wp-content\/uploads\/SULEMO700_Sunquick_Lemon_Squash_Juice_700ml.webp","datePublished":"2025-11-03T08:48:22+00:00","dateModified":"2025-11-03T08:49:33+00:00","breadcrumb":{"@id":"https:\/\/goodfood.com.vn\/product\/nuoc-chanh-co-dac-sunquick-lemon-drink-concentrate700ml\/#breadcrumb"},"inLanguage":"en-US","potentialAction":[{"@type":"ReadAction","target":["https:\/\/goodfood.com.vn\/product\/nuoc-chanh-co-dac-sunquick-lemon-drink-concentrate700ml\/"]}]},{"@type":"ImageObject","inLanguage":"en-US","@id":"https:\/\/goodfood.com.vn\/product\/nuoc-chanh-co-dac-sunquick-lemon-drink-concentrate700ml\/#primaryimage","url":"https:\/\/goodfood.com.vn\/wp-content\/uploads\/SULEMO700_Sunquick_Lemon_Squash_Juice_700ml.webp","contentUrl":"https:\/\/goodfood.com.vn\/wp-content\/uploads\/SULEMO700_Sunquick_Lemon_Squash_Juice_700ml.webp","width":1500,"height":1500},{"@type":"BreadcrumbList","@id":"https:\/\/goodfood.com.vn\/product\/nuoc-chanh-co-dac-sunquick-lemon-drink-concentrate700ml\/#breadcrumb","itemListElement":[{"@type":"ListItem","position":1,"name":"Trang ch\u1ee7","item":"https:\/\/goodfood.com.vn\/"},{"@type":"ListItem","position":2,"name":"Shop","item":"https:\/\/goodfood.com.vn\/shop\/"},{"@type":"ListItem","position":3,"name":"N\u01b0\u1edbc chanh c\u00f4 \u0111\u1eb7c Sunquick Lemon Drink Concentrate 700ml"}]},{"@type":"WebSite","@id":"https:\/\/goodfood.com.vn\/#website","url":"https:\/\/goodfood.com.vn\/","name":"GoodFood Vietnam","description":"From Around The World","publisher":{"@id":"https:\/\/goodfood.com.vn\/#organization"},"alternateName":"C\u00f4ng ty TNHH Th\u1ef1c Ph\u1ea9m T\u1ed1t L\u00e0nh","potentialAction":[{"@type":"SearchAction","target":{"@type":"EntryPoint","urlTemplate":"https:\/\/goodfood.com.vn\/?s={search_term_string}"},"query-input":{"@type":"PropertyValueSpecification","valueRequired":true,"valueName":"search_term_string"}}],"inLanguage":"en-US"},{"@type":"Organization","@id":"https:\/\/goodfood.com.vn\/#organization","name":"GoodFood Vietnam","alternateName":"C\u00f4ng ty TNHH Th\u1ef1c Ph\u1ea9m T\u1ed1t L\u00e0nh","url":"https:\/\/goodfood.com.vn\/","logo":{"@type":"ImageObject","inLanguage":"en-US","@id":"https:\/\/goodfood.com.vn\/#\/schema\/logo\/image\/","url":"https:\/\/goodfood.com.vn\/wp-content\/uploads\/goodfood-logo-no-tagline-favicon-512x512-1.svg","contentUrl":"https:\/\/goodfood.com.vn\/wp-content\/uploads\/goodfood-logo-no-tagline-favicon-512x512-1.svg","width":512,"height":512,"caption":"GoodFood Vietnam"},"image":{"@id":"https:\/\/goodfood.com.vn\/#\/schema\/logo\/image\/"},"sameAs":["https:\/\/www.facebook.com\/GoodFoodVN194","https:\/\/vn.linkedin.com\/company\/goodfoodvietnam","https:\/\/www.tiktok.com\/@goodfood_aroundtheworld"],"description":"GoodFood l\u00e0 nh\u00e0 nh\u1eadp kh\u1ea9u v\u00e0 ph\u00e2n ph\u1ed1i th\u1ef1c ph\u1ea9m cao c\u1ea5p, nguy\u00ean li\u1ec7u pha ch\u1ebf, nguy\u00ean li\u1ec7u l\u00e0m b\u00e1nh cho nh\u00e0 h\u00e0ng kh\u00e1ch s\u1ea1n, h\u1ec7 th\u1ed1ng F&B h\u00e0ng \u0111\u1ea7u Vi\u1ec7t Nam","email":"info@goodfood.com.vn","telephone":"0916172642","legalName":"C\u00d4NG TY TNHH TH\u1ef0C PH\u1ea8M T\u1ed0T L\u00c0NH","foundingDate":"2003-09-26","vatID":"0303085267","taxID":"0303085267","numberOfEmployees":{"@type":"QuantitativeValue","minValue":"501","maxValue":"1000"},"publishingPrinciples":"https:\/\/goodfood.com.vn\/dieu-khoan-su-dung\/","ownershipFundingInfo":"https:\/\/goodfood.com.vn\/dieu-khoan-su-dung\/","ethicsPolicy":"https:\/\/goodfood.com.vn\/dieu-khoan-su-dung\/"}]}},"_links":{"self":[{"href":"https:\/\/goodfood.com.vn\/en\/wp-json\/wp\/v2\/product\/4153","targetHints":{"allow":["GET"]}}],"collection":[{"href":"https:\/\/goodfood.com.vn\/en\/wp-json\/wp\/v2\/product"}],"about":[{"href":"https:\/\/goodfood.com.vn\/en\/wp-json\/wp\/v2\/types\/product"}],"replies":[{"embeddable":true,"href":"https:\/\/goodfood.com.vn\/en\/wp-json\/wp\/v2\/comments?post=4153"}],"version-history":[{"count":2,"href":"https:\/\/goodfood.com.vn\/en\/wp-json\/wp\/v2\/product\/4153\/revisions"}],"predecessor-version":[{"id":4156,"href":"https:\/\/goodfood.com.vn\/en\/wp-json\/wp\/v2\/product\/4153\/revisions\/4156"}],"wp:featuredmedia":[{"embeddable":true,"href":"https:\/\/goodfood.com.vn\/en\/wp-json\/wp\/v2\/media\/4154"}],"wp:attachment":[{"href":"https:\/\/goodfood.com.vn\/en\/wp-json\/wp\/v2\/media?parent=4153"}],"wp:term":[{"taxonomy":"product_brand","embeddable":true,"href":"https:\/\/goodfood.com.vn\/en\/wp-json\/wp\/v2\/product_brand?post=4153"},{"taxonomy":"product_cat","embeddable":true,"href":"https:\/\/goodfood.com.vn\/en\/wp-json\/wp\/v2\/product_cat?post=4153"},{"taxonomy":"product_tag","embeddable":true,"href":"https:\/\/goodfood.com.vn\/en\/wp-json\/wp\/v2\/product_tag?post=4153"}],"curies":[{"name":"wp","href":"https:\/\/api.w.org\/{rel}","templated":true}]}}