{"id":4148,"date":"2025-11-03T15:33:32","date_gmt":"2025-11-03T08:33:32","guid":{"rendered":"https:\/\/goodfood.com.vn\/?post_type=product&#038;p=4148"},"modified":"2025-11-03T16:11:29","modified_gmt":"2025-11-03T09:11:29","slug":"nuoc-ep-trai-cay-ly-chua-den-co-dac-sunquick-black-currant-drink-concentrate700ml","status":"publish","type":"product","link":"https:\/\/goodfood.com.vn\/en\/product\/nuoc-ep-trai-cay-ly-chua-den-co-dac-sunquick-black-currant-drink-concentrate700ml\/","title":{"rendered":"N\u01b0\u1edbc \u00e9p tr\u00e1i c\u00e2y l\u00fd chua \u0111en c\u00f4 \u0111\u1eb7c Sunquick Black Currant Drink Concentrate 700ml"},"content":{"rendered":"<h4>1. Th\u00e0nh ph\u1ea7n:<\/h4>\n<p>N\u01b0\u1edbc \u00e9p tr\u00e1i c\u00e2y t\u1eeb c\u00f4 \u0111\u1eb7c (50 %) (l\u00fd chua \u0111en (25 %), nho), \u0111\u01b0\u1eddng, n\u01b0\u1edbc, c\u00e0 r\u1ed1t \u0111en c\u00f4 \u0111\u1eb7c, ch\u1ea5t \u0111i\u1ec1u ch\u1ec9nh \u0111\u1ed9 acid (acid citric (INS 330), trikali citrat (INS 332(ii))), vitamin C (acid L-ascorbic 0,3 %), ch\u1ea5t b\u1ea3o qu\u1ea3n (natri benzoat (INS 211), natri metabisulfite (INS 223), kali sorbat (INS 202)), ch\u1ea5t t\u1ea1o ng\u1ecdt t\u1ed5ng h\u1ee3p (sucralose (triclorogalacto sucrose) (INS 955), acesulfam kali (INS 950)), h\u01b0\u01a1ng li\u1ec7u t\u1ef1 nhi\u00ean (l\u00fd chua \u0111en).<\/p>\n<h4>2. Th\u1eddi h\u1ea1n s\u1eed d\u1ee5ng s\u1ea3n ph\u1ea9m:<\/h4>\n<p>12 th\u00e1ng k\u1ec3 t\u1eeb ng\u00e0y s\u1ea3n xu\u1ea5t.<\/p>\n<h4>3. Quy c\u00e1ch \u0111\u00f3ng g\u00f3i v\u00e0 ch\u1ea5t li\u1ec7u bao b\u00ec:<\/h4>\n<p><strong>Ch\u1ea5t li\u1ec7u bao b\u00ec:<\/strong> s\u1ea3n ph\u1ea9m \u0111\u01b0\u1ee3c \u0111\u00f3ng tr\u1ef1c ti\u1ebfp trong chai th\u1ee7y tinh, n\u1eafp nh\u1ef1a PP<\/p>\n<p>Ch\u1ea5t li\u1ec7u bao b\u00ec b\u1ea3o \u0111\u1ea3m an to\u00e0n th\u1ef1c ph\u1ea9m theo qui \u0111\u1ecbnh B\u1ed9 Y T\u1ebf<\/p>\n<p><strong>Quy c\u00e1ch \u0111\u00f3ng g\u00f3i:<\/strong><\/p>\n<p><strong>Th\u1ec3 t\u00edch th\u1ef1c:<\/strong> 700ml<\/p>","protected":false},"excerpt":{"rendered":"<p>1. Th\u00e0nh ph\u1ea7n: N\u01b0\u1edbc \u00e9p tr\u00e1i c\u00e2y t\u1eeb c\u00f4 \u0111\u1eb7c (50 %) (l\u00fd chua \u0111en (25 %), nho), \u0111\u01b0\u1eddng, n\u01b0\u1edbc, c\u00e0 r\u1ed1t \u0111en c\u00f4 \u0111\u1eb7c, ch\u1ea5t \u0111i\u1ec1u ch\u1ec9nh \u0111\u1ed9 acid (acid citric (INS 330), trikali citrat (INS 332(ii))), vitamin C (acid L-ascorbic 0,3 %), ch\u1ea5t b\u1ea3o qu\u1ea3n (natri benzoat (INS 211), natri metabisulfite (INS 223), [&hellip;]<\/p>\n","protected":false},"featured_media":4151,"comment_status":"open","ping_status":"closed","template":"","meta":{"_acf_changed":false},"product_brand":[172],"product_cat":[173],"product_tag":[],"class_list":{"0":"post-4148","1":"product","2":"type-product","3":"status-publish","4":"has-post-thumbnail","6":"product_brand-sunquick","7":"product_cat-nuoc-ep-co-dac","9":"first","10":"instock","11":"shipping-taxable","12":"product-type-simple"},"acf":[],"_links":{"self":[{"href":"https:\/\/goodfood.com.vn\/en\/wp-json\/wp\/v2\/product\/4148","targetHints":{"allow":["GET"]}}],"collection":[{"href":"https:\/\/goodfood.com.vn\/en\/wp-json\/wp\/v2\/product"}],"about":[{"href":"https:\/\/goodfood.com.vn\/en\/wp-json\/wp\/v2\/types\/product"}],"replies":[{"embeddable":true,"href":"https:\/\/goodfood.com.vn\/en\/wp-json\/wp\/v2\/comments?post=4148"}],"version-history":[{"count":4,"href":"https:\/\/goodfood.com.vn\/en\/wp-json\/wp\/v2\/product\/4148\/revisions"}],"predecessor-version":[{"id":4168,"href":"https:\/\/goodfood.com.vn\/en\/wp-json\/wp\/v2\/product\/4148\/revisions\/4168"}],"wp:featuredmedia":[{"embeddable":true,"href":"https:\/\/goodfood.com.vn\/en\/wp-json\/wp\/v2\/media\/4151"}],"wp:attachment":[{"href":"https:\/\/goodfood.com.vn\/en\/wp-json\/wp\/v2\/media?parent=4148"}],"wp:term":[{"taxonomy":"product_brand","embeddable":true,"href":"https:\/\/goodfood.com.vn\/en\/wp-json\/wp\/v2\/product_brand?post=4148"},{"taxonomy":"product_cat","embeddable":true,"href":"https:\/\/goodfood.com.vn\/en\/wp-json\/wp\/v2\/product_cat?post=4148"},{"taxonomy":"product_tag","embeddable":true,"href":"https:\/\/goodfood.com.vn\/en\/wp-json\/wp\/v2\/product_tag?post=4148"}],"curies":[{"name":"wp","href":"https:\/\/api.w.org\/{rel}","templated":true}]}}