{"id":4101,"date":"2025-10-31T18:20:27","date_gmt":"2025-10-31T11:20:27","guid":{"rendered":"https:\/\/goodfood.com.vn\/?post_type=product&#038;p=4101"},"modified":"2025-11-05T14:20:17","modified_gmt":"2025-11-05T07:20:17","slug":"bo-thay-the-peerless-hard-bos","status":"publish","type":"product","link":"https:\/\/goodfood.com.vn\/en\/product\/bo-thay-the-peerless-hard-bos\/","title":{"rendered":"B\u01a1 thay th\u1ebf Peerless Hard BOS"},"content":{"rendered":"<h4>1. Th\u00e0nh ph\u1ea7n:<\/h4>\n<p>Ch\u1ea5t b\u00e9o \u0111\u1ed9ng v\u1eadt (ch\u1ea5t b\u00e9o b\u00f2 \u0111\u00e3 ch\u1ebf bi\u1ebfn \u0103n \u0111\u01b0\u1ee3c, 99 %), h\u01b0\u01a1ng li\u1ec7u t\u1ed5ng h\u1ee3p, ch\u1ea5t ch\u1ed1ng oxy h\u00f3a (INS 320, INS 310) v\u00e0 ph\u1ea9m m\u00e0u t\u1ed5ng h\u1ee3p (INS 160a(i)).<\/p>\n<h4>2. Th\u1eddi h\u1ea1n s\u1eed d\u1ee5ng s\u1ea3n ph\u1ea9m:<\/h4>\n<p>18 th\u00e1ng k\u1ec3 t\u1eeb ng\u00e0y s\u1ea3n xu\u1ea5t.<\/p>\n<h4>3. Quy c\u00e1ch \u0111\u00f3ng g\u00f3i v\u00e0 ch\u1ea5t li\u1ec7u bao b\u00ec:<\/h4>\n<p><strong>Ch\u1ea5t li\u1ec7u bao b\u00ec:<\/strong> s\u1ea3n ph\u1ea9m \u0111\u01b0\u1ee3c \u0111\u00f3ng tr\u1ef1c ti\u1ebfp trong bao b\u00ec nh\u1ef1a PE, b\u00ean ngo\u00e0i bao b\u00ec gi\u1ea5y<\/p>\n<p>Ch\u1ea5t li\u1ec7u bao b\u00ec b\u1ea3o \u0111\u1ea3m an to\u00e0n th\u1ef1c ph\u1ea9m theo qui \u0111\u1ecbnh B\u1ed9 Y T\u1ebf<\/p>\n<p><strong>Quy c\u00e1ch \u0111\u00f3ng g\u00f3i:<\/strong><\/p>\n<p><strong>Kh\u1ed1i l\u01b0\u1ee3ng t\u1ecbnh:<\/strong> 15kg, 18kg<\/p>","protected":false},"excerpt":{"rendered":"<p>1. Th\u00e0nh ph\u1ea7n: Ch\u1ea5t b\u00e9o \u0111\u1ed9ng v\u1eadt (ch\u1ea5t b\u00e9o b\u00f2 \u0111\u00e3 ch\u1ebf bi\u1ebfn \u0103n \u0111\u01b0\u1ee3c, 99 %), h\u01b0\u01a1ng li\u1ec7u t\u1ed5ng h\u1ee3p, ch\u1ea5t ch\u1ed1ng oxy h\u00f3a (INS 320, INS 310) v\u00e0 ph\u1ea9m m\u00e0u t\u1ed5ng h\u1ee3p (INS 160a(i)). 2. Th\u1eddi h\u1ea1n s\u1eed d\u1ee5ng s\u1ea3n ph\u1ea9m: 18 th\u00e1ng k\u1ec3 t\u1eeb ng\u00e0y s\u1ea3n xu\u1ea5t. 3. Quy c\u00e1ch \u0111\u00f3ng g\u00f3i [&hellip;]<\/p>\n","protected":false},"featured_media":4264,"comment_status":"open","ping_status":"closed","template":"","meta":{"_acf_changed":false},"product_brand":[167],"product_cat":[168],"product_tag":[],"class_list":{"0":"post-4101","1":"product","2":"type-product","3":"status-publish","4":"has-post-thumbnail","6":"product_brand-peerless","7":"product_cat-bo-thay-the","9":"first","10":"instock","11":"shipping-taxable","12":"product-type-variable"},"acf":[],"_links":{"self":[{"href":"https:\/\/goodfood.com.vn\/en\/wp-json\/wp\/v2\/product\/4101","targetHints":{"allow":["GET"]}}],"collection":[{"href":"https:\/\/goodfood.com.vn\/en\/wp-json\/wp\/v2\/product"}],"about":[{"href":"https:\/\/goodfood.com.vn\/en\/wp-json\/wp\/v2\/types\/product"}],"replies":[{"embeddable":true,"href":"https:\/\/goodfood.com.vn\/en\/wp-json\/wp\/v2\/comments?post=4101"}],"version-history":[{"count":1,"href":"https:\/\/goodfood.com.vn\/en\/wp-json\/wp\/v2\/product\/4101\/revisions"}],"predecessor-version":[{"id":4107,"href":"https:\/\/goodfood.com.vn\/en\/wp-json\/wp\/v2\/product\/4101\/revisions\/4107"}],"wp:featuredmedia":[{"embeddable":true,"href":"https:\/\/goodfood.com.vn\/en\/wp-json\/wp\/v2\/media\/4264"}],"wp:attachment":[{"href":"https:\/\/goodfood.com.vn\/en\/wp-json\/wp\/v2\/media?parent=4101"}],"wp:term":[{"taxonomy":"product_brand","embeddable":true,"href":"https:\/\/goodfood.com.vn\/en\/wp-json\/wp\/v2\/product_brand?post=4101"},{"taxonomy":"product_cat","embeddable":true,"href":"https:\/\/goodfood.com.vn\/en\/wp-json\/wp\/v2\/product_cat?post=4101"},{"taxonomy":"product_tag","embeddable":true,"href":"https:\/\/goodfood.com.vn\/en\/wp-json\/wp\/v2\/product_tag?post=4101"}],"curies":[{"name":"wp","href":"https:\/\/api.w.org\/{rel}","templated":true}]}}