{"id":4072,"date":"2025-10-30T14:39:49","date_gmt":"2025-10-30T07:39:49","guid":{"rendered":"https:\/\/goodfood.com.vn\/?post_type=product&#038;p=4072"},"modified":"2025-10-30T14:39:49","modified_gmt":"2025-10-30T07:39:49","slug":"kem-trang-tri-danh-bong-nabella-non-dairy-topping-whipping-cream-1l","status":"publish","type":"product","link":"https:\/\/goodfood.com.vn\/en\/product\/kem-trang-tri-danh-bong-nabella-non-dairy-topping-whipping-cream-1l\/","title":{"rendered":"Kem trang tr\u00ed \u0111\u00e1nh b\u00f4ng Nabella Non-Dairy Topping Whipping Cream 1L"},"content":{"rendered":"<h4>1. Th\u00e0nh ph\u1ea7n:<\/h4>\n<p>N\u01b0\u1edbc, d\u1ea7u nh\u00e2n c\u1ecd \u0111\u00e3 hydro h\u00f3a, glucoza \u0103n \u0111\u01b0\u1ee3c, sir\u00f4 m\u1ea1ch nha, \u0111\u01b0\u1eddng, natri caseinat, ch\u1ea5t nh\u0169 h\u00f3a (INS 491, INS 481(i)), ch\u1ea5t l\u00e0m d\u00e0y (INS 464, INS 415, INS 407), ch\u1ea5t \u0111i\u1ec1u ch\u1ec9nh \u0111\u1ed9 acid (INS 339 (iii), INS 339 (i), INS 330), mu\u1ed1i, h\u01b0\u01a1ng li\u1ec7u vani t\u1ed5ng h\u1ee3p.<\/p>\n<h4>2. Th\u1eddi h\u1ea1n s\u1eed d\u1ee5ng s\u1ea3n ph\u1ea9m:<\/h4>\n<p>18 th\u00e1ng k\u1ec3 t\u1eeb ng\u00e0y s\u1ea3n xu\u1ea5t.<\/p>\n<h4>3. Quy c\u00e1ch \u0111\u00f3ng g\u00f3i v\u00e0 ch\u1ea5t li\u1ec7u bao b\u00ec:<\/h4>\n<p><strong>Ch\u1ea5t li\u1ec7u bao b\u00ec:<\/strong> s\u1ea3n ph\u1ea9m \u0111\u01b0\u1ee3c \u0111\u00f3ng tr\u1ef1c ti\u1ebfp trong bao b\u00ec gi\u1ea5y c\u00f3 l\u1edbp tr\u00e1ng nh\u1ef1a PE<\/p>\n<p>Ch\u1ea5t li\u1ec7u bao b\u00ec b\u1ea3o \u0111\u1ea3m an to\u00e0n th\u1ef1c ph\u1ea9m theo qui \u0111\u1ecbnh B\u1ed9 Y T\u1ebf<\/p>\n<p><strong>Quy c\u00e1ch \u0111\u00f3ng g\u00f3i:<\/strong><\/p>\n<p><strong>Kh\u1ed1i l\u01b0\u1ee3ng t\u1ecbnh:<\/strong> 1kg<\/p>","protected":false},"excerpt":{"rendered":"<p>1. Th\u00e0nh ph\u1ea7n: N\u01b0\u1edbc, d\u1ea7u nh\u00e2n c\u1ecd \u0111\u00e3 hydro h\u00f3a, glucoza \u0103n \u0111\u01b0\u1ee3c, sir\u00f4 m\u1ea1ch nha, \u0111\u01b0\u1eddng, natri caseinat, ch\u1ea5t nh\u0169 h\u00f3a (INS 491, INS 481(i)), ch\u1ea5t l\u00e0m d\u00e0y (INS 464, INS 415, INS 407), ch\u1ea5t \u0111i\u1ec1u ch\u1ec9nh \u0111\u1ed9 acid (INS 339 (iii), INS 339 (i), INS 330), mu\u1ed1i, h\u01b0\u01a1ng li\u1ec7u vani t\u1ed5ng h\u1ee3p. 2. [&hellip;]<\/p>\n","protected":false},"featured_media":4073,"comment_status":"open","ping_status":"closed","template":"","meta":{"_acf_changed":false},"product_brand":[155],"product_cat":[15],"product_tag":[],"class_list":{"0":"post-4072","1":"product","2":"type-product","3":"status-publish","4":"has-post-thumbnail","6":"product_brand-nabella","7":"product_cat-uncategorized","9":"first","10":"instock","11":"shipping-taxable","12":"product-type-simple"},"acf":[],"_links":{"self":[{"href":"https:\/\/goodfood.com.vn\/en\/wp-json\/wp\/v2\/product\/4072","targetHints":{"allow":["GET"]}}],"collection":[{"href":"https:\/\/goodfood.com.vn\/en\/wp-json\/wp\/v2\/product"}],"about":[{"href":"https:\/\/goodfood.com.vn\/en\/wp-json\/wp\/v2\/types\/product"}],"replies":[{"embeddable":true,"href":"https:\/\/goodfood.com.vn\/en\/wp-json\/wp\/v2\/comments?post=4072"}],"version-history":[{"count":1,"href":"https:\/\/goodfood.com.vn\/en\/wp-json\/wp\/v2\/product\/4072\/revisions"}],"predecessor-version":[{"id":4074,"href":"https:\/\/goodfood.com.vn\/en\/wp-json\/wp\/v2\/product\/4072\/revisions\/4074"}],"wp:featuredmedia":[{"embeddable":true,"href":"https:\/\/goodfood.com.vn\/en\/wp-json\/wp\/v2\/media\/4073"}],"wp:attachment":[{"href":"https:\/\/goodfood.com.vn\/en\/wp-json\/wp\/v2\/media?parent=4072"}],"wp:term":[{"taxonomy":"product_brand","embeddable":true,"href":"https:\/\/goodfood.com.vn\/en\/wp-json\/wp\/v2\/product_brand?post=4072"},{"taxonomy":"product_cat","embeddable":true,"href":"https:\/\/goodfood.com.vn\/en\/wp-json\/wp\/v2\/product_cat?post=4072"},{"taxonomy":"product_tag","embeddable":true,"href":"https:\/\/goodfood.com.vn\/en\/wp-json\/wp\/v2\/product_tag?post=4072"}],"curies":[{"name":"wp","href":"https:\/\/api.w.org\/{rel}","templated":true}]}}