{"id":4061,"date":"2025-10-28T11:20:43","date_gmt":"2025-10-28T04:20:43","guid":{"rendered":"https:\/\/goodfood.com.vn\/?post_type=product&#038;p=4061"},"modified":"2025-10-28T11:29:05","modified_gmt":"2025-10-28T04:29:05","slug":"bo-thuc-vat-dang-mieng-adeka-butter-sheet-nbs1","status":"publish","type":"product","link":"https:\/\/goodfood.com.vn\/en\/product\/bo-thuc-vat-dang-mieng-adeka-butter-sheet-nbs1\/","title":{"rendered":"B\u01a1 th\u1ef1c v\u1eadt d\u1ea1ng mi\u1ebfng Adeka Butter Sheet NBS1"},"content":{"rendered":"<h4>1. Th\u00e0nh ph\u1ea7n:<\/h4>\n<p>D\u1ea7u th\u1ef1c v\u1eadt (d\u1ea7u c\u1ecd, d\u1ea7u \u0111\u1eadu n\u00e0nh) (75,6775%), n\u01b0\u1edbc, b\u01a1 (5%), s\u1eefa b\u1ed9t t\u00e1ch b\u00e9o, ch\u1ea5t nh\u0169 h\u00f3a (INS 471, INS 475 v\u00e0 INS 322(i)), mu\u1ed1i, h\u01b0\u01a1ng li\u1ec7u b\u01a1 t\u1ed5ng h\u1ee3p, chi\u1ebft xu\u1ea5t n\u00e1m men, ch\u1ea5t ch\u1ed1ng oxy h\u00f3a (INS 307b), ph\u1ea9m m\u00e0u t\u1ef1 nhi\u00ean (INS 160a(ii)).<\/p>\n<h4>2. Th\u1eddi h\u1ea1n s\u1eed d\u1ee5ng s\u1ea3n ph\u1ea9m:<\/h4>\n<p>240 ng\u00e0y k\u1ec3 t\u1eeb ng\u00e0y s\u1ea3n xu\u1ea5t.<\/p>\n<h4>3. Quy c\u00e1ch \u0111\u00f3ng g\u00f3i v\u00e0 ch\u1ea5t li\u1ec7u bao b\u00ec:<\/h4>\n<p><strong>Ch\u1ea5t li\u1ec7u bao b\u00ec:<\/strong> s\u1ea3n ph\u1ea9m \u0111\u01b0\u1ee3c \u0111\u00f3ng tr\u1ef1c ti\u1ebfp trong bao b\u00ec nh\u1ef1a PPE, b\u00ean ngo\u00e0i bao b\u00ec gi\u1ea5y<\/p>\n<p>Ch\u1ea5t li\u1ec7u bao b\u00ec b\u1ea3o \u0111\u1ea3m an to\u00e0n th\u1ef1c ph\u1ea9m theo qui \u0111\u1ecbnh B\u1ed9 Y T\u1ebf<\/p>\n<p><strong>Quy c\u00e1ch \u0111\u00f3ng g\u00f3i:<\/strong><\/p>\n<p><strong>Kh\u1ed1i l\u01b0\u1ee3ng t\u1ecbnh:<\/strong> 15kg (15 mi\u1ebfng x 1kg)<\/p>","protected":false},"excerpt":{"rendered":"<p>1. Th\u00e0nh ph\u1ea7n: D\u1ea7u th\u1ef1c v\u1eadt (d\u1ea7u c\u1ecd, d\u1ea7u \u0111\u1eadu n\u00e0nh) (75,6775%), n\u01b0\u1edbc, b\u01a1 (5%), s\u1eefa b\u1ed9t t\u00e1ch b\u00e9o, ch\u1ea5t nh\u0169 h\u00f3a (INS 471, INS 475 v\u00e0 INS 322(i)), mu\u1ed1i, h\u01b0\u01a1ng li\u1ec7u b\u01a1 t\u1ed5ng h\u1ee3p, chi\u1ebft xu\u1ea5t n\u00e1m men, ch\u1ea5t ch\u1ed1ng oxy h\u00f3a (INS 307b), ph\u1ea9m m\u00e0u t\u1ef1 nhi\u00ean (INS 160a(ii)). 2. Th\u1eddi h\u1ea1n s\u1eed [&hellip;]<\/p>\n","protected":false},"featured_media":4063,"comment_status":"open","ping_status":"closed","template":"","meta":{"_acf_changed":false},"product_brand":[156],"product_cat":[166],"product_tag":[],"class_list":{"0":"post-4061","1":"product","2":"type-product","3":"status-publish","4":"has-post-thumbnail","6":"product_brand-adeka","7":"product_cat-bo-hon-hop","9":"first","10":"instock","11":"shipping-taxable","12":"product-type-simple"},"acf":[],"_links":{"self":[{"href":"https:\/\/goodfood.com.vn\/en\/wp-json\/wp\/v2\/product\/4061","targetHints":{"allow":["GET"]}}],"collection":[{"href":"https:\/\/goodfood.com.vn\/en\/wp-json\/wp\/v2\/product"}],"about":[{"href":"https:\/\/goodfood.com.vn\/en\/wp-json\/wp\/v2\/types\/product"}],"replies":[{"embeddable":true,"href":"https:\/\/goodfood.com.vn\/en\/wp-json\/wp\/v2\/comments?post=4061"}],"version-history":[{"count":2,"href":"https:\/\/goodfood.com.vn\/en\/wp-json\/wp\/v2\/product\/4061\/revisions"}],"predecessor-version":[{"id":4064,"href":"https:\/\/goodfood.com.vn\/en\/wp-json\/wp\/v2\/product\/4061\/revisions\/4064"}],"wp:featuredmedia":[{"embeddable":true,"href":"https:\/\/goodfood.com.vn\/en\/wp-json\/wp\/v2\/media\/4063"}],"wp:attachment":[{"href":"https:\/\/goodfood.com.vn\/en\/wp-json\/wp\/v2\/media?parent=4061"}],"wp:term":[{"taxonomy":"product_brand","embeddable":true,"href":"https:\/\/goodfood.com.vn\/en\/wp-json\/wp\/v2\/product_brand?post=4061"},{"taxonomy":"product_cat","embeddable":true,"href":"https:\/\/goodfood.com.vn\/en\/wp-json\/wp\/v2\/product_cat?post=4061"},{"taxonomy":"product_tag","embeddable":true,"href":"https:\/\/goodfood.com.vn\/en\/wp-json\/wp\/v2\/product_tag?post=4061"}],"curies":[{"name":"wp","href":"https:\/\/api.w.org\/{rel}","templated":true}]}}