{"id":4056,"date":"2025-10-28T10:49:52","date_gmt":"2025-10-28T03:49:52","guid":{"rendered":"https:\/\/goodfood.com.vn\/?post_type=product&#038;p=4056"},"modified":"2025-10-28T11:27:06","modified_gmt":"2025-10-28T04:27:06","slug":"bo-hon-hop-dang-mieng-adeka-butter-blended-sheet-ck-3-1kg","status":"publish","type":"product","link":"https:\/\/goodfood.com.vn\/en\/product\/bo-hon-hop-dang-mieng-adeka-butter-blended-sheet-ck-3-1kg\/","title":{"rendered":"B\u01a1 h\u1ed7n h\u1ee3p d\u1ea1ng mi\u1ebfng Adeka Butter Blended Sheet CK-3 1kg"},"content":{"rendered":"<h4>1. Th\u00e0nh ph\u1ea7n:<\/h4>\n<p>D\u1ea7u th\u1ef1c v\u1eadt (d\u1ea7u c\u1ecd, d\u1ea7u \u0111\u1eadu n\u00e0nh) (78,9535%), n\u01b0\u1edbc, s\u1eefa b\u1ed9t t\u00e1ch b\u00e9o (2%), ch\u1ea5t nh\u0169 h\u00f3a (INS 471, INS 475 v\u00e0 INS 322(i)), b\u01a1, mu\u1ed1i, chi\u1ebft xu\u1ea5t n\u1ea5m men, h\u01b0\u01a1ng li\u1ec7u b\u01a1 (t\u1ed5ng h\u1ee3p), ch\u1ea5t ch\u1ed1ng oxy h\u00f3a (INS 307b), ph\u1ea9m m\u00e0u t\u1ef1 nhi\u00ean (INS 160a(ii)).<\/p>\n<h4>2. Th\u1eddi h\u1ea1n s\u1eed d\u1ee5ng s\u1ea3n ph\u1ea9m:<\/h4>\n<p>240 ng\u00e0y k\u1ec3 t\u1eeb ng\u00e0y s\u1ea3n xu\u1ea5t.<\/p>\n<h4>3. Quy c\u00e1ch \u0111\u00f3ng g\u00f3i v\u00e0 ch\u1ea5t li\u1ec7u bao b\u00ec:<\/h4>\n<p><strong>Ch\u1ea5t li\u1ec7u bao b\u00ec:<\/strong> s\u1ea3n ph\u1ea9m \u0111\u01b0\u1ee3c \u0111\u00f3ng tr\u1ef1c ti\u1ebfp trong bao b\u00ec nh\u1ef1a PA, b\u00ean ngo\u00e0i bao b\u00ec gi\u1ea5y<\/p>\n<p>Ch\u1ea5t li\u1ec7u bao b\u00ec b\u1ea3o \u0111\u1ea3m an to\u00e0n th\u1ef1c ph\u1ea9m theo qui \u0111\u1ecbnh B\u1ed9 Y T\u1ebf<\/p>\n<p><strong>Quy c\u00e1ch \u0111\u00f3ng g\u00f3i:<\/strong><\/p>\n<p><strong>Kh\u1ed1i l\u01b0\u1ee3ng t\u1ecbnh:<\/strong> 15kg (15 mi\u1ebfng x 1kg)<\/p>","protected":false},"excerpt":{"rendered":"<p>1. Th\u00e0nh ph\u1ea7n: D\u1ea7u th\u1ef1c v\u1eadt (d\u1ea7u c\u1ecd, d\u1ea7u \u0111\u1eadu n\u00e0nh) (78,9535%), n\u01b0\u1edbc, s\u1eefa b\u1ed9t t\u00e1ch b\u00e9o (2%), ch\u1ea5t nh\u0169 h\u00f3a (INS 471, INS 475 v\u00e0 INS 322(i)), b\u01a1, mu\u1ed1i, chi\u1ebft xu\u1ea5t n\u1ea5m men, h\u01b0\u01a1ng li\u1ec7u b\u01a1 (t\u1ed5ng h\u1ee3p), ch\u1ea5t ch\u1ed1ng oxy h\u00f3a (INS 307b), ph\u1ea9m m\u00e0u t\u1ef1 nhi\u00ean (INS 160a(ii)). 2. Th\u1eddi h\u1ea1n s\u1eed [&hellip;]<\/p>\n","protected":false},"featured_media":4057,"comment_status":"open","ping_status":"closed","template":"","meta":{"_acf_changed":false},"product_brand":[156],"product_cat":[166],"product_tag":[],"class_list":{"0":"post-4056","1":"product","2":"type-product","3":"status-publish","4":"has-post-thumbnail","6":"product_brand-adeka","7":"product_cat-bo-hon-hop","9":"first","10":"instock","11":"shipping-taxable","12":"product-type-simple"},"acf":[],"yoast_head":"<!-- This site is optimized with the Yoast SEO Premium plugin v27.3 (Yoast SEO v27.3) - https:\/\/yoast.com\/product\/yoast-seo-premium-wordpress\/ -->\n<title>B\u01a1 h\u1ed7n h\u1ee3p d\u1ea1ng mi\u1ebfng Adeka Butter Blended Sheet CK-3 1kg - GoodFood Vietnam<\/title>\n<meta name=\"robots\" content=\"index, follow, max-snippet:-1, max-image-preview:large, max-video-preview:-1\" \/>\n<link rel=\"canonical\" href=\"https:\/\/goodfood.com.vn\/en\/product\/bo-hon-hop-dang-mieng-adeka-butter-blended-sheet-ck-3-1kg\/\" \/>\n<meta property=\"og:locale\" content=\"en_US\" \/>\n<meta property=\"og:type\" content=\"article\" \/>\n<meta property=\"og:title\" content=\"B\u01a1 h\u1ed7n h\u1ee3p d\u1ea1ng mi\u1ebfng Adeka Butter Blended Sheet CK-3 1kg\" \/>\n<meta property=\"og:description\" content=\"1. Th\u00e0nh ph\u1ea7n: D\u1ea7u th\u1ef1c v\u1eadt (d\u1ea7u c\u1ecd, d\u1ea7u \u0111\u1eadu n\u00e0nh) (78,9535%), n\u01b0\u1edbc, s\u1eefa b\u1ed9t t\u00e1ch b\u00e9o (2%), ch\u1ea5t nh\u0169 h\u00f3a (INS 471, INS 475 v\u00e0 INS 322(i)), b\u01a1, mu\u1ed1i, chi\u1ebft xu\u1ea5t n\u1ea5m men, h\u01b0\u01a1ng li\u1ec7u b\u01a1 (t\u1ed5ng h\u1ee3p), ch\u1ea5t ch\u1ed1ng oxy h\u00f3a (INS 307b), ph\u1ea9m m\u00e0u t\u1ef1 nhi\u00ean (INS 160a(ii)). 2. Th\u1eddi h\u1ea1n s\u1eed [&hellip;]\" \/>\n<meta property=\"og:url\" content=\"https:\/\/goodfood.com.vn\/en\/product\/bo-hon-hop-dang-mieng-adeka-butter-blended-sheet-ck-3-1kg\/\" \/>\n<meta property=\"og:site_name\" content=\"GoodFood Vietnam\" \/>\n<meta property=\"article:publisher\" content=\"https:\/\/www.facebook.com\/GoodFoodVN194\" \/>\n<meta property=\"article:modified_time\" content=\"2025-10-28T04:27:06+00:00\" \/>\n<meta property=\"og:image\" content=\"https:\/\/goodfood.com.vn\/wp-content\/uploads\/ADBBSCK1K_Adeka_Butter_Sheet_CK3.webp\" \/>\n\t<meta property=\"og:image:width\" content=\"1500\" \/>\n\t<meta property=\"og:image:height\" content=\"1500\" \/>\n\t<meta property=\"og:image:type\" content=\"image\/webp\" \/>\n<meta name=\"twitter:card\" content=\"summary_large_image\" \/>\n<meta name=\"twitter:label1\" content=\"Est. reading time\" \/>\n\t<meta name=\"twitter:data1\" content=\"1 minute\" \/>\n<script type=\"application\/ld+json\" class=\"yoast-schema-graph\">{\"@context\":\"https:\\\/\\\/schema.org\",\"@graph\":[{\"@type\":\"WebPage\",\"@id\":\"https:\\\/\\\/goodfood.com.vn\\\/product\\\/bo-hon-hop-dang-mieng-adeka-butter-blended-sheet-ck-3-1kg\\\/\",\"url\":\"https:\\\/\\\/goodfood.com.vn\\\/product\\\/bo-hon-hop-dang-mieng-adeka-butter-blended-sheet-ck-3-1kg\\\/\",\"name\":\"B\u01a1 h\u1ed7n h\u1ee3p d\u1ea1ng mi\u1ebfng Adeka Butter Blended Sheet CK-3 1kg - GoodFood Vietnam\",\"isPartOf\":{\"@id\":\"https:\\\/\\\/goodfood.com.vn\\\/#website\"},\"primaryImageOfPage\":{\"@id\":\"https:\\\/\\\/goodfood.com.vn\\\/product\\\/bo-hon-hop-dang-mieng-adeka-butter-blended-sheet-ck-3-1kg\\\/#primaryimage\"},\"image\":{\"@id\":\"https:\\\/\\\/goodfood.com.vn\\\/product\\\/bo-hon-hop-dang-mieng-adeka-butter-blended-sheet-ck-3-1kg\\\/#primaryimage\"},\"thumbnailUrl\":\"https:\\\/\\\/goodfood.com.vn\\\/wp-content\\\/uploads\\\/ADBBSCK1K_Adeka_Butter_Sheet_CK3.webp\",\"datePublished\":\"2025-10-28T03:49:52+00:00\",\"dateModified\":\"2025-10-28T04:27:06+00:00\",\"breadcrumb\":{\"@id\":\"https:\\\/\\\/goodfood.com.vn\\\/product\\\/bo-hon-hop-dang-mieng-adeka-butter-blended-sheet-ck-3-1kg\\\/#breadcrumb\"},\"inLanguage\":\"en-US\",\"potentialAction\":[{\"@type\":\"ReadAction\",\"target\":[\"https:\\\/\\\/goodfood.com.vn\\\/product\\\/bo-hon-hop-dang-mieng-adeka-butter-blended-sheet-ck-3-1kg\\\/\"]}]},{\"@type\":\"ImageObject\",\"inLanguage\":\"en-US\",\"@id\":\"https:\\\/\\\/goodfood.com.vn\\\/product\\\/bo-hon-hop-dang-mieng-adeka-butter-blended-sheet-ck-3-1kg\\\/#primaryimage\",\"url\":\"https:\\\/\\\/goodfood.com.vn\\\/wp-content\\\/uploads\\\/ADBBSCK1K_Adeka_Butter_Sheet_CK3.webp\",\"contentUrl\":\"https:\\\/\\\/goodfood.com.vn\\\/wp-content\\\/uploads\\\/ADBBSCK1K_Adeka_Butter_Sheet_CK3.webp\",\"width\":1500,\"height\":1500},{\"@type\":\"BreadcrumbList\",\"@id\":\"https:\\\/\\\/goodfood.com.vn\\\/product\\\/bo-hon-hop-dang-mieng-adeka-butter-blended-sheet-ck-3-1kg\\\/#breadcrumb\",\"itemListElement\":[{\"@type\":\"ListItem\",\"position\":1,\"name\":\"Trang ch\u1ee7\",\"item\":\"https:\\\/\\\/goodfood.com.vn\\\/\"},{\"@type\":\"ListItem\",\"position\":2,\"name\":\"Shop\",\"item\":\"https:\\\/\\\/goodfood.com.vn\\\/shop\\\/\"},{\"@type\":\"ListItem\",\"position\":3,\"name\":\"B\u01a1 h\u1ed7n h\u1ee3p d\u1ea1ng mi\u1ebfng Adeka Butter Blended Sheet CK-3 1kg\"}]},{\"@type\":\"WebSite\",\"@id\":\"https:\\\/\\\/goodfood.com.vn\\\/#website\",\"url\":\"https:\\\/\\\/goodfood.com.vn\\\/\",\"name\":\"GoodFood Vietnam\",\"description\":\"From Around The World\",\"publisher\":{\"@id\":\"https:\\\/\\\/goodfood.com.vn\\\/#organization\"},\"alternateName\":\"C\u00f4ng ty TNHH Th\u1ef1c Ph\u1ea9m T\u1ed1t L\u00e0nh\",\"potentialAction\":[{\"@type\":\"SearchAction\",\"target\":{\"@type\":\"EntryPoint\",\"urlTemplate\":\"https:\\\/\\\/goodfood.com.vn\\\/?s={search_term_string}\"},\"query-input\":{\"@type\":\"PropertyValueSpecification\",\"valueRequired\":true,\"valueName\":\"search_term_string\"}}],\"inLanguage\":\"en-US\"},{\"@type\":\"Organization\",\"@id\":\"https:\\\/\\\/goodfood.com.vn\\\/#organization\",\"name\":\"GoodFood Vietnam\",\"alternateName\":\"C\u00f4ng ty TNHH Th\u1ef1c Ph\u1ea9m T\u1ed1t L\u00e0nh\",\"url\":\"https:\\\/\\\/goodfood.com.vn\\\/\",\"logo\":{\"@type\":\"ImageObject\",\"inLanguage\":\"en-US\",\"@id\":\"https:\\\/\\\/goodfood.com.vn\\\/#\\\/schema\\\/logo\\\/image\\\/\",\"url\":\"https:\\\/\\\/goodfood.com.vn\\\/wp-content\\\/uploads\\\/goodfood-logo-no-tagline-favicon-512x512-1.svg\",\"contentUrl\":\"https:\\\/\\\/goodfood.com.vn\\\/wp-content\\\/uploads\\\/goodfood-logo-no-tagline-favicon-512x512-1.svg\",\"width\":512,\"height\":512,\"caption\":\"GoodFood Vietnam\"},\"image\":{\"@id\":\"https:\\\/\\\/goodfood.com.vn\\\/#\\\/schema\\\/logo\\\/image\\\/\"},\"sameAs\":[\"https:\\\/\\\/www.facebook.com\\\/GoodFoodVN194\",\"https:\\\/\\\/vn.linkedin.com\\\/company\\\/goodfoodvietnam\",\"https:\\\/\\\/www.tiktok.com\\\/@goodfood_aroundtheworld\"],\"description\":\"GoodFood l\u00e0 nh\u00e0 nh\u1eadp kh\u1ea9u v\u00e0 ph\u00e2n ph\u1ed1i th\u1ef1c ph\u1ea9m cao c\u1ea5p, nguy\u00ean li\u1ec7u pha ch\u1ebf, nguy\u00ean li\u1ec7u l\u00e0m b\u00e1nh cho nh\u00e0 h\u00e0ng kh\u00e1ch s\u1ea1n, h\u1ec7 th\u1ed1ng F&B h\u00e0ng \u0111\u1ea7u Vi\u1ec7t Nam\",\"email\":\"info@goodfood.com.vn\",\"telephone\":\"0916172642\",\"legalName\":\"C\u00d4NG TY TNHH TH\u1ef0C PH\u1ea8M T\u1ed0T L\u00c0NH\",\"foundingDate\":\"2003-09-26\",\"vatID\":\"0303085267\",\"taxID\":\"0303085267\",\"numberOfEmployees\":{\"@type\":\"QuantitativeValue\",\"minValue\":\"501\",\"maxValue\":\"1000\"},\"publishingPrinciples\":\"https:\\\/\\\/goodfood.com.vn\\\/dieu-khoan-su-dung\\\/\",\"ownershipFundingInfo\":\"https:\\\/\\\/goodfood.com.vn\\\/dieu-khoan-su-dung\\\/\",\"ethicsPolicy\":\"https:\\\/\\\/goodfood.com.vn\\\/dieu-khoan-su-dung\\\/\"}]}<\/script>\n<!-- \/ Yoast SEO Premium plugin. -->","yoast_head_json":{"title":"B\u01a1 h\u1ed7n h\u1ee3p d\u1ea1ng mi\u1ebfng Adeka Butter Blended Sheet CK-3 1kg - GoodFood Vietnam","robots":{"index":"index","follow":"follow","max-snippet":"max-snippet:-1","max-image-preview":"max-image-preview:large","max-video-preview":"max-video-preview:-1"},"canonical":"https:\/\/goodfood.com.vn\/en\/product\/bo-hon-hop-dang-mieng-adeka-butter-blended-sheet-ck-3-1kg\/","og_locale":"en_US","og_type":"article","og_title":"B\u01a1 h\u1ed7n h\u1ee3p d\u1ea1ng mi\u1ebfng Adeka Butter Blended Sheet CK-3 1kg","og_description":"1. Th\u00e0nh ph\u1ea7n: D\u1ea7u th\u1ef1c v\u1eadt (d\u1ea7u c\u1ecd, d\u1ea7u \u0111\u1eadu n\u00e0nh) (78,9535%), n\u01b0\u1edbc, s\u1eefa b\u1ed9t t\u00e1ch b\u00e9o (2%), ch\u1ea5t nh\u0169 h\u00f3a (INS 471, INS 475 v\u00e0 INS 322(i)), b\u01a1, mu\u1ed1i, chi\u1ebft xu\u1ea5t n\u1ea5m men, h\u01b0\u01a1ng li\u1ec7u b\u01a1 (t\u1ed5ng h\u1ee3p), ch\u1ea5t ch\u1ed1ng oxy h\u00f3a (INS 307b), ph\u1ea9m m\u00e0u t\u1ef1 nhi\u00ean (INS 160a(ii)). 2. Th\u1eddi h\u1ea1n s\u1eed [&hellip;]","og_url":"https:\/\/goodfood.com.vn\/en\/product\/bo-hon-hop-dang-mieng-adeka-butter-blended-sheet-ck-3-1kg\/","og_site_name":"GoodFood Vietnam","article_publisher":"https:\/\/www.facebook.com\/GoodFoodVN194","article_modified_time":"2025-10-28T04:27:06+00:00","og_image":[{"width":1500,"height":1500,"url":"https:\/\/goodfood.com.vn\/wp-content\/uploads\/ADBBSCK1K_Adeka_Butter_Sheet_CK3.webp","type":"image\/webp"}],"twitter_card":"summary_large_image","twitter_misc":{"Est. reading time":"1 minute"},"schema":{"@context":"https:\/\/schema.org","@graph":[{"@type":"WebPage","@id":"https:\/\/goodfood.com.vn\/product\/bo-hon-hop-dang-mieng-adeka-butter-blended-sheet-ck-3-1kg\/","url":"https:\/\/goodfood.com.vn\/product\/bo-hon-hop-dang-mieng-adeka-butter-blended-sheet-ck-3-1kg\/","name":"B\u01a1 h\u1ed7n h\u1ee3p d\u1ea1ng mi\u1ebfng Adeka Butter Blended Sheet CK-3 1kg - GoodFood Vietnam","isPartOf":{"@id":"https:\/\/goodfood.com.vn\/#website"},"primaryImageOfPage":{"@id":"https:\/\/goodfood.com.vn\/product\/bo-hon-hop-dang-mieng-adeka-butter-blended-sheet-ck-3-1kg\/#primaryimage"},"image":{"@id":"https:\/\/goodfood.com.vn\/product\/bo-hon-hop-dang-mieng-adeka-butter-blended-sheet-ck-3-1kg\/#primaryimage"},"thumbnailUrl":"https:\/\/goodfood.com.vn\/wp-content\/uploads\/ADBBSCK1K_Adeka_Butter_Sheet_CK3.webp","datePublished":"2025-10-28T03:49:52+00:00","dateModified":"2025-10-28T04:27:06+00:00","breadcrumb":{"@id":"https:\/\/goodfood.com.vn\/product\/bo-hon-hop-dang-mieng-adeka-butter-blended-sheet-ck-3-1kg\/#breadcrumb"},"inLanguage":"en-US","potentialAction":[{"@type":"ReadAction","target":["https:\/\/goodfood.com.vn\/product\/bo-hon-hop-dang-mieng-adeka-butter-blended-sheet-ck-3-1kg\/"]}]},{"@type":"ImageObject","inLanguage":"en-US","@id":"https:\/\/goodfood.com.vn\/product\/bo-hon-hop-dang-mieng-adeka-butter-blended-sheet-ck-3-1kg\/#primaryimage","url":"https:\/\/goodfood.com.vn\/wp-content\/uploads\/ADBBSCK1K_Adeka_Butter_Sheet_CK3.webp","contentUrl":"https:\/\/goodfood.com.vn\/wp-content\/uploads\/ADBBSCK1K_Adeka_Butter_Sheet_CK3.webp","width":1500,"height":1500},{"@type":"BreadcrumbList","@id":"https:\/\/goodfood.com.vn\/product\/bo-hon-hop-dang-mieng-adeka-butter-blended-sheet-ck-3-1kg\/#breadcrumb","itemListElement":[{"@type":"ListItem","position":1,"name":"Trang ch\u1ee7","item":"https:\/\/goodfood.com.vn\/"},{"@type":"ListItem","position":2,"name":"Shop","item":"https:\/\/goodfood.com.vn\/shop\/"},{"@type":"ListItem","position":3,"name":"B\u01a1 h\u1ed7n h\u1ee3p d\u1ea1ng mi\u1ebfng Adeka Butter Blended Sheet CK-3 1kg"}]},{"@type":"WebSite","@id":"https:\/\/goodfood.com.vn\/#website","url":"https:\/\/goodfood.com.vn\/","name":"GoodFood Vietnam","description":"From Around The World","publisher":{"@id":"https:\/\/goodfood.com.vn\/#organization"},"alternateName":"C\u00f4ng ty TNHH Th\u1ef1c Ph\u1ea9m T\u1ed1t L\u00e0nh","potentialAction":[{"@type":"SearchAction","target":{"@type":"EntryPoint","urlTemplate":"https:\/\/goodfood.com.vn\/?s={search_term_string}"},"query-input":{"@type":"PropertyValueSpecification","valueRequired":true,"valueName":"search_term_string"}}],"inLanguage":"en-US"},{"@type":"Organization","@id":"https:\/\/goodfood.com.vn\/#organization","name":"GoodFood Vietnam","alternateName":"C\u00f4ng ty TNHH Th\u1ef1c Ph\u1ea9m T\u1ed1t L\u00e0nh","url":"https:\/\/goodfood.com.vn\/","logo":{"@type":"ImageObject","inLanguage":"en-US","@id":"https:\/\/goodfood.com.vn\/#\/schema\/logo\/image\/","url":"https:\/\/goodfood.com.vn\/wp-content\/uploads\/goodfood-logo-no-tagline-favicon-512x512-1.svg","contentUrl":"https:\/\/goodfood.com.vn\/wp-content\/uploads\/goodfood-logo-no-tagline-favicon-512x512-1.svg","width":512,"height":512,"caption":"GoodFood Vietnam"},"image":{"@id":"https:\/\/goodfood.com.vn\/#\/schema\/logo\/image\/"},"sameAs":["https:\/\/www.facebook.com\/GoodFoodVN194","https:\/\/vn.linkedin.com\/company\/goodfoodvietnam","https:\/\/www.tiktok.com\/@goodfood_aroundtheworld"],"description":"GoodFood l\u00e0 nh\u00e0 nh\u1eadp kh\u1ea9u v\u00e0 ph\u00e2n ph\u1ed1i th\u1ef1c ph\u1ea9m cao c\u1ea5p, nguy\u00ean li\u1ec7u pha ch\u1ebf, nguy\u00ean li\u1ec7u l\u00e0m b\u00e1nh cho nh\u00e0 h\u00e0ng kh\u00e1ch s\u1ea1n, h\u1ec7 th\u1ed1ng F&B h\u00e0ng \u0111\u1ea7u Vi\u1ec7t Nam","email":"info@goodfood.com.vn","telephone":"0916172642","legalName":"C\u00d4NG TY TNHH TH\u1ef0C PH\u1ea8M T\u1ed0T L\u00c0NH","foundingDate":"2003-09-26","vatID":"0303085267","taxID":"0303085267","numberOfEmployees":{"@type":"QuantitativeValue","minValue":"501","maxValue":"1000"},"publishingPrinciples":"https:\/\/goodfood.com.vn\/dieu-khoan-su-dung\/","ownershipFundingInfo":"https:\/\/goodfood.com.vn\/dieu-khoan-su-dung\/","ethicsPolicy":"https:\/\/goodfood.com.vn\/dieu-khoan-su-dung\/"}]}},"_links":{"self":[{"href":"https:\/\/goodfood.com.vn\/en\/wp-json\/wp\/v2\/product\/4056","targetHints":{"allow":["GET"]}}],"collection":[{"href":"https:\/\/goodfood.com.vn\/en\/wp-json\/wp\/v2\/product"}],"about":[{"href":"https:\/\/goodfood.com.vn\/en\/wp-json\/wp\/v2\/types\/product"}],"replies":[{"embeddable":true,"href":"https:\/\/goodfood.com.vn\/en\/wp-json\/wp\/v2\/comments?post=4056"}],"version-history":[{"count":2,"href":"https:\/\/goodfood.com.vn\/en\/wp-json\/wp\/v2\/product\/4056\/revisions"}],"predecessor-version":[{"id":4069,"href":"https:\/\/goodfood.com.vn\/en\/wp-json\/wp\/v2\/product\/4056\/revisions\/4069"}],"wp:featuredmedia":[{"embeddable":true,"href":"https:\/\/goodfood.com.vn\/en\/wp-json\/wp\/v2\/media\/4057"}],"wp:attachment":[{"href":"https:\/\/goodfood.com.vn\/en\/wp-json\/wp\/v2\/media?parent=4056"}],"wp:term":[{"taxonomy":"product_brand","embeddable":true,"href":"https:\/\/goodfood.com.vn\/en\/wp-json\/wp\/v2\/product_brand?post=4056"},{"taxonomy":"product_cat","embeddable":true,"href":"https:\/\/goodfood.com.vn\/en\/wp-json\/wp\/v2\/product_cat?post=4056"},{"taxonomy":"product_tag","embeddable":true,"href":"https:\/\/goodfood.com.vn\/en\/wp-json\/wp\/v2\/product_tag?post=4056"}],"curies":[{"name":"wp","href":"https:\/\/api.w.org\/{rel}","templated":true}]}}