{"id":3773,"date":"2025-10-14T16:41:49","date_gmt":"2025-10-14T09:41:49","guid":{"rendered":"https:\/\/goodfood.com.vn\/?post_type=product&#038;p=3773"},"modified":"2025-10-14T16:48:19","modified_gmt":"2025-10-14T09:48:19","slug":"sua-thanh-trung-meiji-vi-ca-phe-200ml","status":"publish","type":"product","link":"https:\/\/goodfood.com.vn\/en\/product\/sua-thanh-trung-meiji-vi-ca-phe-200ml\/","title":{"rendered":"S\u1eefa thanh tr\u00f9ng Meiji V\u1ecb C\u00e0 Ph\u00ea 200ml"},"content":{"rendered":"<h4>1. Th\u00e0nh ph\u1ea7n:<\/h4>\n<p>N\u01b0\u1edbc, b\u1ed9t s\u1eefa t\u00e1ch b\u00e9o (6,5 %), kem kh\u00f4ng s\u1eefa (6,1%), \u0111\u01b0\u1eddng, sir\u00f4 fructoza, maltodextrin, b\u1ed9t lactoza, b\u1ed9t whey, b\u1ed9t c\u00e0 ph\u00ea (0,75%), h\u01b0\u01a1ng li\u1ec7u gi\u1ed1ng t\u1ef1 nhi\u00ean, ch\u1ea5t \u0111i\u1ec1u ch\u1ec9nh \u0111\u1ed9 acid (INS 500(ii)).<\/p>\n<h4>2. Th\u1eddi h\u1ea1n s\u1eed d\u1ee5ng s\u1ea3n ph\u1ea9m:<\/h4>\n<p>20 ng\u00e0y k\u1ec3 t\u1eeb ng\u00e0y s\u1ea3n xu\u1ea5t.<\/p>\n<h4>3. Quy c\u00e1ch \u0111\u00f3ng g\u00f3i v\u00e0 ch\u1ea5t li\u1ec7u bao b\u00ec:<\/h4>\n<p><strong>Ch\u1ea5t li\u1ec7u bao b\u00ec:<\/strong> s\u1ea3n ph\u1ea9m \u0111\u01b0\u1ee3c \u0111\u00f3ng tr\u1ef1c ti\u1ebfp trong h\u1ee7 nh\u1ef1a PE, m\u00e0ng nh\u00f4m h\u00e0n k\u00edn<\/p>\n<p>Ch\u1ea5t li\u1ec7u bao b\u00ec b\u1ea3o \u0111\u1ea3m an to\u00e0n th\u1ef1c ph\u1ea9m theo qui \u0111\u1ecbnh B\u1ed9 Y T\u1ebf<\/p>\n<p><strong>Quy c\u00e1ch \u0111\u00f3ng g\u00f3i:<\/strong><\/p>\n<p><strong>Th\u1ec3 t\u00edch th\u1ef1c:<\/strong> 200ml<\/p>","protected":false},"excerpt":{"rendered":"<p>1. Th\u00e0nh ph\u1ea7n: N\u01b0\u1edbc, b\u1ed9t s\u1eefa t\u00e1ch b\u00e9o (6,5 %), kem kh\u00f4ng s\u1eefa (6,1%), \u0111\u01b0\u1eddng, sir\u00f4 fructoza, maltodextrin, b\u1ed9t lactoza, b\u1ed9t whey, b\u1ed9t c\u00e0 ph\u00ea (0,75%), h\u01b0\u01a1ng li\u1ec7u gi\u1ed1ng t\u1ef1 nhi\u00ean, ch\u1ea5t \u0111i\u1ec1u ch\u1ec9nh \u0111\u1ed9 acid (INS 500(ii)). 2. Th\u1eddi h\u1ea1n s\u1eed d\u1ee5ng s\u1ea3n ph\u1ea9m: 20 ng\u00e0y k\u1ec3 t\u1eeb ng\u00e0y s\u1ea3n xu\u1ea5t. 3. Quy c\u00e1ch [&hellip;]<\/p>\n","protected":false},"featured_media":3776,"comment_status":"open","ping_status":"closed","template":"","meta":{"_acf_changed":false},"product_brand":[128],"product_cat":[127,125],"product_tag":[],"class_list":{"0":"post-3773","1":"product","2":"type-product","3":"status-publish","4":"has-post-thumbnail","6":"product_brand-meiji","7":"product_cat-san-pham-sua","8":"product_cat-sua-thanh-trung","10":"first","11":"instock","12":"shipping-taxable","13":"product-type-simple"},"acf":[],"_links":{"self":[{"href":"https:\/\/goodfood.com.vn\/en\/wp-json\/wp\/v2\/product\/3773","targetHints":{"allow":["GET"]}}],"collection":[{"href":"https:\/\/goodfood.com.vn\/en\/wp-json\/wp\/v2\/product"}],"about":[{"href":"https:\/\/goodfood.com.vn\/en\/wp-json\/wp\/v2\/types\/product"}],"replies":[{"embeddable":true,"href":"https:\/\/goodfood.com.vn\/en\/wp-json\/wp\/v2\/comments?post=3773"}],"version-history":[{"count":2,"href":"https:\/\/goodfood.com.vn\/en\/wp-json\/wp\/v2\/product\/3773\/revisions"}],"predecessor-version":[{"id":3777,"href":"https:\/\/goodfood.com.vn\/en\/wp-json\/wp\/v2\/product\/3773\/revisions\/3777"}],"wp:featuredmedia":[{"embeddable":true,"href":"https:\/\/goodfood.com.vn\/en\/wp-json\/wp\/v2\/media\/3776"}],"wp:attachment":[{"href":"https:\/\/goodfood.com.vn\/en\/wp-json\/wp\/v2\/media?parent=3773"}],"wp:term":[{"taxonomy":"product_brand","embeddable":true,"href":"https:\/\/goodfood.com.vn\/en\/wp-json\/wp\/v2\/product_brand?post=3773"},{"taxonomy":"product_cat","embeddable":true,"href":"https:\/\/goodfood.com.vn\/en\/wp-json\/wp\/v2\/product_cat?post=3773"},{"taxonomy":"product_tag","embeddable":true,"href":"https:\/\/goodfood.com.vn\/en\/wp-json\/wp\/v2\/product_tag?post=3773"}],"curies":[{"name":"wp","href":"https:\/\/api.w.org\/{rel}","templated":true}]}}