{"id":3764,"date":"2025-10-14T15:51:01","date_gmt":"2025-10-14T08:51:01","guid":{"rendered":"https:\/\/goodfood.com.vn\/?post_type=product&#038;p=3764"},"modified":"2025-10-23T10:06:58","modified_gmt":"2025-10-23T03:06:58","slug":"sua-danh-cho-pha-che-meiji-mixed-milk-946ml","status":"publish","type":"product","link":"https:\/\/goodfood.com.vn\/en\/product\/sua-danh-cho-pha-che-meiji-mixed-milk-946ml\/","title":{"rendered":"S\u1eefa d\u00e0nh cho pha ch\u1ebf Meiji Mixed Milk 946ml"},"content":{"rendered":"<h4>1. Th\u00e0nh ph\u1ea7n:<\/h4>\n<p>N\u01b0\u1edbc 57,83%, sir\u00f4 glucoza 11%, \u0111\u01b0\u1eddng 10,1%, d\u1ea7u c\u1ecd 9,6%, b\u1ed9t buttermilk 7%, b\u1ed9t whey 4%, (ch\u1ea5t \u1ed5n \u0111\u1ecbnh (INS 460(i), INS 471, INS 466, INS 407), ch\u1ea5t nh\u0169 h\u00f3a (INS 471), ch\u1ea5t \u0111i\u1ec1u ch\u1ec9nh \u0111\u1ed9 acid (INS 339(ii), INS 500(ii))), b\u1ed9t s\u1eefa g\u1ea7y 0,1%<\/p>\n<h4>2. Th\u1eddi h\u1ea1n s\u1eed d\u1ee5ng s\u1ea3n ph\u1ea9m:<\/h4>\n<p>38 ng\u00e0y k\u1ec3 t\u1eeb ng\u00e0y s\u1ea3n xu\u1ea5t.<\/p>\n<h4>3. Quy c\u00e1ch \u0111\u00f3ng g\u00f3i v\u00e0 ch\u1ea5t li\u1ec7u bao b\u00ec:<\/h4>\n<p><strong>Ch\u1ea5t li\u1ec7u bao b\u00ec:<\/strong> s\u1ea3n ph\u1ea9m \u0111\u01b0\u1ee3c \u0111\u00f3ng tr\u1ef1c ti\u1ebfp trong bao b\u00ec gi\u1ea5y nhi\u1ec1u l\u1edbp, n\u1eafp nh\u1ef1a PP<\/p>\n<p>Ch\u1ea5t li\u1ec7u bao b\u00ec b\u1ea3o \u0111\u1ea3m an to\u00e0n th\u1ef1c ph\u1ea9m theo qui \u0111\u1ecbnh B\u1ed9 Y T\u1ebf<\/p>\n<p><strong>Quy c\u00e1ch \u0111\u00f3ng g\u00f3i:<\/strong><\/p>\n<p><strong>Th\u1ec3 t\u00edch th\u1ef1c:<\/strong> 200ml, 946ml<\/p>","protected":false},"excerpt":{"rendered":"<p>1. Th\u00e0nh ph\u1ea7n: N\u01b0\u1edbc 57,83%, sir\u00f4 glucoza 11%, \u0111\u01b0\u1eddng 10,1%, d\u1ea7u c\u1ecd 9,6%, b\u1ed9t buttermilk 7%, b\u1ed9t whey 4%, (ch\u1ea5t \u1ed5n \u0111\u1ecbnh (INS 460(i), INS 471, INS 466, INS 407), ch\u1ea5t nh\u0169 h\u00f3a (INS 471), ch\u1ea5t \u0111i\u1ec1u ch\u1ec9nh \u0111\u1ed9 acid (INS 339(ii), INS 500(ii))), b\u1ed9t s\u1eefa g\u1ea7y 0,1% 2. Th\u1eddi h\u1ea1n s\u1eed d\u1ee5ng s\u1ea3n ph\u1ea9m: [&hellip;]<\/p>\n","protected":false},"featured_media":3765,"comment_status":"open","ping_status":"closed","template":"","meta":{"_acf_changed":false},"product_brand":[128],"product_cat":[127,125],"product_tag":[165],"class_list":{"0":"post-3764","1":"product","2":"type-product","3":"status-publish","4":"has-post-thumbnail","6":"product_brand-meiji","7":"product_cat-san-pham-sua","8":"product_cat-sua-thanh-trung","9":"product_tag-sua-pha-che","11":"first","12":"instock","13":"shipping-taxable","14":"product-type-simple"},"acf":[],"_links":{"self":[{"href":"https:\/\/goodfood.com.vn\/en\/wp-json\/wp\/v2\/product\/3764","targetHints":{"allow":["GET"]}}],"collection":[{"href":"https:\/\/goodfood.com.vn\/en\/wp-json\/wp\/v2\/product"}],"about":[{"href":"https:\/\/goodfood.com.vn\/en\/wp-json\/wp\/v2\/types\/product"}],"replies":[{"embeddable":true,"href":"https:\/\/goodfood.com.vn\/en\/wp-json\/wp\/v2\/comments?post=3764"}],"version-history":[{"count":1,"href":"https:\/\/goodfood.com.vn\/en\/wp-json\/wp\/v2\/product\/3764\/revisions"}],"predecessor-version":[{"id":3766,"href":"https:\/\/goodfood.com.vn\/en\/wp-json\/wp\/v2\/product\/3764\/revisions\/3766"}],"wp:featuredmedia":[{"embeddable":true,"href":"https:\/\/goodfood.com.vn\/en\/wp-json\/wp\/v2\/media\/3765"}],"wp:attachment":[{"href":"https:\/\/goodfood.com.vn\/en\/wp-json\/wp\/v2\/media?parent=3764"}],"wp:term":[{"taxonomy":"product_brand","embeddable":true,"href":"https:\/\/goodfood.com.vn\/en\/wp-json\/wp\/v2\/product_brand?post=3764"},{"taxonomy":"product_cat","embeddable":true,"href":"https:\/\/goodfood.com.vn\/en\/wp-json\/wp\/v2\/product_cat?post=3764"},{"taxonomy":"product_tag","embeddable":true,"href":"https:\/\/goodfood.com.vn\/en\/wp-json\/wp\/v2\/product_tag?post=3764"}],"curies":[{"name":"wp","href":"https:\/\/api.w.org\/{rel}","templated":true}]}}