{"id":3752,"date":"2025-10-14T15:27:09","date_gmt":"2025-10-14T08:27:09","guid":{"rendered":"https:\/\/goodfood.com.vn\/?post_type=product&#038;p=3752"},"modified":"2025-10-14T15:27:10","modified_gmt":"2025-10-14T08:27:10","slug":"sua-uong-meiji-vi-so-co-la-it-beo","status":"publish","type":"product","link":"https:\/\/goodfood.com.vn\/en\/product\/sua-uong-meiji-vi-so-co-la-it-beo\/","title":{"rendered":"S\u1eefa u\u00f4\u0301ng Meiji v\u1ecb S\u00f4 C\u00f4 La \u00cdt B\u00e9o"},"content":{"rendered":"<h4>1. Th\u00e0nh ph\u1ea7n:<\/h4>\n<p>S\u1eefa b\u00f2 \u00edt b\u00e9o (90,82%), \u0111\u01b0\u1eddng, b\u1ed9t s\u1eefa t\u00e1ch b\u00e9o (3%), b\u1ed9t cacao (0,8%), b\u1ed9t b\u01a1 s\u1eefa (0,5%), ch\u1ea5t \u1ed5n \u0111\u1ecbnh (INS 460(i), INS 471, INS 466, INS 407), b\u1ed9t calci (0,1%) (calci carbonat), h\u01b0\u01a1ng li\u1ec7u s\u00f4 c\u00f4 la gi\u1ed1ng t\u1ef1 nhi\u00ean, mu\u1ed1i.<\/p>\n<h4>2. Th\u1eddi h\u1ea1n s\u1eed d\u1ee5ng s\u1ea3n ph\u1ea9m:<\/h4>\n<p>38 ng\u00e0y k\u1ec3 t\u1eeb ng\u00e0y s\u1ea3n xu\u1ea5t.<\/p>\n<h4>3. Quy c\u00e1ch \u0111\u00f3ng g\u00f3i v\u00e0 ch\u1ea5t li\u1ec7u bao b\u00ec:<\/h4>\n<p><strong>Ch\u1ea5t li\u1ec7u bao b\u00ec:<\/strong> s\u1ea3n ph\u1ea9m \u0111\u01b0\u1ee3c \u0111\u00f3ng tr\u1ef1c ti\u1ebfp trong bao b\u00ec gi\u1ea5y nhi\u1ec1u l\u1edbp, n\u1eafp nh\u1ef1a PP<\/p>\n<p>Ch\u1ea5t li\u1ec7u bao b\u00ec b\u1ea3o \u0111\u1ea3m an to\u00e0n th\u1ef1c ph\u1ea9m theo qui \u0111\u1ecbnh B\u1ed9 Y T\u1ebf<\/p>\n<p><strong>Quy c\u00e1ch \u0111\u00f3ng g\u00f3i:<\/strong><\/p>\n<p><strong>Th\u1ec3 t\u00edch th\u1ef1c:<\/strong> 200ml, 946ml<\/p>","protected":false},"excerpt":{"rendered":"<p>1. Th\u00e0nh ph\u1ea7n: S\u1eefa b\u00f2 \u00edt b\u00e9o (90,82%), \u0111\u01b0\u1eddng, b\u1ed9t s\u1eefa t\u00e1ch b\u00e9o (3%), b\u1ed9t cacao (0,8%), b\u1ed9t b\u01a1 s\u1eefa (0,5%), ch\u1ea5t \u1ed5n \u0111\u1ecbnh (INS 460(i), INS 471, INS 466, INS 407), b\u1ed9t calci (0,1%) (calci carbonat), h\u01b0\u01a1ng li\u1ec7u s\u00f4 c\u00f4 la gi\u1ed1ng t\u1ef1 nhi\u00ean, mu\u1ed1i. 2. Th\u1eddi h\u1ea1n s\u1eed d\u1ee5ng s\u1ea3n ph\u1ea9m: 38 ng\u00e0y [&hellip;]<\/p>\n","protected":false},"featured_media":3753,"comment_status":"open","ping_status":"closed","template":"","meta":{"_acf_changed":false},"product_brand":[128],"product_cat":[127,125],"product_tag":[],"class_list":{"0":"post-3752","1":"product","2":"type-product","3":"status-publish","4":"has-post-thumbnail","6":"product_brand-meiji","7":"product_cat-san-pham-sua","8":"product_cat-sua-thanh-trung","10":"first","11":"instock","12":"shipping-taxable","13":"product-type-variable"},"acf":[],"_links":{"self":[{"href":"https:\/\/goodfood.com.vn\/en\/wp-json\/wp\/v2\/product\/3752","targetHints":{"allow":["GET"]}}],"collection":[{"href":"https:\/\/goodfood.com.vn\/en\/wp-json\/wp\/v2\/product"}],"about":[{"href":"https:\/\/goodfood.com.vn\/en\/wp-json\/wp\/v2\/types\/product"}],"replies":[{"embeddable":true,"href":"https:\/\/goodfood.com.vn\/en\/wp-json\/wp\/v2\/comments?post=3752"}],"version-history":[{"count":1,"href":"https:\/\/goodfood.com.vn\/en\/wp-json\/wp\/v2\/product\/3752\/revisions"}],"predecessor-version":[{"id":3757,"href":"https:\/\/goodfood.com.vn\/en\/wp-json\/wp\/v2\/product\/3752\/revisions\/3757"}],"wp:featuredmedia":[{"embeddable":true,"href":"https:\/\/goodfood.com.vn\/en\/wp-json\/wp\/v2\/media\/3753"}],"wp:attachment":[{"href":"https:\/\/goodfood.com.vn\/en\/wp-json\/wp\/v2\/media?parent=3752"}],"wp:term":[{"taxonomy":"product_brand","embeddable":true,"href":"https:\/\/goodfood.com.vn\/en\/wp-json\/wp\/v2\/product_brand?post=3752"},{"taxonomy":"product_cat","embeddable":true,"href":"https:\/\/goodfood.com.vn\/en\/wp-json\/wp\/v2\/product_cat?post=3752"},{"taxonomy":"product_tag","embeddable":true,"href":"https:\/\/goodfood.com.vn\/en\/wp-json\/wp\/v2\/product_tag?post=3752"}],"curies":[{"name":"wp","href":"https:\/\/api.w.org\/{rel}","templated":true}]}}