{"id":3662,"date":"2025-10-10T11:18:03","date_gmt":"2025-10-10T04:18:03","guid":{"rendered":"https:\/\/goodfood.com.vn\/?post_type=product&#038;p=3662"},"modified":"2025-10-14T11:16:04","modified_gmt":"2025-10-14T04:16:04","slug":"pho-mai-lat-che-bien-vi-cheddar-president-sandwich-200g","status":"publish","type":"product","link":"https:\/\/goodfood.com.vn\/en\/product\/pho-mai-lat-che-bien-vi-cheddar-president-sandwich-200g\/","title":{"rendered":"Ph\u00f4 mai l\u00e1t ch\u1ebf bi\u1ebfn v\u1ecb Cheddar Pr\u00e9sident (Sandwich) 200g"},"content":{"rendered":"<h4>1. Th\u00e0nh ph\u1ea7n:<\/h4>\n<p>S\u1eefa b\u00f2 t\u00e1ch b\u00e9o ho\u00e0n nguy\u00ean, ph\u00f4 mai (s\u1eefa) trong \u0111\u00f3 cheddar 8 %, b\u01a1 (s\u1eefa), whey (s\u1eefa), \u0111\u1ea1m s\u1eefa, mu\u1ed1i nh\u0169 h\u00f3a (E 452 (INS 452(i)), E 450 (INS 450(iii))), ch\u1ea5t l\u00e0m d\u00e0y (E 407) (INS 407), mu\u1ed1i, ch\u1ea5t \u0111i\u1ec1u ch\u1ec9nh \u0111\u1ed9 acid (E 330) (INS 330), ch\u1ea5t b\u1ea3o qu\u1ea3n (E 202) (INS 202), ph\u1ea9m m\u00e0u t\u1ef1 nhi\u00ean (E 160b(i)) (INS 160b(i)).<\/p>\n<h4>2. Th\u1eddi h\u1ea1n s\u1eed d\u1ee5ng s\u1ea3n ph\u1ea9m:<\/h4>\n<p>1 n\u0103m k\u1ec3 t\u1eeb ng\u00e0y s\u1ea3n xu\u1ea5t.<\/p>\n<h4>3. Quy c\u00e1ch \u0111\u00f3ng g\u00f3i v\u00e0 ch\u1ea5t li\u1ec7u bao b\u00ec:<\/h4>\n<p><strong>Ch\u1ea5t li\u1ec7u bao b\u00ec:<\/strong> s\u1ea3n ph\u1ea9m \u0111\u01b0\u1ee3c \u0111\u00f3ng tr\u1ef1c ti\u1ebfp trong bao b\u00ec nh\u1ef1a PA<\/p>\n<p>Ch\u1ea5t li\u1ec7u bao b\u00ec b\u1ea3o \u0111\u1ea3m an to\u00e0n th\u1ef1c ph\u1ea9m theo qui \u0111\u1ecbnh B\u1ed9 Y T\u1ebf<\/p>\n<p><strong>Quy c\u00e1ch \u0111\u00f3ng g\u00f3i:<\/strong><\/p>\n<p><strong>Kh\u1ed1i l\u01b0\u1ee3ng t\u1ecbnh:<\/strong> 200g<\/p>","protected":false},"excerpt":{"rendered":"<p>1. Th\u00e0nh ph\u1ea7n: S\u1eefa b\u00f2 t\u00e1ch b\u00e9o ho\u00e0n nguy\u00ean, ph\u00f4 mai (s\u1eefa) trong \u0111\u00f3 cheddar 8 %, b\u01a1 (s\u1eefa), whey (s\u1eefa), \u0111\u1ea1m s\u1eefa, mu\u1ed1i nh\u0169 h\u00f3a (E 452 (INS 452(i)), E 450 (INS 450(iii))), ch\u1ea5t l\u00e0m d\u00e0y (E 407) (INS 407), mu\u1ed1i, ch\u1ea5t \u0111i\u1ec1u ch\u1ec9nh \u0111\u1ed9 acid (E 330) (INS 330), ch\u1ea5t b\u1ea3o qu\u1ea3n (E [&hellip;]<\/p>\n","protected":false},"featured_media":3705,"comment_status":"open","ping_status":"closed","template":"","meta":{"_acf_changed":false},"product_brand":[154],"product_cat":[30,116],"product_tag":[],"class_list":{"0":"post-3662","1":"product","2":"type-product","3":"status-publish","4":"has-post-thumbnail","6":"product_brand-president","7":"product_cat-san-pham-tu-sua","8":"product_cat-pho-mai","10":"first","11":"instock","12":"shipping-taxable","13":"product-type-simple"},"acf":[],"_links":{"self":[{"href":"https:\/\/goodfood.com.vn\/en\/wp-json\/wp\/v2\/product\/3662","targetHints":{"allow":["GET"]}}],"collection":[{"href":"https:\/\/goodfood.com.vn\/en\/wp-json\/wp\/v2\/product"}],"about":[{"href":"https:\/\/goodfood.com.vn\/en\/wp-json\/wp\/v2\/types\/product"}],"replies":[{"embeddable":true,"href":"https:\/\/goodfood.com.vn\/en\/wp-json\/wp\/v2\/comments?post=3662"}],"version-history":[{"count":1,"href":"https:\/\/goodfood.com.vn\/en\/wp-json\/wp\/v2\/product\/3662\/revisions"}],"predecessor-version":[{"id":3664,"href":"https:\/\/goodfood.com.vn\/en\/wp-json\/wp\/v2\/product\/3662\/revisions\/3664"}],"wp:featuredmedia":[{"embeddable":true,"href":"https:\/\/goodfood.com.vn\/en\/wp-json\/wp\/v2\/media\/3705"}],"wp:attachment":[{"href":"https:\/\/goodfood.com.vn\/en\/wp-json\/wp\/v2\/media?parent=3662"}],"wp:term":[{"taxonomy":"product_brand","embeddable":true,"href":"https:\/\/goodfood.com.vn\/en\/wp-json\/wp\/v2\/product_brand?post=3662"},{"taxonomy":"product_cat","embeddable":true,"href":"https:\/\/goodfood.com.vn\/en\/wp-json\/wp\/v2\/product_cat?post=3662"},{"taxonomy":"product_tag","embeddable":true,"href":"https:\/\/goodfood.com.vn\/en\/wp-json\/wp\/v2\/product_tag?post=3662"}],"curies":[{"name":"wp","href":"https:\/\/api.w.org\/{rel}","templated":true}]}}