{"id":3625,"date":"2025-10-09T18:33:50","date_gmt":"2025-10-09T11:33:50","guid":{"rendered":"https:\/\/goodfood.com.vn\/?post_type=product&#038;p=3625"},"modified":"2025-10-14T11:35:36","modified_gmt":"2025-10-14T04:35:36","slug":"pho-mai-phet-che-bien-president-50-chat-beo-120g","status":"publish","type":"product","link":"https:\/\/goodfood.com.vn\/en\/product\/pho-mai-phet-che-bien-president-50-chat-beo-120g\/","title":{"rendered":"Ph\u00f4 mai ph\u1ebft ch\u1ebf bi\u1ebfn Pr\u00e9sident 50% Ch\u1ea5t B\u00e9o"},"content":{"rendered":"<h4>1. Th\u00e0nh ph\u1ea7n:<\/h4>\n<p>S\u1eefa b\u00f2 g\u1ea7y ho\u00e0n nguy\u00ean&#8221;, ph\u00f4 mai (35 %) (s\u1eefa, mu\u1ed1i, men lactic), b\u01a1 (kem s\u1eefa b\u00f2, men lactic), whey (s\u1eefa), mu\u1ed1i nh\u0169 h\u00f3a (E452 (INS 452(i)), E331 (INS 331(iii)), E450 (INS 450(iii)), E339 (INS 339(i))), ch\u1ea5t l\u00e0m d\u00e0y (E407 (INS 407), E415 (INS 415)), ch\u1ea5t \u0111i\u1ec1u ch\u1ec9nh \u0111\u1ed9 acid (E330 (INS 330)), vitamin: A (retinyl acetat), B2 (riboflavin), B12 (cyanocobalamin). * Xu\u1ea5t x\u1ee9 s\u1eefa: Ph\u00e1p<\/p>\n<h4>2. Th\u1eddi h\u1ea1n s\u1eed d\u1ee5ng s\u1ea3n ph\u1ea9m:<\/h4>\n<p>270 ng\u00e0y k\u1ec3 t\u1eeb ng\u00e0y s\u1ea3n xu\u1ea5t.<\/p>\n<h4>3. Quy c\u00e1ch \u0111\u00f3ng g\u00f3i v\u00e0 ch\u1ea5t li\u1ec7u bao b\u00ec:<\/h4>\n<p><strong>Ch\u1ea5t li\u1ec7u bao b\u00ec:<\/strong> s\u1ea3n ph\u1ea9m \u0111\u01b0\u1ee3c \u0111\u00f3ng tr\u1ef1c ti\u1ebfp trong bao b\u00ec gi\u1ea5y tr\u00e1ng b\u1ea1c, b\u00ean ngo\u00e0i l\u00e0 bao b\u00ec gi\u1ea5y<\/p>\n<p>Ch\u1ea5t li\u1ec7u bao b\u00ec b\u1ea3o \u0111\u1ea3m an to\u00e0n th\u1ef1c ph\u1ea9m theo qui \u0111\u1ecbnh B\u1ed9 Y T\u1ebf<\/p>\n<p><strong>Quy c\u00e1ch \u0111\u00f3ng g\u00f3i:<\/strong><\/p>\n<p><strong>Kh\u1ed1i l\u01b0\u1ee3ng t\u1ecbnh:<\/strong> 120g, 400g<\/p>","protected":false},"excerpt":{"rendered":"<p>1. Th\u00e0nh ph\u1ea7n: S\u1eefa b\u00f2 g\u1ea7y ho\u00e0n nguy\u00ean&#8221;, ph\u00f4 mai (35 %) (s\u1eefa, mu\u1ed1i, men lactic), b\u01a1 (kem s\u1eefa b\u00f2, men lactic), whey (s\u1eefa), mu\u1ed1i nh\u0169 h\u00f3a (E452 (INS 452(i)), E331 (INS 331(iii)), E450 (INS 450(iii)), E339 (INS 339(i))), ch\u1ea5t l\u00e0m d\u00e0y (E407 (INS 407), E415 (INS 415)), ch\u1ea5t \u0111i\u1ec1u ch\u1ec9nh \u0111\u1ed9 acid (E330 (INS [&hellip;]<\/p>\n","protected":false},"featured_media":3713,"comment_status":"open","ping_status":"closed","template":"","meta":{"_acf_changed":false},"product_brand":[154],"product_cat":[30,116],"product_tag":[],"class_list":{"0":"post-3625","1":"product","2":"type-product","3":"status-publish","4":"has-post-thumbnail","6":"product_brand-president","7":"product_cat-san-pham-tu-sua","8":"product_cat-pho-mai","10":"first","11":"instock","12":"shipping-taxable","13":"product-type-variable"},"acf":[],"_links":{"self":[{"href":"https:\/\/goodfood.com.vn\/en\/wp-json\/wp\/v2\/product\/3625","targetHints":{"allow":["GET"]}}],"collection":[{"href":"https:\/\/goodfood.com.vn\/en\/wp-json\/wp\/v2\/product"}],"about":[{"href":"https:\/\/goodfood.com.vn\/en\/wp-json\/wp\/v2\/types\/product"}],"replies":[{"embeddable":true,"href":"https:\/\/goodfood.com.vn\/en\/wp-json\/wp\/v2\/comments?post=3625"}],"version-history":[{"count":4,"href":"https:\/\/goodfood.com.vn\/en\/wp-json\/wp\/v2\/product\/3625\/revisions"}],"predecessor-version":[{"id":3640,"href":"https:\/\/goodfood.com.vn\/en\/wp-json\/wp\/v2\/product\/3625\/revisions\/3640"}],"wp:featuredmedia":[{"embeddable":true,"href":"https:\/\/goodfood.com.vn\/en\/wp-json\/wp\/v2\/media\/3713"}],"wp:attachment":[{"href":"https:\/\/goodfood.com.vn\/en\/wp-json\/wp\/v2\/media?parent=3625"}],"wp:term":[{"taxonomy":"product_brand","embeddable":true,"href":"https:\/\/goodfood.com.vn\/en\/wp-json\/wp\/v2\/product_brand?post=3625"},{"taxonomy":"product_cat","embeddable":true,"href":"https:\/\/goodfood.com.vn\/en\/wp-json\/wp\/v2\/product_cat?post=3625"},{"taxonomy":"product_tag","embeddable":true,"href":"https:\/\/goodfood.com.vn\/en\/wp-json\/wp\/v2\/product_tag?post=3625"}],"curies":[{"name":"wp","href":"https:\/\/api.w.org\/{rel}","templated":true}]}}