{"id":3621,"date":"2025-10-09T18:26:49","date_gmt":"2025-10-09T11:26:49","guid":{"rendered":"https:\/\/goodfood.com.vn\/?post_type=product&#038;p=3621"},"modified":"2025-10-14T11:36:23","modified_gmt":"2025-10-14T04:36:23","slug":"pho-mai-mem-u-chin-president-petit-brie-50-chat-beo-125g","status":"publish","type":"product","link":"https:\/\/goodfood.com.vn\/en\/product\/pho-mai-mem-u-chin-president-petit-brie-50-chat-beo-125g\/","title":{"rendered":"Ph\u00f4 mai m\u1ec1m \u1ee7 ch\u00edn Pr\u00e9sident Petit Brie 50% Ch\u1ea5t B\u00e9o 125g"},"content":{"rendered":"<h4>1. Th\u00e0nh ph\u1ea7n:<\/h4>\n<p>S\u1eefa b\u00f2 thanh tr\u00f9ng (s\u1eefa: ngu\u1ed3n g\u1ed1c Ph\u00e1p), mu\u1ed1i, men (Penicillium Camemberti, Lactococcus Lactis subsp. Cremoris, Lactococcus Lactis subsp.Diacetylactis)<\/p>\n<h4>2. Th\u1eddi h\u1ea1n s\u1eed d\u1ee5ng s\u1ea3n ph\u1ea9m:<\/h4>\n<p>1 n\u0103m k\u1ec3 t\u1eeb ng\u00e0y s\u1ea3n xu\u1ea5t.<\/p>\n<h4>3. Quy c\u00e1ch \u0111\u00f3ng g\u00f3i v\u00e0 ch\u1ea5t li\u1ec7u bao b\u00ec:<\/h4>\n<p><strong>Ch\u1ea5t li\u1ec7u bao b\u00ec:<\/strong> s\u1ea3n ph\u1ea9m \u0111\u01b0\u1ee3c \u0111\u00f3ng tr\u1ef1c ti\u1ebfp trong bao b\u00ec s\u1eaft tr\u00e1ng , b\u00ean ngo\u00e0i l\u00e0 bao b\u00ec gi\u1ea5y<\/p>\n<p>Ch\u1ea5t li\u1ec7u bao b\u00ec b\u1ea3o \u0111\u1ea3m an to\u00e0n th\u1ef1c ph\u1ea9m theo qui \u0111\u1ecbnh B\u1ed9 Y T\u1ebf<\/p>\n<p><strong>Quy c\u00e1ch \u0111\u00f3ng g\u00f3i:<\/strong><\/p>\n<p><strong>Kh\u1ed1i l\u01b0\u1ee3ng t\u1ecbnh:<\/strong> 125g<\/p>","protected":false},"excerpt":{"rendered":"<p>1. Th\u00e0nh ph\u1ea7n: S\u1eefa b\u00f2 thanh tr\u00f9ng (s\u1eefa: ngu\u1ed3n g\u1ed1c Ph\u00e1p), mu\u1ed1i, men (Penicillium Camemberti, Lactococcus Lactis subsp. Cremoris, Lactococcus Lactis subsp.Diacetylactis) 2. Th\u1eddi h\u1ea1n s\u1eed d\u1ee5ng s\u1ea3n ph\u1ea9m: 1 n\u0103m k\u1ec3 t\u1eeb ng\u00e0y s\u1ea3n xu\u1ea5t. 3. Quy c\u00e1ch \u0111\u00f3ng g\u00f3i v\u00e0 ch\u1ea5t li\u1ec7u bao b\u00ec: Ch\u1ea5t li\u1ec7u bao b\u00ec: s\u1ea3n ph\u1ea9m \u0111\u01b0\u1ee3c \u0111\u00f3ng tr\u1ef1c [&hellip;]<\/p>\n","protected":false},"featured_media":3716,"comment_status":"open","ping_status":"closed","template":"","meta":{"_acf_changed":false},"product_brand":[154],"product_cat":[30,116],"product_tag":[],"class_list":{"0":"post-3621","1":"product","2":"type-product","3":"status-publish","4":"has-post-thumbnail","6":"product_brand-president","7":"product_cat-san-pham-tu-sua","8":"product_cat-pho-mai","10":"first","11":"instock","12":"shipping-taxable","13":"product-type-simple"},"acf":[],"_links":{"self":[{"href":"https:\/\/goodfood.com.vn\/en\/wp-json\/wp\/v2\/product\/3621","targetHints":{"allow":["GET"]}}],"collection":[{"href":"https:\/\/goodfood.com.vn\/en\/wp-json\/wp\/v2\/product"}],"about":[{"href":"https:\/\/goodfood.com.vn\/en\/wp-json\/wp\/v2\/types\/product"}],"replies":[{"embeddable":true,"href":"https:\/\/goodfood.com.vn\/en\/wp-json\/wp\/v2\/comments?post=3621"}],"version-history":[{"count":4,"href":"https:\/\/goodfood.com.vn\/en\/wp-json\/wp\/v2\/product\/3621\/revisions"}],"predecessor-version":[{"id":3641,"href":"https:\/\/goodfood.com.vn\/en\/wp-json\/wp\/v2\/product\/3621\/revisions\/3641"}],"wp:featuredmedia":[{"embeddable":true,"href":"https:\/\/goodfood.com.vn\/en\/wp-json\/wp\/v2\/media\/3716"}],"wp:attachment":[{"href":"https:\/\/goodfood.com.vn\/en\/wp-json\/wp\/v2\/media?parent=3621"}],"wp:term":[{"taxonomy":"product_brand","embeddable":true,"href":"https:\/\/goodfood.com.vn\/en\/wp-json\/wp\/v2\/product_brand?post=3621"},{"taxonomy":"product_cat","embeddable":true,"href":"https:\/\/goodfood.com.vn\/en\/wp-json\/wp\/v2\/product_cat?post=3621"},{"taxonomy":"product_tag","embeddable":true,"href":"https:\/\/goodfood.com.vn\/en\/wp-json\/wp\/v2\/product_tag?post=3621"}],"curies":[{"name":"wp","href":"https:\/\/api.w.org\/{rel}","templated":true}]}}