{"id":3535,"date":"2025-10-09T10:05:07","date_gmt":"2025-10-09T03:05:07","guid":{"rendered":"https:\/\/goodfood.com.vn\/?post_type=product&#038;p=3535"},"modified":"2025-10-13T18:14:04","modified_gmt":"2025-10-13T11:14:04","slug":"pho-mai-cheddar-avonmore-professional-mau-khoi-32-chat-beo-2-5kg","status":"publish","type":"product","link":"https:\/\/goodfood.com.vn\/en\/product\/pho-mai-cheddar-avonmore-professional-mau-khoi-32-chat-beo-2-5kg\/","title":{"rendered":"Ph\u00f4 mai cheddar Avonmore Professional M\u00e0u Kh\u1ed1i 32% Ch\u1ea5t B\u00e9o 2.5Kg"},"content":{"rendered":"<h4>1. Th\u00e0nh ph\u1ea7n:<\/h4>\n<p>S\u1eefa thanh tr\u00f9ng, mu\u1ed1i, men ph\u00f4 mai, enzym \u0111\u00f4ng s\u1eefa vi sinh, ph\u1ea9m m\u00e0u t\u1ef1 nhi\u00ean (INS 160a(iii)).<\/p>\n<h4>2. Th\u1eddi h\u1ea1n s\u1eed d\u1ee5ng s\u1ea3n ph\u1ea9m:<\/h4>\n<p>12 th\u00e1ng k\u1ec3 t\u1eeb ng\u00e0y s\u1ea3n xu\u1ea5t.<\/p>\n<h4>3. Quy c\u00e1ch \u0111\u00f3ng g\u00f3i v\u00e0 ch\u1ea5t li\u1ec7u bao b\u00ec:<\/h4>\n<p><strong>Ch\u1ea5t li\u1ec7u bao b\u00ec:<\/strong> bao nh\u1ef1a PA<\/p>\n<p>Ch\u1ea5t li\u1ec7u bao b\u00ec b\u1ea3o \u0111\u1ea3m an to\u00e0n th\u1ef1c ph\u1ea9m theo qui \u0111\u1ecbnh B\u1ed9 Y T\u1ebf<\/p>\n<p><strong>Quy c\u00e1ch \u0111\u00f3ng g\u00f3i:<\/strong><\/p>\n<p><strong>Kh\u1ed1i l\u01b0\u1ee3ng t\u1ecbnh: <\/strong>2,5kg ho\u1eb7c theo y\u00eau c\u1ea7u c\u1ee7a kh\u00e1ch h\u00e0ng \u0111\u01b0\u1ee3c th\u1ec3 hi\u1ec7n tr\u00ean nh\u00e3n<\/p>","protected":false},"excerpt":{"rendered":"<p>T\u1eeb nh\u00e0 ph\u00e2n ph\u1ed1i \u0111\u1ed9c quy\u1ec1n s\u1ea3n ph\u1ea9m Avonmore t\u1ea1i Vi\u1ec7t Nam.<\/p>","protected":false},"featured_media":3699,"comment_status":"open","ping_status":"closed","template":"","meta":{"_acf_changed":false},"product_brand":[19],"product_cat":[30,116],"product_tag":[],"class_list":{"0":"post-3535","1":"product","2":"type-product","3":"status-publish","4":"has-post-thumbnail","6":"product_brand-avonmore","7":"product_cat-san-pham-tu-sua","8":"product_cat-pho-mai","10":"first","11":"instock","12":"shipping-taxable","13":"product-type-simple"},"acf":[],"_links":{"self":[{"href":"https:\/\/goodfood.com.vn\/en\/wp-json\/wp\/v2\/product\/3535","targetHints":{"allow":["GET"]}}],"collection":[{"href":"https:\/\/goodfood.com.vn\/en\/wp-json\/wp\/v2\/product"}],"about":[{"href":"https:\/\/goodfood.com.vn\/en\/wp-json\/wp\/v2\/types\/product"}],"replies":[{"embeddable":true,"href":"https:\/\/goodfood.com.vn\/en\/wp-json\/wp\/v2\/comments?post=3535"}],"version-history":[{"count":2,"href":"https:\/\/goodfood.com.vn\/en\/wp-json\/wp\/v2\/product\/3535\/revisions"}],"predecessor-version":[{"id":3560,"href":"https:\/\/goodfood.com.vn\/en\/wp-json\/wp\/v2\/product\/3535\/revisions\/3560"}],"wp:featuredmedia":[{"embeddable":true,"href":"https:\/\/goodfood.com.vn\/en\/wp-json\/wp\/v2\/media\/3699"}],"wp:attachment":[{"href":"https:\/\/goodfood.com.vn\/en\/wp-json\/wp\/v2\/media?parent=3535"}],"wp:term":[{"taxonomy":"product_brand","embeddable":true,"href":"https:\/\/goodfood.com.vn\/en\/wp-json\/wp\/v2\/product_brand?post=3535"},{"taxonomy":"product_cat","embeddable":true,"href":"https:\/\/goodfood.com.vn\/en\/wp-json\/wp\/v2\/product_cat?post=3535"},{"taxonomy":"product_tag","embeddable":true,"href":"https:\/\/goodfood.com.vn\/en\/wp-json\/wp\/v2\/product_tag?post=3535"}],"curies":[{"name":"wp","href":"https:\/\/api.w.org\/{rel}","templated":true}]}}