{"id":2901,"date":"2025-08-28T10:11:06","date_gmt":"2025-08-28T03:11:06","guid":{"rendered":"https:\/\/goodfood.com.vn\/?post_type=product&#038;p=2901"},"modified":"2025-10-14T10:15:42","modified_gmt":"2025-10-14T03:15:42","slug":"sua-yen-mach-milklab-oat-milk-1l","status":"publish","type":"product","link":"https:\/\/goodfood.com.vn\/en\/product\/sua-yen-mach-milklab-oat-milk-1l\/","title":{"rendered":"S\u1eefa y\u1ebfn m\u1ea1ch Milklab Oat Milk 1L"},"content":{"rendered":"<h4>1. Th\u00e0nh ph\u1ea7n:<\/h4>\n<p>N\u01b0\u1edbc, y\u1ebfn m\u1ea1ch \u00dac (10%), d\u1ea7u h\u1ea1t c\u1ea3i, ch\u1ea5t \u0111i\u1ec1u ch\u1ec9nh \u0111\u1ed9 acid (dikali phosphat (INS 340 (ii))), kho\u00e1ng ch\u1ea5t (calci) (calci carbonat), mu\u1ed1i.<\/p>\n<h4>2. Th\u1eddi h\u1ea1n s\u1eed d\u1ee5ng s\u1ea3n ph\u1ea9m:<\/h4>\n<p>365 ng\u00e0y k\u1ec3 t\u1eeb ng\u00e0y s\u1ea3n xu\u1ea5t.<\/p>\n<h4>3. Quy c\u00e1ch \u0111\u00f3ng g\u00f3i v\u00e0 ch\u1ea5t li\u1ec7u bao b\u00ec:<\/h4>\n<p><strong>Ch\u1ea5t li\u1ec7u bao b\u00ec:<\/strong> s\u1ea3n ph\u1ea9m \u0111\u00f3ng tr\u1ef1c ti\u1ebfp trong h\u1ed9p gi\u1ea5y c\u00f3 tr\u00e1ng l\u1edbp nh\u1ef1a PE b\u00ean trong, n\u1eafp nh\u1ef1a LDPE<\/p>\n<p>Ch\u1ea5t li\u1ec7u bao b\u00ec b\u1ea3o \u0111\u1ea3m an to\u00e0n th\u1ef1c ph\u1ea9m theo qui \u0111\u1ecbnh B\u1ed9 Y T\u1ebf<\/p>\n<p><strong>Quy c\u00e1ch \u0111\u00f3ng g\u00f3i:<\/strong><\/p>\n<p><strong>Th\u1ec3 t\u00edch th\u1ef1c:\u00a0<\/strong>1 l\u00edt<\/p>","protected":false},"excerpt":{"rendered":"<p>1. Th\u00e0nh ph\u1ea7n: N\u01b0\u1edbc, y\u1ebfn m\u1ea1ch \u00dac (10%), d\u1ea7u h\u1ea1t c\u1ea3i, ch\u1ea5t \u0111i\u1ec1u ch\u1ec9nh \u0111\u1ed9 acid (dikali phosphat (INS 340 (ii))), kho\u00e1ng ch\u1ea5t (calci) (calci carbonat), mu\u1ed1i. 2. Th\u1eddi h\u1ea1n s\u1eed d\u1ee5ng s\u1ea3n ph\u1ea9m: 365 ng\u00e0y k\u1ec3 t\u1eeb ng\u00e0y s\u1ea3n xu\u1ea5t. 3. Quy c\u00e1ch \u0111\u00f3ng g\u00f3i v\u00e0 ch\u1ea5t li\u1ec7u bao b\u00ec: Ch\u1ea5t li\u1ec7u bao b\u00ec: [&hellip;]<\/p>\n","protected":false},"featured_media":3701,"comment_status":"open","ping_status":"closed","template":"","meta":{"_acf_changed":false},"product_brand":[129],"product_cat":[127,157],"product_tag":[],"class_list":{"0":"post-2901","1":"product","2":"type-product","3":"status-publish","4":"has-post-thumbnail","6":"product_brand-milklab","7":"product_cat-san-pham-sua","8":"product_cat-sua-hat","10":"first","11":"instock","12":"shipping-taxable","13":"product-type-simple"},"acf":[],"_links":{"self":[{"href":"https:\/\/goodfood.com.vn\/en\/wp-json\/wp\/v2\/product\/2901","targetHints":{"allow":["GET"]}}],"collection":[{"href":"https:\/\/goodfood.com.vn\/en\/wp-json\/wp\/v2\/product"}],"about":[{"href":"https:\/\/goodfood.com.vn\/en\/wp-json\/wp\/v2\/types\/product"}],"replies":[{"embeddable":true,"href":"https:\/\/goodfood.com.vn\/en\/wp-json\/wp\/v2\/comments?post=2901"}],"version-history":[{"count":3,"href":"https:\/\/goodfood.com.vn\/en\/wp-json\/wp\/v2\/product\/2901\/revisions"}],"predecessor-version":[{"id":3557,"href":"https:\/\/goodfood.com.vn\/en\/wp-json\/wp\/v2\/product\/2901\/revisions\/3557"}],"wp:featuredmedia":[{"embeddable":true,"href":"https:\/\/goodfood.com.vn\/en\/wp-json\/wp\/v2\/media\/3701"}],"wp:attachment":[{"href":"https:\/\/goodfood.com.vn\/en\/wp-json\/wp\/v2\/media?parent=2901"}],"wp:term":[{"taxonomy":"product_brand","embeddable":true,"href":"https:\/\/goodfood.com.vn\/en\/wp-json\/wp\/v2\/product_brand?post=2901"},{"taxonomy":"product_cat","embeddable":true,"href":"https:\/\/goodfood.com.vn\/en\/wp-json\/wp\/v2\/product_cat?post=2901"},{"taxonomy":"product_tag","embeddable":true,"href":"https:\/\/goodfood.com.vn\/en\/wp-json\/wp\/v2\/product_tag?post=2901"}],"curies":[{"name":"wp","href":"https:\/\/api.w.org\/{rel}","templated":true}]}}