{"id":2891,"date":"2025-08-28T09:43:53","date_gmt":"2025-08-28T02:43:53","guid":{"rendered":"https:\/\/goodfood.com.vn\/?post_type=product&#038;p=2891"},"modified":"2025-10-17T16:05:49","modified_gmt":"2025-10-17T09:05:49","slug":"sua-tuoi-tiet-trung-milklab-dairy-milk-1l","status":"publish","type":"product","link":"https:\/\/goodfood.com.vn\/en\/product\/sua-tuoi-tiet-trung-milklab-dairy-milk-1l\/","title":{"rendered":"S\u1eefa ti\u1ec7t tr\u00f9ng Milklab nguy\u00ean kem 1L"},"content":{"rendered":"<h4>1. Th\u00e0nh ph\u1ea7n:<\/h4>\n<p>S\u1eefa nguy\u00ean kem \u00dac 100% (S\u1ea3n xu\u1ea5t t\u1eeb s\u1eefa t\u01b0\u01a1i nguy\u00ean li\u1ec7u 100%).<\/p>\n<h4>2. Th\u1eddi h\u1ea1n s\u1eed d\u1ee5ng s\u1ea3n ph\u1ea9m:<\/h4>\n<p>365 ng\u00e0y k\u1ec3 t\u1eeb ng\u00e0y s\u1ea3n xu\u1ea5t.<\/p>\n<h4>3. Quy c\u00e1ch \u0111\u00f3ng g\u00f3i v\u00e0 ch\u1ea5t li\u1ec7u bao b\u00ec:<\/h4>\n<p><strong>Ch\u1ea5t li\u1ec7u bao b\u00ec:<\/strong> s\u1ea3n ph\u1ea9m \u0111\u00f3ng tr\u1ef1c ti\u1ebfp trong h\u1ed9p gi\u1ea5y c\u00f3 tr\u00e1ng l\u1edbp nh\u1ef1a PE b\u00ean trong, n\u1eafp nh\u1ef1a LDPE<\/p>\n<p>Ch\u1ea5t li\u1ec7u bao b\u00ec b\u1ea3o \u0111\u1ea3m an to\u00e0n th\u1ef1c ph\u1ea9m theo qui \u0111\u1ecbnh B\u1ed9 Y T\u1ebf<\/p>\n<p><strong>Quy c\u00e1ch \u0111\u00f3ng g\u00f3i:<\/strong><\/p>\n<p><strong>Th\u1ec3 t\u00edch th\u1ef1c:\u00a0<\/strong>1 l\u00edt<\/p>","protected":false},"excerpt":{"rendered":"<p>T\u1eeb nh\u00e0 ph\u00e2n ph\u1ed1i \u0111\u1ed9c quy\u1ec1n s\u1ea3n ph\u1ea9m Milklab t\u1ea1i Vi\u1ec7t Nam.<\/p>","protected":false},"featured_media":3846,"comment_status":"open","ping_status":"closed","template":"","meta":{"_acf_changed":false},"product_brand":[129],"product_cat":[127,126],"product_tag":[],"class_list":{"0":"post-2891","1":"product","2":"type-product","3":"status-publish","4":"has-post-thumbnail","6":"product_brand-milklab","7":"product_cat-san-pham-sua","8":"product_cat-sua-hat-tiet-trung","10":"first","11":"instock","12":"shipping-taxable","13":"product-type-simple"},"acf":[],"_links":{"self":[{"href":"https:\/\/goodfood.com.vn\/en\/wp-json\/wp\/v2\/product\/2891","targetHints":{"allow":["GET"]}}],"collection":[{"href":"https:\/\/goodfood.com.vn\/en\/wp-json\/wp\/v2\/product"}],"about":[{"href":"https:\/\/goodfood.com.vn\/en\/wp-json\/wp\/v2\/types\/product"}],"replies":[{"embeddable":true,"href":"https:\/\/goodfood.com.vn\/en\/wp-json\/wp\/v2\/comments?post=2891"}],"version-history":[{"count":4,"href":"https:\/\/goodfood.com.vn\/en\/wp-json\/wp\/v2\/product\/2891\/revisions"}],"predecessor-version":[{"id":3571,"href":"https:\/\/goodfood.com.vn\/en\/wp-json\/wp\/v2\/product\/2891\/revisions\/3571"}],"wp:featuredmedia":[{"embeddable":true,"href":"https:\/\/goodfood.com.vn\/en\/wp-json\/wp\/v2\/media\/3846"}],"wp:attachment":[{"href":"https:\/\/goodfood.com.vn\/en\/wp-json\/wp\/v2\/media?parent=2891"}],"wp:term":[{"taxonomy":"product_brand","embeddable":true,"href":"https:\/\/goodfood.com.vn\/en\/wp-json\/wp\/v2\/product_brand?post=2891"},{"taxonomy":"product_cat","embeddable":true,"href":"https:\/\/goodfood.com.vn\/en\/wp-json\/wp\/v2\/product_cat?post=2891"},{"taxonomy":"product_tag","embeddable":true,"href":"https:\/\/goodfood.com.vn\/en\/wp-json\/wp\/v2\/product_tag?post=2891"}],"curies":[{"name":"wp","href":"https:\/\/api.w.org\/{rel}","templated":true}]}}