{"id":2883,"date":"2025-08-27T17:57:09","date_gmt":"2025-08-27T10:57:09","guid":{"rendered":"https:\/\/goodfood.com.vn\/?post_type=product&#038;p=2883"},"modified":"2025-10-10T17:55:04","modified_gmt":"2025-10-10T10:55:04","slug":"kem-sua-danh-bong-avonmore-professional-whipping-cream-35-5-chat-beo-1l","status":"publish","type":"product","link":"https:\/\/goodfood.com.vn\/en\/product\/kem-sua-danh-bong-avonmore-professional-whipping-cream-35-5-chat-beo-1l\/","title":{"rendered":"Avonmore Professional Whipping Cream 35.5% 1L"},"content":{"rendered":"<h4>1. Th\u00e0nh ph\u1ea7n:<\/h4>\n<p>Kem (s\u1eefa) (99,83%), ch\u1ea5t nh\u0169 h\u00f3a (INS 471, INS 433), ch\u1ea5t \u1ed5n \u0111\u1ecbnh (INS 412, INS 415, INS 407).<\/p>\n<h4>2. Th\u1eddi h\u1ea1n s\u1eed d\u1ee5ng s\u1ea3n ph\u1ea9m:<\/h4>\n<p>09 th\u00e1ng k\u1ec3 t\u1eeb ng\u00e0y s\u1ea3n xu\u1ea5t<\/p>\n<h4>3. Quy c\u00e1ch \u0111\u00f3ng g\u00f3i v\u00e0 ch\u1ea5t li\u1ec7u bao b\u00ec:<\/h4>\n<p><strong>Ch\u1ea5t li\u1ec7u bao b\u00ec:<\/strong> s\u1ea3n ph\u1ea9m \u0111\u00f3ng tr\u1ef1c ti\u1ebfp trong bao b\u00ec h\u1ed9p gi\u1ea5y tr\u00e1ng nh\u1ef1a PE<\/p>\n<p>Ch\u1ea5t li\u1ec7u bao b\u00ec b\u1ea3o \u0111\u1ea3m an to\u00e0n th\u1ef1c ph\u1ea9m theo qui \u0111\u1ecbnh B\u1ed9 Y T\u1ebf<\/p>\n<p><strong>Quy c\u00e1ch \u0111\u00f3ng g\u00f3i:<\/strong><\/p>\n<p><strong>Th\u1ec3 t\u00edch th\u1ef1c:\u00a0<\/strong>1L<\/p>","protected":false},"excerpt":{"rendered":"<p>T\u1eeb nh\u00e0 ph\u00e2n ph\u1ed1i \u0111\u1ed9c quy\u1ec1n s\u1ea3n ph\u1ea9m Avonmore t\u1ea1i Vi\u1ec7t Nam.<\/p>","protected":false},"featured_media":3690,"comment_status":"open","ping_status":"closed","template":"","meta":{"_acf_changed":false},"product_brand":[19],"product_cat":[30,33],"product_tag":[],"class_list":{"0":"post-2883","1":"product","2":"type-product","3":"status-publish","4":"has-post-thumbnail","6":"product_brand-avonmore","7":"product_cat-san-pham-tu-sua","8":"product_cat-kem-sua-danh-bong","10":"first","11":"instock","12":"shipping-taxable","13":"product-type-simple"},"acf":[],"_links":{"self":[{"href":"https:\/\/goodfood.com.vn\/en\/wp-json\/wp\/v2\/product\/2883","targetHints":{"allow":["GET"]}}],"collection":[{"href":"https:\/\/goodfood.com.vn\/en\/wp-json\/wp\/v2\/product"}],"about":[{"href":"https:\/\/goodfood.com.vn\/en\/wp-json\/wp\/v2\/types\/product"}],"replies":[{"embeddable":true,"href":"https:\/\/goodfood.com.vn\/en\/wp-json\/wp\/v2\/comments?post=2883"}],"version-history":[{"count":4,"href":"https:\/\/goodfood.com.vn\/en\/wp-json\/wp\/v2\/product\/2883\/revisions"}],"predecessor-version":[{"id":3595,"href":"https:\/\/goodfood.com.vn\/en\/wp-json\/wp\/v2\/product\/2883\/revisions\/3595"}],"wp:featuredmedia":[{"embeddable":true,"href":"https:\/\/goodfood.com.vn\/en\/wp-json\/wp\/v2\/media\/3690"}],"wp:attachment":[{"href":"https:\/\/goodfood.com.vn\/en\/wp-json\/wp\/v2\/media?parent=2883"}],"wp:term":[{"taxonomy":"product_brand","embeddable":true,"href":"https:\/\/goodfood.com.vn\/en\/wp-json\/wp\/v2\/product_brand?post=2883"},{"taxonomy":"product_cat","embeddable":true,"href":"https:\/\/goodfood.com.vn\/en\/wp-json\/wp\/v2\/product_cat?post=2883"},{"taxonomy":"product_tag","embeddable":true,"href":"https:\/\/goodfood.com.vn\/en\/wp-json\/wp\/v2\/product_tag?post=2883"}],"curies":[{"name":"wp","href":"https:\/\/api.w.org\/{rel}","templated":true}]}}