{"id":2869,"date":"2025-08-27T17:31:26","date_gmt":"2025-08-27T10:31:26","guid":{"rendered":"https:\/\/goodfood.com.vn\/?post_type=product&#038;p=2869"},"modified":"2025-10-13T18:03:26","modified_gmt":"2025-10-13T11:03:26","slug":"bo-lat-avonmore-pure-irish-butter-unsalted","status":"publish","type":"product","link":"https:\/\/goodfood.com.vn\/en\/product\/bo-lat-avonmore-pure-irish-butter-unsalted\/","title":{"rendered":"B\u01a1 l\u1ea1t Avonmore Pure Irish Butter Unsalted"},"content":{"rendered":"<h4>1. Th\u00e0nh ph\u1ea7n:<\/h4>\n<p>Kem thanh tr\u00f9ng (s\u1eefa), men lactic (0,005%).<\/p>\n<h4>2. Th\u1eddi h\u1ea1n s\u1eed d\u1ee5ng s\u1ea3n ph\u1ea9m:<\/h4>\n<p>18 th\u00e1ng k\u1ec3 t\u1eeb ng\u00e0y s\u1ea3n xu\u1ea5t khi b\u1ea3o qu\u1ea3n \u0111\u00f4ng l\u1ea1nh \u1edf nhi\u1ec7t \u0111\u1ed9 -18\u2103. Thay \u0111\u1ed5i nhi\u1ec7t \u0111\u1ed9 \u0111\u1ec3 b\u00e1n l\u1ebb ph\u1ea3i duy tr\u00ec 0 &#8211; 5\u2103, th\u1eddi h\u1ea1n s\u1eed d\u1ee5ng c\u00f2n l\u1ea1i t\u1ed1i \u0111a 3 th\u00e1ng.<\/p>\n<h4>3. Quy c\u00e1ch \u0111\u00f3ng g\u00f3i v\u00e0 ch\u1ea5t li\u1ec7u bao b\u00ec:<\/h4>\n<p><strong>Ch\u1ea5t li\u1ec7u bao b\u00ec:<\/strong>\u00a0s\u1ea3n ph\u1ea9m \u0111\u00f3ng tr\u1ef1c ti\u1ebfp trong bao b\u00ec nh\u00f4m tr\u00e1ng nh\u1ef1a PE (PE ti\u1ebfp x\u00fac tr\u1ef1c ti\u1ebfp)<\/p>\n<p>Ch\u1ea5t li\u1ec7u bao b\u00ec b\u1ea3o \u0111\u1ea3m an to\u00e0n th\u1ef1c ph\u1ea9m theo qui \u0111\u1ecbnh B\u1ed9 Y T\u1ebf<\/p>\n<p><strong>Quy c\u00e1ch \u0111\u00f3ng g\u00f3i:<\/strong><\/p>\n<p><strong>Kh\u1ed1i l\u01b0\u1ee3ng t\u1ecbnh:\u00a0<\/strong>200g, 2,5kg, 10kg<\/p>","protected":false},"excerpt":{"rendered":"<p>T\u1eeb nh\u00e0 ph\u00e2n ph\u1ed1i \u0111\u1ed9c quy\u1ec1n s\u1ea3n ph\u1ea9m Avonmore t\u1ea1i Vi\u1ec7t Nam.<\/p>","protected":false},"featured_media":3695,"comment_status":"open","ping_status":"closed","template":"","meta":{"_acf_changed":false},"product_brand":[19],"product_cat":[30,119,32],"product_tag":[],"class_list":{"0":"post-2869","1":"product","2":"type-product","3":"status-publish","4":"has-post-thumbnail","6":"product_brand-avonmore","7":"product_cat-san-pham-tu-sua","8":"product_cat-bo-lat","9":"product_cat-bo-sua","11":"first","12":"instock","13":"shipping-taxable","14":"product-type-variable"},"acf":[],"_links":{"self":[{"href":"https:\/\/goodfood.com.vn\/en\/wp-json\/wp\/v2\/product\/2869","targetHints":{"allow":["GET"]}}],"collection":[{"href":"https:\/\/goodfood.com.vn\/en\/wp-json\/wp\/v2\/product"}],"about":[{"href":"https:\/\/goodfood.com.vn\/en\/wp-json\/wp\/v2\/types\/product"}],"replies":[{"embeddable":true,"href":"https:\/\/goodfood.com.vn\/en\/wp-json\/wp\/v2\/comments?post=2869"}],"version-history":[{"count":4,"href":"https:\/\/goodfood.com.vn\/en\/wp-json\/wp\/v2\/product\/2869\/revisions"}],"predecessor-version":[{"id":3564,"href":"https:\/\/goodfood.com.vn\/en\/wp-json\/wp\/v2\/product\/2869\/revisions\/3564"}],"wp:featuredmedia":[{"embeddable":true,"href":"https:\/\/goodfood.com.vn\/en\/wp-json\/wp\/v2\/media\/3695"}],"wp:attachment":[{"href":"https:\/\/goodfood.com.vn\/en\/wp-json\/wp\/v2\/media?parent=2869"}],"wp:term":[{"taxonomy":"product_brand","embeddable":true,"href":"https:\/\/goodfood.com.vn\/en\/wp-json\/wp\/v2\/product_brand?post=2869"},{"taxonomy":"product_cat","embeddable":true,"href":"https:\/\/goodfood.com.vn\/en\/wp-json\/wp\/v2\/product_cat?post=2869"},{"taxonomy":"product_tag","embeddable":true,"href":"https:\/\/goodfood.com.vn\/en\/wp-json\/wp\/v2\/product_tag?post=2869"}],"curies":[{"name":"wp","href":"https:\/\/api.w.org\/{rel}","templated":true}]}}