{"id":308,"date":"2025-03-17T00:18:58","date_gmt":"2025-03-16T17:18:58","guid":{"rendered":"https:\/\/goodfood.com.vn\/?page_id=308"},"modified":"2025-12-05T11:11:26","modified_gmt":"2025-12-05T04:11:26","slug":"dia-chi-chi-nhanh","status":"publish","type":"page","link":"https:\/\/goodfood.com.vn\/en\/dia-chi-chi-nhanh\/","title":{"rendered":"Branch location"},"content":{"rendered":"<div data-elementor-type=\"wp-page\" data-elementor-id=\"308\" class=\"elementor elementor-308\" data-elementor-post-type=\"page\">\n\t\t\t\t<div class=\"elementor-element elementor-element-d86bbe4 e-flex e-con-boxed e-con e-parent\" data-id=\"d86bbe4\" data-element_type=\"container\" data-e-type=\"container\">\n\t\t\t\t\t<div class=\"e-con-inner\">\n\t\t<div class=\"elementor-element elementor-element-6615216 e-con-full e-flex e-con e-child\" data-id=\"6615216\" data-element_type=\"container\" data-e-type=\"container\">\n\t\t\t\t<div class=\"elementor-element elementor-element-689a63d elementor-widget elementor-widget-html\" data-id=\"689a63d\" data-element_type=\"widget\" data-e-type=\"widget\" data-widget_type=\"html.default\">\n\t\t\t\t<div class=\"elementor-widget-container\">\n\t\t\t\t\t<iframe src=\"https:\/\/www.google.com\/maps\/embed?pb=!1m18!1m12!1m3!1d3919.5505060218848!2d106.72562970000001!3d10.769083700000001!2m3!1f0!2f0!3f0!3m2!1i1024!2i768!4f13.1!3m3!1m2!1s0x3175258c30458f95%3A0x4409a8e8974e0f31!2zR29vZEZvb2QgLSBUcuG7pSBz4bufIGNow61uaA!5e0!3m2!1sen!2s!4v1741664746190!5m2!1sen!2s\" width=\"800\" height=\"200\" style=\"border:0;\" allowfullscreen=\"\" loading=\"lazy\" referrerpolicy=\"no-referrer-when-downgrade\"><\/iframe>\t\t\t\t<\/div>\n\t\t\t\t<\/div>\n\t\t\t\t<\/div>\n\t\t<div class=\"elementor-element elementor-element-b023bcf e-con-full e-flex e-con e-child\" data-id=\"b023bcf\" data-element_type=\"container\" data-e-type=\"container\">\n\t\t\t\t<div class=\"elementor-element elementor-element-72f84a2 elementor-widget elementor-widget-heading\" data-id=\"72f84a2\" data-element_type=\"widget\" data-e-type=\"widget\" data-widget_type=\"heading.default\">\n\t\t\t\t<div class=\"elementor-widget-container\">\n\t\t\t\t\t<h2 class=\"elementor-heading-title elementor-size-default\">GoodFood Co., Ltd - Head office<\/h2>\t\t\t\t<\/div>\n\t\t\t\t<\/div>\n\t\t\t\t<div class=\"elementor-element elementor-element-abc27b8 elementor-widget elementor-widget-text-editor\" data-id=\"abc27b8\" data-element_type=\"widget\" data-e-type=\"widget\" data-widget_type=\"text-editor.default\">\n\t\t\t\t<div class=\"elementor-widget-container\">\n\t\t\t\t\t\t\t\t\t<p class=\"translation-block\">Unit 17, Tower A, Sarica Building No. 6 D9 Street, Nguyen Co Thach, An Khanh Ward<\/p><p><b>Mon-Fri (8h30-18h00): <a href=\"tel:84902739522\">(84) <span data-teams=\"true\">902 739 522<\/span><\/a><br \/>Email: <a href=\"mailto:info@goodfood.com.vn\">info@goodfood.com.vn<\/a><\/b><\/p>\t\t\t\t\t\t\t\t<\/div>\n\t\t\t\t<\/div>\n\t\t\t\t<\/div>\n\t\t\t\t\t<\/div>\n\t\t\t\t<\/div>\n\t\t<div class=\"elementor-element elementor-element-05f3c07 e-flex e-con-boxed e-con e-parent\" data-id=\"05f3c07\" data-element_type=\"container\" data-e-type=\"container\">\n\t\t\t\t\t<div class=\"e-con-inner\">\n\t\t<div class=\"elementor-element elementor-element-703fefa e-con-full e-flex e-con e-child\" data-id=\"703fefa\" data-element_type=\"container\" data-e-type=\"container\">\n\t\t\t\t<div class=\"elementor-element elementor-element-ac3ff9a elementor-widget elementor-widget-heading\" data-id=\"ac3ff9a\" data-element_type=\"widget\" data-e-type=\"widget\" data-widget_type=\"heading.default\">\n\t\t\t\t<div class=\"elementor-widget-container\">\n\t\t\t\t\t<h2 class=\"elementor-heading-title elementor-size-default\">GoodFood - Ha Noi Office<\/h2>\t\t\t\t<\/div>\n\t\t\t\t<\/div>\n\t\t\t\t<div class=\"elementor-element elementor-element-f59d465 elementor-widget elementor-widget-text-editor\" data-id=\"f59d465\" data-element_type=\"widget\" data-e-type=\"widget\" data-widget_type=\"text-editor.default\">\n\t\t\t\t<div class=\"elementor-widget-container\">\n\t\t\t\t\t\t\t\t\t<p class=\"translation-block\">Ground Floor, Ocean Park Building No. 1 Dao Duy Anh Street, Kim Lien Ward<\/p><p><strong>Mon-Fri (8h30-18h00): <a href=\"tel:02437666170\">(8424) 3766 6170<\/a><\/strong><br \/><strong>Email: <a href=\"mailto:info@goodfood.com.vn\">info@goodfood.com.vn<\/a><\/strong><\/p>\t\t\t\t\t\t\t\t<\/div>\n\t\t\t\t<\/div>\n\t\t\t\t<\/div>\n\t\t<div class=\"elementor-element elementor-element-adc89c3 e-con-full e-flex e-con e-child\" data-id=\"adc89c3\" data-element_type=\"container\" data-e-type=\"container\">\n\t\t\t\t<div class=\"elementor-element elementor-element-0d9d774 elementor-widget elementor-widget-html\" data-id=\"0d9d774\" data-element_type=\"widget\" data-e-type=\"widget\" data-widget_type=\"html.default\">\n\t\t\t\t<div class=\"elementor-widget-container\">\n\t\t\t\t\t<iframe src=\"https:\/\/www.google.com\/maps\/embed?pb=!1m18!1m12!1m3!1d3919.5505060218848!2d106.72562970000001!3d10.769083700000001!2m3!1f0!2f0!3f0!3m2!1i1024!2i768!4f13.1!3m3!1m2!1s0x3175258c30458f95%3A0x4409a8e8974e0f31!2zR29vZEZvb2QgLSBUcuG7pSBz4bufIGNow61uaA!5e0!3m2!1sen!2s!4v1741664746190!5m2!1sen!2s\" width=\"800\" height=\"200\" style=\"border:0;\" allowfullscreen=\"\" loading=\"lazy\" referrerpolicy=\"no-referrer-when-downgrade\"><\/iframe>\t\t\t\t<\/div>\n\t\t\t\t<\/div>\n\t\t\t\t<\/div>\n\t\t\t\t\t<\/div>\n\t\t\t\t<\/div>\n\t\t<div class=\"elementor-element elementor-element-0634b47 e-flex e-con-boxed e-con e-parent\" data-id=\"0634b47\" data-element_type=\"container\" data-e-type=\"container\">\n\t\t\t\t\t<div class=\"e-con-inner\">\n\t\t<div class=\"elementor-element elementor-element-2751fdd e-con-full e-flex e-con e-child\" data-id=\"2751fdd\" data-element_type=\"container\" data-e-type=\"container\">\n\t\t\t\t<div class=\"elementor-element elementor-element-9c02e37 elementor-widget elementor-widget-html\" data-id=\"9c02e37\" data-element_type=\"widget\" data-e-type=\"widget\" data-widget_type=\"html.default\">\n\t\t\t\t<div class=\"elementor-widget-container\">\n\t\t\t\t\t<iframe src=\"https:\/\/www.google.com\/maps\/embed?pb=!1m18!1m12!1m3!1d3834.7584543844123!2d108.2388751!3d16.0260847!2m3!1f0!2f0!3f0!3m2!1i1024!2i768!4f13.1!3m3!1m2!1s0x3142170038999645%3A0xa3549b3d82261adb!2zR29vZEZvb2QgxJDDoCBO4bq1bmc!5e0!3m2!1sen!2s!4v1741665365928!5m2!1sen!2s\" width=\"800\" height=\"200\" style=\"border:0;\" allowfullscreen=\"\" loading=\"lazy\" referrerpolicy=\"no-referrer-when-downgrade\"><\/iframe>\t\t\t\t<\/div>\n\t\t\t\t<\/div>\n\t\t\t\t<\/div>\n\t\t<div class=\"elementor-element elementor-element-37a6df1 e-con-full e-flex e-con e-child\" data-id=\"37a6df1\" data-element_type=\"container\" data-e-type=\"container\">\n\t\t\t\t<div class=\"elementor-element elementor-element-369b3b3 elementor-widget elementor-widget-heading\" data-id=\"369b3b3\" data-element_type=\"widget\" data-e-type=\"widget\" data-widget_type=\"heading.default\">\n\t\t\t\t<div class=\"elementor-widget-container\">\n\t\t\t\t\t<h2 class=\"elementor-heading-title elementor-size-default\">GoodFood - Da Nang Office<\/h2>\t\t\t\t<\/div>\n\t\t\t\t<\/div>\n\t\t\t\t<div class=\"elementor-element elementor-element-ae76e15 elementor-widget elementor-widget-text-editor\" data-id=\"ae76e15\" data-element_type=\"widget\" data-e-type=\"widget\" data-widget_type=\"text-editor.default\">\n\t\t\t\t<div class=\"elementor-widget-container\">\n\t\t\t\t\t\t\t\t\t<p class=\"translation-block\">Lot 26, Zone B1-2, Area No. 4, Chuong Duong Street New Urban Area \u2013 Nam Cau Tuyen Son, Ngu Hanh Son Ward<\/p><p><strong>Mon-Fri (8h30-18h00): <a href=\"tel:84938266588\">(84) 938 266 588<\/a><\/strong><br \/><strong>Email: <a href=\"mailto:info@goodfood.com.vn\">info@goodfood.com.vn<\/a><\/strong><\/p>\t\t\t\t\t\t\t\t<\/div>\n\t\t\t\t<\/div>\n\t\t\t\t<\/div>\n\t\t\t\t\t<\/div>\n\t\t\t\t<\/div>\n\t\t\t\t<\/div>","protected":false},"excerpt":{"rendered":"<p>GoodFood &#8211; C\u00f4ng ty TNHH Th\u1ef1c Ph\u1ea9m T\u1ed1t L\u00e0nh C\u0103n s\u1ed1 17, th\u00e1p A t\u00f2a nh\u00e0 Sarica.S\u1ed1 6 D9, \u0111\u01b0\u1eddng Nguy\u1ec5n C\u01a1 Th\u1ea1ch, ph\u01b0\u1eddng An Kh\u00e1nh T2-T6 (8h30-18h00): (84) 902 739 522Email: info@goodfood.com.vn GoodFood &#8211; Tr\u1ee5 s\u1edf H\u00e0 N\u1ed9i T\u1ea7ng G, t\u00f2a nh\u00e0 Ocean Park,s\u1ed1 1 \u0111\u01b0\u1eddng \u0110\u00e0o Duy Anh, ph\u01b0\u1eddng Kim Li\u00ean T2-T6 (8h30-18h00): [&hellip;]<\/p>\n","protected":false},"author":1,"featured_media":1309,"parent":0,"menu_order":0,"comment_status":"closed","ping_status":"closed","template":"elementor_header_footer","meta":{"_acf_changed":false,"footnotes":""},"class_list":["post-308","page","type-page","status-publish","has-post-thumbnail","hentry"],"acf":[],"_links":{"self":[{"href":"https:\/\/goodfood.com.vn\/en\/wp-json\/wp\/v2\/pages\/308","targetHints":{"allow":["GET"]}}],"collection":[{"href":"https:\/\/goodfood.com.vn\/en\/wp-json\/wp\/v2\/pages"}],"about":[{"href":"https:\/\/goodfood.com.vn\/en\/wp-json\/wp\/v2\/types\/page"}],"author":[{"embeddable":true,"href":"https:\/\/goodfood.com.vn\/en\/wp-json\/wp\/v2\/users\/1"}],"replies":[{"embeddable":true,"href":"https:\/\/goodfood.com.vn\/en\/wp-json\/wp\/v2\/comments?post=308"}],"version-history":[{"count":12,"href":"https:\/\/goodfood.com.vn\/en\/wp-json\/wp\/v2\/pages\/308\/revisions"}],"predecessor-version":[{"id":4943,"href":"https:\/\/goodfood.com.vn\/en\/wp-json\/wp\/v2\/pages\/308\/revisions\/4943"}],"wp:featuredmedia":[{"embeddable":true,"href":"https:\/\/goodfood.com.vn\/en\/wp-json\/wp\/v2\/media\/1309"}],"wp:attachment":[{"href":"https:\/\/goodfood.com.vn\/en\/wp-json\/wp\/v2\/media?parent=308"}],"curies":[{"name":"wp","href":"https:\/\/api.w.org\/{rel}","templated":true}]}}