{"id":17,"date":"2025-03-17T01:33:17","date_gmt":"2025-03-16T18:33:17","guid":{"rendered":"https:\/\/goodfood.com.vn\/?page_id=17"},"modified":"2025-03-27T14:07:17","modified_gmt":"2025-03-27T07:07:17","slug":"dieu-khoan-su-dung","status":"publish","type":"page","link":"https:\/\/goodfood.com.vn\/en\/dieu-khoan-su-dung\/","title":{"rendered":"Term &amp; Conditions"},"content":{"rendered":"<div data-elementor-type=\"wp-page\" data-elementor-id=\"17\" class=\"elementor elementor-17\" data-elementor-post-type=\"page\">\n\t\t\t\t<div class=\"elementor-element elementor-element-284d50d1 e-flex e-con-boxed e-con e-parent\" data-id=\"284d50d1\" data-element_type=\"container\" data-e-type=\"container\">\n\t\t\t\t\t<div class=\"e-con-inner\">\n\t\t\t\t<div class=\"elementor-element elementor-element-cb31986 elementor-widget__width-initial elementor-widget elementor-widget-heading\" data-id=\"cb31986\" data-element_type=\"widget\" data-e-type=\"widget\" data-widget_type=\"heading.default\">\n\t\t\t\t<div class=\"elementor-widget-container\">\n\t\t\t\t\t<h1 class=\"elementor-heading-title elementor-size-default\">Terms and Conditions &amp; Disclaimer<\/h1>\t\t\t\t<\/div>\n\t\t\t\t<\/div>\n\t\t\t\t<div class=\"elementor-element elementor-element-1512d26 elementor-widget elementor-widget-text-editor\" data-id=\"1512d26\" data-element_type=\"widget\" data-e-type=\"widget\" data-widget_type=\"text-editor.default\">\n\t\t\t\t<div class=\"elementor-widget-container\">\n\t\t\t\t\t\t\t\t\t<p>Please read the following Terms of Use and Disclaimer carefully before using this website.<\/p>\n<p><strong>ACCEPTANCE OF TERMS<\/strong> This website (hereinafter referred to as the \u201cWebsite\u201d) is operated by GoodFood Co., Ltd. (GF). Throughout the Website, the terms \u201cwe,\u201d \u201cour,\u201d and \u201cours\u201d refer to GF. GF provides this Website, including all information, tools, and services available on it, to you, on the condition that you accept all the terms, conditions, policies, and notices stated herein. By using the Website, you agree to these Terms of Use. If you do not agree with these Terms of Use, please do not use the Website.<\/p>\n<p><strong>ACCURACY AND COMPLETENESS OF INFORMATION<\/strong> GF is not responsible for any information provided on this Website that may be inaccurate, incomplete, or outdated. The materials on the Website are provided for general reference purposes only and should not be relied upon as the sole basis for any decision without consulting more accurate, complete, and up-to-date sources. We reserve the right to modify the content of the Website at any time without prior notice. You agree that it is your responsibility to monitor any changes on the Website.<\/p>\n<p><strong>YOUR USE OF THE WEBSITE<\/strong> All content on this Website (including, but not limited to, text, design, graphics, logos, icons, images, audio clips, downloads, interfaces, code, and software) is the exclusive property of GF, its licensors, or content providers, and is protected by copyright, trademark, and other applicable laws. You may access, copy, download, and print materials from the Website for personal, non-commercial purposes, provided that you do not modify or remove any copyright, trademark, or other proprietary notices that appear on the materials you access, copy, download, or print. Any other use of the Website content, including but not limited to editing, distributing, transmitting, uploading, licensing, or creating derivative works from any materials, information, software, products, or services obtained from the Website, is strictly prohibited. GF, its licensors, and content providers retain full ownership of the materials provided on the Website, including all associated intellectual property rights, and provide these materials to you under a license that may be revoked at any time at GF\u2019s discretion. GF does not guarantee or represent that your use of the materials on the Website will not infringe the rights of third parties not affiliated with GF. As a condition of using the Website, you agree not to use the Website for any unlawful purpose or any purpose prohibited by these Terms of Use or by any applicable law.<\/p>\n<p><strong>MATERIALS YOU SUBMIT<\/strong><\/p>\n<p>You acknowledge that you are responsible for any materials you submit through the Website, including the legality, accuracy, appropriateness, originality, and copyright of such materials. You may not upload, distribute, or publish through the Website any content that:<\/p>\n<p>(i) is confidential, proprietary, fraudulent, deceptive, defamatory, obscene, threatening, violates privacy or publicity rights, infringes intellectual property rights, abusive, illegal, or otherwise inappropriate;<\/p>\n<p>(ii) could constitute or encourage criminal activity, violate the rights of any party, or result in legal liability or violation of any law; or<\/p>\n<p>(iii) may contain software viruses, political campaigning materials, chain letters, junk mail, or any form of \u201cspam\u201d. You may not use a false email address or other identifying information, impersonate any person or entity, or misrepresent the origin of any content. You may not upload commercial content to the Website. By submitting materials, unless otherwise stated, you agree to grant GF and its affiliates an unrestricted, non-exclusive, royalty-free, perpetual, irrevocable, and transferable license to use, copy, modify, adapt, publish, translate, create derivative works from, distribute, and display such materials worldwide in any media. You agree that GF may use any ideas, concepts, or knowledge you or your representatives provide to GF. You also agree that GF and its affiliates may use your name in connection with the submitted materials, if they choose. All personal information provided through the Website will be handled in accordance with the Website\u2019s Online Privacy Policy. You represent and warrant that you own or control all rights to the content you provide; that the content is accurate; that use of the content you submit does not violate these Terms and will not harm any individual or entity; and that you will indemnify GF for any claims arising from the content you submit.<\/p>\n<p><strong>DISCLAIMER<\/strong><\/p>\n<p>Your use of the Website is entirely at your own risk. The Website is provided on an \u201cas-is\u201d basis. GF disclaims all warranties, whether express or implied, relating to this Website, including, but not limited to, implied warranties of merchantability, fitness for a particular purpose, or non-infringement. If you download any materials from this Website, you do so at your own discretion and risk. You are responsible for any damage to your computer system or loss of data resulting from the download of any such materials. <strong>LIMITATION OF LIABILITY<\/strong> In no event, under any legal or equitable theory, whether in contract, strict liability, or otherwise, shall GF be liable for any direct, indirect, special, incidental, or consequential damages arising from the use of the information on this Website, including, but not limited to, damages for lost profits, loss of reputation, loss of data, downtime, accuracy of results, or computer failure or malfunction. You specifically acknowledge and agree that GF or GF\u2019s providers shall not be responsible for any defamatory, offensive, or illegal conduct of Website users. Your sole and exclusive remedy for any claim or dispute with GF is to discontinue use of the Website. You and GF agree that any cause of action arising out of or related to the Website must be commenced within one (1) year after the cause of action arises, or such cause of action is permanently barred. Because some jurisdictions do not allow limitations on implied warranties or the exclusion or limitation of liability for incidental or consequential damages, some or all of the above limitations may not apply to you.<\/p>\n<p><strong>INDEMNIFICATION<\/strong><\/p>\n<p>You agree to defend, indemnify, and hold GF harmless from and against any claims, damages, costs, and expenses, including attorney\u2019s fees, arising from or related to your use of the Website.<\/p>\n<p><strong>COPYRIGHT NOTICE<\/strong><\/p>\n<p>Unless otherwise stated, the graphics, buttons, and text on this Website are the exclusive property of GF and its subsidiaries. Except for personal use, these materials may not be copied, distributed, displayed, reproduced, or transmitted in any form or by any means, whether electronic, mechanical, photocopying, recording, or otherwise, without prior written permission from GF.<\/p>\n<p><strong>TRADEMARKS<\/strong><\/p>\n<p>This Website contains logos, brand identities, and other trademarks or service marks (collectively, \u201cTrademarks\u201d) owned by or licensed to GF and its subsidiaries, or by licensors or content providers. All such Trademarks are the property of their respective owners. Nothing on this Website shall be construed as granting, by implication, estoppel, or otherwise, any license or right to use any Trademark displayed on the Website without the prior written permission of GF or the applicable third-party owner of the displayed Trademark. GF reserves all rights not expressly granted in and to the Website and its content. The Website and all of its content, including but not limited to text, design, graphics, interfaces, and code, as well as their selection and arrangement, are protected as a collective work under Vietnamese copyright law.<\/p>\n<p><strong>LINKS TO THIRD-PARTY WEBSITES<\/strong><\/p>\n<p>For user convenience, this Website may contain links to other websites owned and operated by third parties and not maintained by GF. However, even if such third parties are affiliated with GF, GF does not control these linked websites, all of which have their own privacy and data collection policies and legal terms independent of GF. GF is not responsible for the content of any linked websites and makes no representations regarding the content or accuracy of materials on such websites. Accessing third-party websites is entirely at your own risk.<\/p>\n<p><strong>FORWARD-LOOKING STATEMENTS WARNING<\/strong><\/p>\n<p>This Website may contain statements, estimates, or projections that are considered \u201cforward-looking statements\u201d under Vietnamese securities law. Any such forward-looking statements are speculative and based on current information, operational plans, and projections of future events and trends. They are therefore subject to numerous risks and uncertainties. Actual results and performance may differ significantly from GF\u2019s historical experience and current expectations or projections. GF has no obligation to publicly update or revise any forward-looking statements.<\/p>\n<p><strong>LEGAL JURISDICTION<\/strong><\/p>\n<p>GF maintains and operates this Website from its headquarters in Ho Chi Minh City, Vietnam. These Terms of Use are governed by and interpreted in accordance with Vietnamese law. By using this Website, you agree to submit to the jurisdiction of the courts of Vietnam for any action arising out of these Terms of Use. If any part of these Terms of Use is deemed unlawful, void, or unenforceable, that part shall be considered severable and interpreted in accordance with applicable law. Such a provision shall not affect the validity and enforceability of the remaining provisions. GF\u2019s failure to act on any violation of these Terms of Use by you or others shall not be deemed a waiver and shall not limit GF\u2019s rights regarding that or any subsequent violation.<\/p>\t\t\t\t\t\t\t\t<\/div>\n\t\t\t\t<\/div>\n\t\t\t\t\t<\/div>\n\t\t\t\t<\/div>\n\t\t\t\t<\/div>","protected":false},"excerpt":{"rendered":"<p>\u0110i\u1ec1u kho\u1ea3n s\u1eed d\u1ee5ng v\u00e0 mi\u1ec5n tr\u1eeb tr\u00e1ch nhi\u1ec7m Vui l\u00f2ng \u0111\u1ecdc k\u1ef9 c\u00e1c \u0110i\u1ec1u Kho\u1ea3n S\u1eed D\u1ee5ng v\u00e0 T\u1eeb Ch\u1ed1i Tr\u00e1ch Nhi\u1ec7m sau \u0111\u00e2y tr\u01b0\u1edbc khi s\u1eed d\u1ee5ng trang web n\u00e0y. CH\u1ea4P NH\u1eacN \u0110I\u1ec0U KHO\u1ea2N Trang web n\u00e0y (g\u1ecdi t\u1eaft l\u00e0 &#8220;Trang web&#8221;) \u0111\u01b0\u1ee3c v\u1eadn h\u00e0nh b\u1edfi C\u00f4ng ty TNHH Th\u1ef1c Ph\u1ea9m T\u1ed1t L\u00e0nh [&hellip;]<\/p>\n","protected":false},"author":1,"featured_media":1309,"parent":0,"menu_order":0,"comment_status":"closed","ping_status":"closed","template":"elementor_header_footer","meta":{"_acf_changed":false,"footnotes":""},"class_list":["post-17","page","type-page","status-publish","has-post-thumbnail","hentry"],"acf":[],"yoast_head":"<!-- This site is optimized with the Yoast SEO Premium plugin v27.3 (Yoast SEO v27.3) - https:\/\/yoast.com\/product\/yoast-seo-premium-wordpress\/ -->\n<title>\u0110i\u1ec1u kho\u1ea3n s\u1eed d\u1ee5ng - GoodFood Vietnam<\/title>\n<meta name=\"description\" content=\"\u0110i\u1ec1u kho\u1ea3n s\u1eed d\u1ee5ng d\u00e0nh cho ng\u01b0\u1eddi d\u00f9ng s\u1eed d\u1ee5ng website ho\u1eb7c c\u00e1c d\u1ecbch v\u1ee5 li\u00ean quan c\u1ee7a GoodFood - C\u00f4ng ty TNHH Th\u1ef1c Ph\u1ea9m T\u1ed1t L\u00e0nh\" \/>\n<meta name=\"robots\" content=\"index, follow, max-snippet:-1, max-image-preview:large, max-video-preview:-1\" \/>\n<link rel=\"canonical\" href=\"https:\/\/goodfood.com.vn\/en\/dieu-khoan-su-dung\/\" \/>\n<meta property=\"og:locale\" content=\"en_US\" \/>\n<meta property=\"og:type\" content=\"article\" \/>\n<meta property=\"og:title\" content=\"\u0110i\u1ec1u kho\u1ea3n s\u1eed d\u1ee5ng\" \/>\n<meta property=\"og:description\" content=\"\u0110i\u1ec1u kho\u1ea3n s\u1eed d\u1ee5ng d\u00e0nh cho ng\u01b0\u1eddi d\u00f9ng s\u1eed d\u1ee5ng website ho\u1eb7c c\u00e1c d\u1ecbch v\u1ee5 li\u00ean quan c\u1ee7a GoodFood - C\u00f4ng ty TNHH Th\u1ef1c Ph\u1ea9m T\u1ed1t L\u00e0nh\" \/>\n<meta property=\"og:url\" content=\"https:\/\/goodfood.com.vn\/en\/dieu-khoan-su-dung\/\" \/>\n<meta property=\"og:site_name\" content=\"GoodFood Vietnam\" \/>\n<meta property=\"article:publisher\" content=\"https:\/\/www.facebook.com\/GoodFoodVN194\" \/>\n<meta property=\"article:modified_time\" content=\"2025-03-27T07:07:17+00:00\" \/>\n<meta name=\"twitter:card\" content=\"summary_large_image\" \/>\n<meta name=\"twitter:label1\" content=\"Est. reading time\" \/>\n\t<meta name=\"twitter:data1\" content=\"11 minutes\" \/>\n<script type=\"application\/ld+json\" class=\"yoast-schema-graph\">{\"@context\":\"https:\\\/\\\/schema.org\",\"@graph\":[{\"@type\":\"WebPage\",\"@id\":\"https:\\\/\\\/goodfood.com.vn\\\/dieu-khoan-su-dung\\\/\",\"url\":\"https:\\\/\\\/goodfood.com.vn\\\/dieu-khoan-su-dung\\\/\",\"name\":\"\u0110i\u1ec1u kho\u1ea3n s\u1eed d\u1ee5ng - GoodFood Vietnam\",\"isPartOf\":{\"@id\":\"https:\\\/\\\/goodfood.com.vn\\\/#website\"},\"primaryImageOfPage\":{\"@id\":\"https:\\\/\\\/goodfood.com.vn\\\/dieu-khoan-su-dung\\\/#primaryimage\"},\"image\":{\"@id\":\"https:\\\/\\\/goodfood.com.vn\\\/dieu-khoan-su-dung\\\/#primaryimage\"},\"thumbnailUrl\":\"https:\\\/\\\/goodfood.com.vn\\\/wp-content\\\/uploads\\\/goodfood-logo-no-tagline-favicon-512x512-1.svg\",\"datePublished\":\"2025-03-16T18:33:17+00:00\",\"dateModified\":\"2025-03-27T07:07:17+00:00\",\"description\":\"\u0110i\u1ec1u kho\u1ea3n s\u1eed d\u1ee5ng d\u00e0nh cho ng\u01b0\u1eddi d\u00f9ng s\u1eed d\u1ee5ng website ho\u1eb7c c\u00e1c d\u1ecbch v\u1ee5 li\u00ean quan c\u1ee7a GoodFood - C\u00f4ng ty TNHH Th\u1ef1c Ph\u1ea9m T\u1ed1t L\u00e0nh\",\"breadcrumb\":{\"@id\":\"https:\\\/\\\/goodfood.com.vn\\\/dieu-khoan-su-dung\\\/#breadcrumb\"},\"inLanguage\":\"en-US\",\"potentialAction\":[{\"@type\":\"ReadAction\",\"target\":[\"https:\\\/\\\/goodfood.com.vn\\\/dieu-khoan-su-dung\\\/\"]}]},{\"@type\":\"ImageObject\",\"inLanguage\":\"en-US\",\"@id\":\"https:\\\/\\\/goodfood.com.vn\\\/dieu-khoan-su-dung\\\/#primaryimage\",\"url\":\"https:\\\/\\\/goodfood.com.vn\\\/wp-content\\\/uploads\\\/goodfood-logo-no-tagline-favicon-512x512-1.svg\",\"contentUrl\":\"https:\\\/\\\/goodfood.com.vn\\\/wp-content\\\/uploads\\\/goodfood-logo-no-tagline-favicon-512x512-1.svg\",\"width\":512,\"height\":512},{\"@type\":\"BreadcrumbList\",\"@id\":\"https:\\\/\\\/goodfood.com.vn\\\/dieu-khoan-su-dung\\\/#breadcrumb\",\"itemListElement\":[{\"@type\":\"ListItem\",\"position\":1,\"name\":\"Trang ch\u1ee7\",\"item\":\"https:\\\/\\\/goodfood.com.vn\\\/\"},{\"@type\":\"ListItem\",\"position\":2,\"name\":\"\u0110i\u1ec1u kho\u1ea3n s\u1eed d\u1ee5ng\"}]},{\"@type\":\"WebSite\",\"@id\":\"https:\\\/\\\/goodfood.com.vn\\\/#website\",\"url\":\"https:\\\/\\\/goodfood.com.vn\\\/\",\"name\":\"GoodFood Vietnam\",\"description\":\"From Around The World\",\"publisher\":{\"@id\":\"https:\\\/\\\/goodfood.com.vn\\\/#organization\"},\"alternateName\":\"C\u00f4ng ty TNHH Th\u1ef1c Ph\u1ea9m T\u1ed1t L\u00e0nh\",\"potentialAction\":[{\"@type\":\"SearchAction\",\"target\":{\"@type\":\"EntryPoint\",\"urlTemplate\":\"https:\\\/\\\/goodfood.com.vn\\\/?s={search_term_string}\"},\"query-input\":{\"@type\":\"PropertyValueSpecification\",\"valueRequired\":true,\"valueName\":\"search_term_string\"}}],\"inLanguage\":\"en-US\"},{\"@type\":\"Organization\",\"@id\":\"https:\\\/\\\/goodfood.com.vn\\\/#organization\",\"name\":\"GoodFood Vietnam\",\"alternateName\":\"C\u00f4ng ty TNHH Th\u1ef1c Ph\u1ea9m T\u1ed1t L\u00e0nh\",\"url\":\"https:\\\/\\\/goodfood.com.vn\\\/\",\"logo\":{\"@type\":\"ImageObject\",\"inLanguage\":\"en-US\",\"@id\":\"https:\\\/\\\/goodfood.com.vn\\\/#\\\/schema\\\/logo\\\/image\\\/\",\"url\":\"https:\\\/\\\/goodfood.com.vn\\\/wp-content\\\/uploads\\\/goodfood-logo-no-tagline-favicon-512x512-1.svg\",\"contentUrl\":\"https:\\\/\\\/goodfood.com.vn\\\/wp-content\\\/uploads\\\/goodfood-logo-no-tagline-favicon-512x512-1.svg\",\"width\":512,\"height\":512,\"caption\":\"GoodFood Vietnam\"},\"image\":{\"@id\":\"https:\\\/\\\/goodfood.com.vn\\\/#\\\/schema\\\/logo\\\/image\\\/\"},\"sameAs\":[\"https:\\\/\\\/www.facebook.com\\\/GoodFoodVN194\",\"https:\\\/\\\/vn.linkedin.com\\\/company\\\/goodfoodvietnam\",\"https:\\\/\\\/www.tiktok.com\\\/@goodfood_aroundtheworld\"],\"description\":\"GoodFood l\u00e0 nh\u00e0 nh\u1eadp kh\u1ea9u v\u00e0 ph\u00e2n ph\u1ed1i th\u1ef1c ph\u1ea9m cao c\u1ea5p, nguy\u00ean li\u1ec7u pha ch\u1ebf, nguy\u00ean li\u1ec7u l\u00e0m b\u00e1nh cho nh\u00e0 h\u00e0ng kh\u00e1ch s\u1ea1n, h\u1ec7 th\u1ed1ng F&B h\u00e0ng \u0111\u1ea7u Vi\u1ec7t Nam\",\"email\":\"info@goodfood.com.vn\",\"telephone\":\"0916172642\",\"legalName\":\"C\u00d4NG TY TNHH TH\u1ef0C PH\u1ea8M T\u1ed0T L\u00c0NH\",\"foundingDate\":\"2003-09-26\",\"vatID\":\"0303085267\",\"taxID\":\"0303085267\",\"numberOfEmployees\":{\"@type\":\"QuantitativeValue\",\"minValue\":\"501\",\"maxValue\":\"1000\"},\"publishingPrinciples\":\"https:\\\/\\\/goodfood.com.vn\\\/dieu-khoan-su-dung\\\/\",\"ownershipFundingInfo\":\"https:\\\/\\\/goodfood.com.vn\\\/dieu-khoan-su-dung\\\/\",\"ethicsPolicy\":\"https:\\\/\\\/goodfood.com.vn\\\/dieu-khoan-su-dung\\\/\"}]}<\/script>\n<!-- \/ Yoast SEO Premium plugin. -->","yoast_head_json":{"title":"\u0110i\u1ec1u kho\u1ea3n s\u1eed d\u1ee5ng - GoodFood Vietnam","description":"\u0110i\u1ec1u kho\u1ea3n s\u1eed d\u1ee5ng d\u00e0nh cho ng\u01b0\u1eddi d\u00f9ng s\u1eed d\u1ee5ng website ho\u1eb7c c\u00e1c d\u1ecbch v\u1ee5 li\u00ean quan c\u1ee7a GoodFood - C\u00f4ng ty TNHH Th\u1ef1c Ph\u1ea9m T\u1ed1t L\u00e0nh","robots":{"index":"index","follow":"follow","max-snippet":"max-snippet:-1","max-image-preview":"max-image-preview:large","max-video-preview":"max-video-preview:-1"},"canonical":"https:\/\/goodfood.com.vn\/en\/dieu-khoan-su-dung\/","og_locale":"en_US","og_type":"article","og_title":"\u0110i\u1ec1u kho\u1ea3n s\u1eed d\u1ee5ng","og_description":"\u0110i\u1ec1u kho\u1ea3n s\u1eed d\u1ee5ng d\u00e0nh cho ng\u01b0\u1eddi d\u00f9ng s\u1eed d\u1ee5ng website ho\u1eb7c c\u00e1c d\u1ecbch v\u1ee5 li\u00ean quan c\u1ee7a GoodFood - C\u00f4ng ty TNHH Th\u1ef1c Ph\u1ea9m T\u1ed1t L\u00e0nh","og_url":"https:\/\/goodfood.com.vn\/en\/dieu-khoan-su-dung\/","og_site_name":"GoodFood Vietnam","article_publisher":"https:\/\/www.facebook.com\/GoodFoodVN194","article_modified_time":"2025-03-27T07:07:17+00:00","twitter_card":"summary_large_image","twitter_misc":{"Est. reading time":"11 minutes"},"schema":{"@context":"https:\/\/schema.org","@graph":[{"@type":"WebPage","@id":"https:\/\/goodfood.com.vn\/dieu-khoan-su-dung\/","url":"https:\/\/goodfood.com.vn\/dieu-khoan-su-dung\/","name":"\u0110i\u1ec1u kho\u1ea3n s\u1eed d\u1ee5ng - GoodFood Vietnam","isPartOf":{"@id":"https:\/\/goodfood.com.vn\/#website"},"primaryImageOfPage":{"@id":"https:\/\/goodfood.com.vn\/dieu-khoan-su-dung\/#primaryimage"},"image":{"@id":"https:\/\/goodfood.com.vn\/dieu-khoan-su-dung\/#primaryimage"},"thumbnailUrl":"https:\/\/goodfood.com.vn\/wp-content\/uploads\/goodfood-logo-no-tagline-favicon-512x512-1.svg","datePublished":"2025-03-16T18:33:17+00:00","dateModified":"2025-03-27T07:07:17+00:00","description":"\u0110i\u1ec1u kho\u1ea3n s\u1eed d\u1ee5ng d\u00e0nh cho ng\u01b0\u1eddi d\u00f9ng s\u1eed d\u1ee5ng website ho\u1eb7c c\u00e1c d\u1ecbch v\u1ee5 li\u00ean quan c\u1ee7a GoodFood - C\u00f4ng ty TNHH Th\u1ef1c Ph\u1ea9m T\u1ed1t L\u00e0nh","breadcrumb":{"@id":"https:\/\/goodfood.com.vn\/dieu-khoan-su-dung\/#breadcrumb"},"inLanguage":"en-US","potentialAction":[{"@type":"ReadAction","target":["https:\/\/goodfood.com.vn\/dieu-khoan-su-dung\/"]}]},{"@type":"ImageObject","inLanguage":"en-US","@id":"https:\/\/goodfood.com.vn\/dieu-khoan-su-dung\/#primaryimage","url":"https:\/\/goodfood.com.vn\/wp-content\/uploads\/goodfood-logo-no-tagline-favicon-512x512-1.svg","contentUrl":"https:\/\/goodfood.com.vn\/wp-content\/uploads\/goodfood-logo-no-tagline-favicon-512x512-1.svg","width":512,"height":512},{"@type":"BreadcrumbList","@id":"https:\/\/goodfood.com.vn\/dieu-khoan-su-dung\/#breadcrumb","itemListElement":[{"@type":"ListItem","position":1,"name":"Trang ch\u1ee7","item":"https:\/\/goodfood.com.vn\/"},{"@type":"ListItem","position":2,"name":"\u0110i\u1ec1u kho\u1ea3n s\u1eed d\u1ee5ng"}]},{"@type":"WebSite","@id":"https:\/\/goodfood.com.vn\/#website","url":"https:\/\/goodfood.com.vn\/","name":"GoodFood Vietnam","description":"From Around The World","publisher":{"@id":"https:\/\/goodfood.com.vn\/#organization"},"alternateName":"C\u00f4ng ty TNHH Th\u1ef1c Ph\u1ea9m T\u1ed1t L\u00e0nh","potentialAction":[{"@type":"SearchAction","target":{"@type":"EntryPoint","urlTemplate":"https:\/\/goodfood.com.vn\/?s={search_term_string}"},"query-input":{"@type":"PropertyValueSpecification","valueRequired":true,"valueName":"search_term_string"}}],"inLanguage":"en-US"},{"@type":"Organization","@id":"https:\/\/goodfood.com.vn\/#organization","name":"GoodFood Vietnam","alternateName":"C\u00f4ng ty TNHH Th\u1ef1c Ph\u1ea9m T\u1ed1t L\u00e0nh","url":"https:\/\/goodfood.com.vn\/","logo":{"@type":"ImageObject","inLanguage":"en-US","@id":"https:\/\/goodfood.com.vn\/#\/schema\/logo\/image\/","url":"https:\/\/goodfood.com.vn\/wp-content\/uploads\/goodfood-logo-no-tagline-favicon-512x512-1.svg","contentUrl":"https:\/\/goodfood.com.vn\/wp-content\/uploads\/goodfood-logo-no-tagline-favicon-512x512-1.svg","width":512,"height":512,"caption":"GoodFood Vietnam"},"image":{"@id":"https:\/\/goodfood.com.vn\/#\/schema\/logo\/image\/"},"sameAs":["https:\/\/www.facebook.com\/GoodFoodVN194","https:\/\/vn.linkedin.com\/company\/goodfoodvietnam","https:\/\/www.tiktok.com\/@goodfood_aroundtheworld"],"description":"GoodFood l\u00e0 nh\u00e0 nh\u1eadp kh\u1ea9u v\u00e0 ph\u00e2n ph\u1ed1i th\u1ef1c ph\u1ea9m cao c\u1ea5p, nguy\u00ean li\u1ec7u pha ch\u1ebf, nguy\u00ean li\u1ec7u l\u00e0m b\u00e1nh cho nh\u00e0 h\u00e0ng kh\u00e1ch s\u1ea1n, h\u1ec7 th\u1ed1ng F&B h\u00e0ng \u0111\u1ea7u Vi\u1ec7t Nam","email":"info@goodfood.com.vn","telephone":"0916172642","legalName":"C\u00d4NG TY TNHH TH\u1ef0C PH\u1ea8M T\u1ed0T L\u00c0NH","foundingDate":"2003-09-26","vatID":"0303085267","taxID":"0303085267","numberOfEmployees":{"@type":"QuantitativeValue","minValue":"501","maxValue":"1000"},"publishingPrinciples":"https:\/\/goodfood.com.vn\/dieu-khoan-su-dung\/","ownershipFundingInfo":"https:\/\/goodfood.com.vn\/dieu-khoan-su-dung\/","ethicsPolicy":"https:\/\/goodfood.com.vn\/dieu-khoan-su-dung\/"}]}},"_links":{"self":[{"href":"https:\/\/goodfood.com.vn\/en\/wp-json\/wp\/v2\/pages\/17","targetHints":{"allow":["GET"]}}],"collection":[{"href":"https:\/\/goodfood.com.vn\/en\/wp-json\/wp\/v2\/pages"}],"about":[{"href":"https:\/\/goodfood.com.vn\/en\/wp-json\/wp\/v2\/types\/page"}],"author":[{"embeddable":true,"href":"https:\/\/goodfood.com.vn\/en\/wp-json\/wp\/v2\/users\/1"}],"replies":[{"embeddable":true,"href":"https:\/\/goodfood.com.vn\/en\/wp-json\/wp\/v2\/comments?post=17"}],"version-history":[{"count":1,"href":"https:\/\/goodfood.com.vn\/en\/wp-json\/wp\/v2\/pages\/17\/revisions"}],"predecessor-version":[{"id":1047,"href":"https:\/\/goodfood.com.vn\/en\/wp-json\/wp\/v2\/pages\/17\/revisions\/1047"}],"wp:featuredmedia":[{"embeddable":true,"href":"https:\/\/goodfood.com.vn\/en\/wp-json\/wp\/v2\/media\/1309"}],"wp:attachment":[{"href":"https:\/\/goodfood.com.vn\/en\/wp-json\/wp\/v2\/media?parent=17"}],"curies":[{"name":"wp","href":"https:\/\/api.w.org\/{rel}","templated":true}]}}